{"id":1514,"date":"2020-09-07T18:09:02","date_gmt":"2020-09-07T16:09:02","guid":{"rendered":"https:\/\/www.fas-northafrica.com\/?page_id=1514"},"modified":"2024-04-24T02:05:37","modified_gmt":"2024-04-24T00:05:37","slug":"rego-catlogues","status":"publish","type":"page","link":"https:\/\/www.fas-northafrica.com\/fr\/rego-catlogues\/","title":{"rendered":"REGO CATALOGUES"},"content":{"rendered":"\n<figure class=\"wp-block-image\"><a href=\"https:\/\/www.fas-northafrica.com\/wp-content\/uploads\/2024\/04\/2019_L-102_Catalog-min.pdf\"><img loading=\"lazy\" width=\"1024\" height=\"137\" src=\"https:\/\/www.fas-northafrica.com\/wp-content\/uploads\/2020\/09\/REGO-1024x137.jpg\" alt=\"REGO LPG Valves 1519C4   \tAA3130UA250   \tA3217AR160   \n948\t15774-1     \tAA3130UA265   \tA3217AR210   \n970\tAA1582MH     \t3131G     \tA3217AR260   \n970\tAA1582MK     \tT3131G     \tA3217AR410   \n1286\tAA1582ML     \t3132G     \tA3217AR510   \n1300\tAA1582MW     \tMV3132G      \tA3217DAL160  \n1328\t1584VH     \tT3132G     \tA3217DAL210  \n1331\tAA1584VH     \tW3132G      \tA3217DAL260  \n1332\t1584VL      \t3133G     \tA3217DAL410  \n1708\tAA1584VL      \t3135G     \tA3217DAL510  \nA2137       \tX1584VL     \tAA3135UA250   \tA3217DAR160  \n2139\t1584VN     \tAA3135UA265   \tA3217DAR210  \n2411\tX1584VN     \t3139-18     \tA3217DAR260  \n2962\tAA1584VW    \t3139-26     \tA3217DAR410  \n3120\t1586VH     \t3139-38     \tA3217DAR510  \n3121\tAA1586VH     \t3144-91     \tA3219FA400L   \n3146\t1586VL      \t3144-9P     \tA3219FA600L   \nA3146       \tAA1586VL      \t3146S*     \tA3219RT     \nTSS3169      \tX1586VL     \tA3149G      \t3226A-3    \n3170\t1586VN     \tA3149L200    \t3272E   \n3171\tX1586VN     \tA3149L55     \t3272F   \n3175\tAA1586VW    \t3165C      \t3272G  \nA3175       \t1588VH     \t3165CF*     \tA3272G   \n3176\t1588VL      \t3165CF12 0  \tA3276BC*     \nA3176       \tX1588VL     \t3165S      \t3282A   \n3181\t1588VN     \t3165SF12 0   \t3282B   \n3185\tX1588VN     \tTA3169F12 0    \t3282C   \nA3185       \t2070C0      \t3171A      \tA3282C   \nA3186       \t2071-L25 7    \t3174-91     \t3292A   \n3191\t2071-L39 7    \t3174-93     \tA3292A  \n3195\tA2137A     \t3174-9P     \t3292B   \nA3195       \t2139A      \t3174C      \tA3292B   \nA3196       \tA2141A10     \t3175A      \tA3292C   \n5547\tA2141A16     \tA3175A     \tA3400L4      \n5575\tA2141A6     \t3175B      \tA3400L6      \n5576\tA2141A6L**    \t3175P      \tLV3403B4     \n5807\tA2141A8     \t3179B      \tLV3403B4V0    \n5808\tA2141A8L**    \t3180C      \tLV3403B4V3    \n5820\t2302-31  \t3181A      \tLV3403B4V9    \n5828\t2434-2**    \t3183AC     \tLV3403TR     \n5832\t2434A \tA3184-8R     \tLV3403TRV9    \n6010\t2434A-2*     \t3184-90     \tA3500L4      \nAA6010       \t2503-19  \tA3184-90     \tA3500N4     \n6016\t2503-22  \t3188A      \tA3500P4     \nAA6016       \tA2697-20R    \t3188B      \tA3500R6     \n6024\tA2697-20R    \t3188C      \tA3500T6      \nAA6024       \t2723C      \tA3194-8R     \tA3500V6     \n7177\tA2797-20R    \t3194-9      \t3705RC     \n7188\tA2797-20R    \t3194-90     \tLV404B34     \n7574\tA2805C      \tA3194-90     \tLV404B34V9    \n7576\t2884D      \t3194C      \tLV404B39     \n7576\t2906A      \t3195-50     \tLV404B39V9    \n7579\t2906D      \t3197C      \tLV404B4     \nA7794       \t2906E      \tA3198S     \tLV404B46     \nA7796       \t2906F      \t3199W      \tLV404B46V9    \nA8060       \t2906G     \t3199W      \tLV404B4V9     \nA8150       \t302S      \t3199W      \tLV404B9     \nA8400       \t302V      \t3200C      \tLV404B96     \nA8523       \t302V9      \t3200L      \tLV404B96V9    \nA8525       \t302V9LS   \tA3209D050    \tLV404B9V9     \n8556      28\t3119A      \tA3209D080    \tLV404Y9      \n12472\t3125L      \tA3209DT050   \tLV4403-400     \n12802\tAA3126L030    \tA3209DT080   \tLV4403B4     \n12982\tAA3126L250    \tA3211D080   \tLV4403B46    \n10538P      \tAA3126L312    \tA3211D110    \tLV4403B46R*   \n1212 KIT    21\t3127G     \tA3212R105    \tLV4403B66    \n1224WA    \t3127G     \tA3212R175    \tLV4403B66R*   \n12982G     \t3127H      \tA3212R250    \tLV4403B66RA  \n1316WA    \t3127J      \tA3212RT105   \tLV4403B66RAB** \n1318WA    \t3127K      \tA3212RT175   \tLV4403SR4     \n1350E   \t3127K      \tA3212RT250   \tLV4403SR9     \n1350R   \t3127L      \tA3213R150    \tLV4403SR96    \n1450E \t3127P      \tA3213R200    \tLV4403TR4     \n1450R \t3127U      \tA3213R300    \tLV4403TR9     \n1494-1      \t3129G     \tA3213R400    \tLV4403TR96    \n1519A2   \t3129G     \tA3213RT150   \tLV4403Y4      \nA1519A2  \t3129H      \tA3213RT200   \tLV4403Y46R*    \n1519A3   \t3129J      \tA3213RT300   \tA4500Y8     \n1519A4   \t3129K      \tA3213RT400   \tLV5503B4     \nA1519A4  \t3129K      \tA3217AL160   \tLV5503B6     \nA1519A6 \t3129L      \tA3217AL210   \tLV5503B8     \n1519B4 \t3129P      \tA3217AL260   \tLV5503G4     \nA1519B4\t3129U      \tA3217AL410   \tLV5503Y6      \n1519C2\tAA3130A250    \tA3217AL510   \tLV5503Y8      DA12:D85\n\" class=\"wp-image-1525\" srcset=\"https:\/\/www.fas-northafrica.com\/wp-content\/uploads\/2020\/09\/REGO-1024x137.jpg 1024w, https:\/\/www.fas-northafrica.com\/wp-content\/uploads\/2020\/09\/REGO-300x40.jpg 300w, https:\/\/www.fas-northafrica.com\/wp-content\/uploads\/2020\/09\/REGO-768x102.jpg 768w, https:\/\/www.fas-northafrica.com\/wp-content\/uploads\/2020\/09\/REGO.jpg 1064w\" sizes=\"(max-width: 709px) 85vw, (max-width: 909px) 67vw, (max-width: 1362px) 62vw, 840px\" \/><\/a><\/figure>\n\n\n\n<div class=\"wp-block-file\"><a id=\"wp-block-file--media-03e13dc7-5f29-425a-a345-5f5ea0619975\" href=\"https:\/\/www.fas-northafrica.com\/wp-content\/uploads\/2020\/09\/FAS-REGO-LPG-PRESSURE-REGULATOR.pdf\">FAS-REGO-LPG-PRESSURE-REGULATOR<\/a><a href=\"https:\/\/www.fas-northafrica.com\/wp-content\/uploads\/2020\/09\/FAS-REGO-LPG-PRESSURE-REGULATOR.pdf\" class=\"wp-block-file__button\" download aria-describedby=\"wp-block-file--media-03e13dc7-5f29-425a-a345-5f5ea0619975\">Download <\/a><\/div>\n\n\n\n<div class=\"wp-block-file\"><a id=\"wp-block-file--media-fdebe3d9-e98e-4b61-942e-80d5a9e5e77f\" href=\"https:\/\/www.fas-northafrica.com\/wp-content\/uploads\/2020\/09\/FAS-REGO-VALVES.pdf\">FAS REGO VALVES<\/a><a href=\"https:\/\/www.fas-northafrica.com\/wp-content\/uploads\/2020\/09\/FAS-REGO-VALVES.pdf\" class=\"wp-block-file__button\" download aria-describedby=\"wp-block-file--media-fdebe3d9-e98e-4b61-942e-80d5a9e5e77f\"> <strong>DOWNLOAD <\/strong> <\/a><\/div>\n\n\n\n<div class=\"wp-block-file\"><a id=\"wp-block-file--media-5df1cfcd-48c7-44ef-99fd-d8193e03edc5\" href=\"https:\/\/www.fas-northafrica.com\/wp-content\/uploads\/2020\/09\/FAS-REGO-MULTIVALVES.pdf\">FAS REGO MULTIVALVES<\/a><a href=\"https:\/\/www.fas-northafrica.com\/wp-content\/uploads\/2020\/09\/FAS-REGO-MULTIVALVES.pdf\" class=\"wp-block-file__button\" download aria-describedby=\"wp-block-file--media-5df1cfcd-48c7-44ef-99fd-d8193e03edc5\"> <strong>DOWNLOAD <\/strong> <\/a><\/div>\n\n\n\n<div class=\"wp-block-file\"><a id=\"wp-block-file--media-32f81ccf-01e4-455f-87c4-672e84746081\" href=\"https:\/\/www.fas-northafrica.com\/wp-content\/uploads\/2020\/09\/FAS-REGO-Pressure-Relief-Valves.pdf\">FAS REGO Pressure Relief Valves<\/a><a href=\"https:\/\/www.fas-northafrica.com\/wp-content\/uploads\/2020\/09\/FAS-REGO-Pressure-Relief-Valves.pdf\" class=\"wp-block-file__button\" download aria-describedby=\"wp-block-file--media-32f81ccf-01e4-455f-87c4-672e84746081\"> <strong>DOWNLOAD <\/strong> <\/a><\/div>\n\n\n\n<div class=\"wp-block-file\"><a id=\"wp-block-file--media-79aedb3a-9c01-4aa8-8f37-74643ac3320d\" href=\"https:\/\/www.fas-northafrica.com\/wp-content\/uploads\/2020\/09\/FAS-REGO-GLOBE-ANGLE-VALVES.pdf\">FAS REGO GLOBE ANGLE VALVES<\/a><a href=\"https:\/\/www.fas-northafrica.com\/wp-content\/uploads\/2020\/09\/FAS-REGO-GLOBE-ANGLE-VALVES.pdf\" class=\"wp-block-file__button\" download aria-describedby=\"wp-block-file--media-79aedb3a-9c01-4aa8-8f37-74643ac3320d\"> <strong>DOWNLOAD <\/strong> <\/a><\/div>\n\n\n\n<div class=\"wp-block-file\"><a id=\"wp-block-file--media-030c991c-9f94-43da-96b5-2f358150da8a\" href=\"https:\/\/www.fas-northafrica.com\/wp-content\/uploads\/2020\/09\/FAS-REGO-Excess-Flow-Check-Filler-VALVES.pdf\">FAS REGO Excess Flow, Check, Filler VALVES<\/a><a href=\"https:\/\/www.fas-northafrica.com\/wp-content\/uploads\/2020\/09\/FAS-REGO-Excess-Flow-Check-Filler-VALVES.pdf\" class=\"wp-block-file__button\" download aria-describedby=\"wp-block-file--media-030c991c-9f94-43da-96b5-2f358150da8a\"> <strong>DOWNLOAD <\/strong> <\/a><\/div>\n\n\n\n<div class=\"wp-block-file\"><a id=\"wp-block-file--media-a1f76ff5-cd07-40af-993f-0eb8f9a1dedc\" href=\"https:\/\/www.fas-northafrica.com\/wp-content\/uploads\/2020\/09\/FAS-REGO-Internal-Valves-and-Accessories.pdf\">FAS REGO Internal Valves and Accessories<\/a><a href=\"https:\/\/www.fas-northafrica.com\/wp-content\/uploads\/2020\/09\/FAS-REGO-Internal-Valves-and-Accessories.pdf\" class=\"wp-block-file__button\" download aria-describedby=\"wp-block-file--media-a1f76ff5-cd07-40af-993f-0eb8f9a1dedc\"> <strong>DOWNLOAD <\/strong> <\/a><\/div>\n\n\n\n<div class=\"wp-block-file\"><a id=\"wp-block-file--media-e871892b-3b9f-458c-907e-ae455c852931\" href=\"https:\/\/www.fas-northafrica.com\/wp-content\/uploads\/2020\/09\/L-102.pdf\"> LP-Gas &#038; Anhydrous Ammonia Equipment  <\/a><a href=\"https:\/\/www.fas-northafrica.com\/wp-content\/uploads\/2020\/09\/L-102.pdf\" class=\"wp-block-file__button\" download aria-describedby=\"wp-block-file--media-e871892b-3b9f-458c-907e-ae455c852931\">DOWNLOAD<\/a><\/div>\n\n\n\n<figure class=\"wp-block-image is-style-default\"><a href=\"https:\/\/www.fas-northafrica.com\/wp-content\/uploads\/2024\/04\/2019_L-102_Catalog-min.pdf\"><img loading=\"lazy\" width=\"1024\" height=\"396\" src=\"https:\/\/www.fas-northafrica.com\/wp-content\/uploads\/2020\/09\/FAS-LPG-REGO-SOLUTIONS-1024x396.jpg\" alt=\". 302\t1519C4   \tAA3130UA250   \tA3217AR160   \n948\t15774-1     \tAA3130UA265   \tA3217AR210   \n970\tAA1582MH     \t3131G     \tA3217AR260   \n970\tAA1582MK     \tT3131G     \tA3217AR410   \n1286\tAA1582ML     \t3132G     \tA3217AR510   \n1300\tAA1582MW     \tMV3132G      \tA3217DAL160  \n1328\t1584VH     \tT3132G     \tA3217DAL210  \n1331\tAA1584VH     \tW3132G      \tA3217DAL260  \n1332\t1584VL      \t3133G     \tA3217DAL410  \n1708\tAA1584VL      \t3135G     \tA3217DAL510  \nA2137       \tX1584VL     \tAA3135UA250   \tA3217DAR160  \n2139\t1584VN     \tAA3135UA265   \tA3217DAR210  \n2411\tX1584VN     \t3139-18     \tA3217DAR260  \n2962\tAA1584VW    \t3139-26     \tA3217DAR410  \n3120\t1586VH     \t3139-38     \tA3217DAR510  \n3121\tAA1586VH     \t3144-91     \tA3219FA400L   \n3146\t1586VL      \t3144-9P     \tA3219FA600L   \nA3146       \tAA1586VL      \t3146S*     \tA3219RT     \nTSS3169      \tX1586VL     \tA3149G      \t3226A-3    \n3170\t1586VN     \tA3149L200    \t3272E   \n3171\tX1586VN     \tA3149L55     \t3272F   \n3175\tAA1586VW    \t3165C      \t3272G  \nA3175       \t1588VH     \t3165CF*     \tA3272G   \n3176\t1588VL      \t3165CF12 0  \tA3276BC*     \nA3176       \tX1588VL     \t3165S      \t3282A   \n3181\t1588VN     \t3165SF12 0   \t3282B   \n3185\tX1588VN     \tTA3169F12 0    \t3282C   \nA3185       \t2070C0      \t3171A      \tA3282C   \nA3186       \t2071-L25 7    \t3174-91     \t3292A   \n3191\t2071-L39 7    \t3174-93     \tA3292A  \n3195\tA2137A     \t3174-9P     \t3292B   \nA3195       \t2139A      \t3174C      \tA3292B   \nA3196       \tA2141A10     \t3175A      \tA3292C   \n5547\tA2141A16     \tA3175A     \tA3400L4      \n5575\tA2141A6     \t3175B      \tA3400L6      \n5576\tA2141A6L**    \t3175P      \tLV3403B4     \n5807\tA2141A8     \t3179B      \tLV3403B4V0    \n5808\tA2141A8L**    \t3180C      \tLV3403B4V3    \n5820\t2302-31  \t3181A      \tLV3403B4V9    \n5828\t2434-2**    \t3183AC     \tLV3403TR     \n5832\t2434A \tA3184-8R     \tLV3403TRV9    \n6010\t2434A-2*     \t3184-90     \tA3500L4      \nAA6010       \t2503-19  \tA3184-90     \tA3500N4     \n6016\t2503-22  \t3188A      \tA3500P4     \nAA6016       \tA2697-20R    \t3188B      \tA3500R6     \n6024\tA2697-20R    \t3188C      \tA3500T6      \nAA6024       \t2723C      \tA3194-8R     \tA3500V6     \n7177\tA2797-20R    \t3194-9      \t3705RC     \n7188\tA2797-20R    \t3194-90     \tLV404B34     \n7574\tA2805C      \tA3194-90     \tLV404B34V9    \n7576\t2884D      \t3194C      \tLV404B39     \n7576\t2906A      \t3195-50     \tLV404B39V9    \n7579\t2906D      \t3197C      \tLV404B4     \nA7794       \t2906E      \tA3198S     \tLV404B46     \nA7796       \t2906F      \t3199W      \tLV404B46V9    \nA8060       \t2906G     \t3199W      \tLV404B4V9     \nA8150       \t302S      \t3199W      \tLV404B9     \nA8400       \t302V      \t3200C      \tLV404B96     \nA8523       \t302V9      \t3200L      \tLV404B96V9    \nA8525       \t302V9LS   \tA3209D050    \tLV404B9V9     \n8556      28\t3119A      \tA3209D080    \tLV404Y9      \n12472\t3125L      \tA3209DT050   \tLV4403-400     \n12802\tAA3126L030    \tA3209DT080   \tLV4403B4     \n12982\tAA3126L250    \tA3211D080   \tLV4403B46    \n10538P      \tAA3126L312    \tA3211D110    \tLV4403B46R*   \n1212 KIT    21\t3127G     \tA3212R105    \tLV4403B66    \n1224WA    \t3127G     \tA3212R175    \tLV4403B66R*   \n12982G     \t3127H      \tA3212R250    \tLV4403B66RA  \n1316WA    \t3127J      \tA3212RT105   \tLV4403B66RAB** \n1318WA    \t3127K      \tA3212RT175   \tLV4403SR4     \n1350E   \t3127K      \tA3212RT250   \tLV4403SR9     \n1350R   \t3127L      \tA3213R150    \tLV4403SR96    \n1450E \t3127P      \tA3213R200    \tLV4403TR4     \n1450R \t3127U      \tA3213R300    \tLV4403TR9     \n1494-1      \t3129G     \tA3213R400    \tLV4403TR96    \n1519A2   \t3129G     \tA3213RT150   \tLV4403Y4      \nA1519A2  \t3129H      \tA3213RT200   \tLV4403Y46R*    \n1519A3   \t3129J      \tA3213RT300   \tA4500Y8     \n1519A4   \t3129K      \tA3213RT400   \tLV5503B4     \nA1519A4  \t3129K      \tA3217AL160   \tLV5503B6     \nA1519A6 \t3129L      \tA3217AL210   \tLV5503B8     \n1519B4 \t3129P      \tA3217AL260   \tLV5503G4     \nA1519B4\t3129U      \tA3217AL410   \tLV5503Y6      \n1519C2\tAA3130A250    \tA3217AL510   \tLV5503Y8      DA12:D85\n\" class=\"wp-image-1527\" srcset=\"https:\/\/www.fas-northafrica.com\/wp-content\/uploads\/2020\/09\/FAS-LPG-REGO-SOLUTIONS-1024x396.jpg 1024w, https:\/\/www.fas-northafrica.com\/wp-content\/uploads\/2020\/09\/FAS-LPG-REGO-SOLUTIONS-300x116.jpg 300w, https:\/\/www.fas-northafrica.com\/wp-content\/uploads\/2020\/09\/FAS-LPG-REGO-SOLUTIONS-768x297.jpg 768w, https:\/\/www.fas-northafrica.com\/wp-content\/uploads\/2020\/09\/FAS-LPG-REGO-SOLUTIONS-1200x464.jpg 1200w, https:\/\/www.fas-northafrica.com\/wp-content\/uploads\/2020\/09\/FAS-LPG-REGO-SOLUTIONS.jpg 1846w\" sizes=\"(max-width: 709px) 85vw, (max-width: 909px) 67vw, (max-width: 1362px) 62vw, 840px\" \/><\/a><\/figure>\n\n\n\n<p><a href=\"https:\/\/www.fas-northafrica.com\/wp-content\/uploads\/2024\/04\/L-102-rego.pdf\">Clapet de fond<\/a>, Jauge rotative,<a href=\"https:\/\/www.fas-northafrica.com\/wp-content\/uploads\/2024\/04\/CG-500.pdf\"> Soupape de s\u00e9curit\u00e9 GPL<\/a>, <a href=\"https:\/\/www.fas-northafrica.com\/wp-content\/uploads\/2024\/04\/L-500-rego.pdf\">Multiport pour cuves, <\/a>r\u00e9servoirs cigare et sph\u00e8re GPL<\/p>\n\n\n\n<p><\/p>\n\n\n\n<figure class=\"wp-block-embed is-type-video is-provider-youtube wp-block-embed-youtube wp-embed-aspect-16-9 wp-has-aspect-ratio\"><div class=\"wp-block-embed__wrapper\">\n<iframe loading=\"lazy\" title=\"RegO Bulk Storage Solutions\" width=\"840\" height=\"473\" src=\"https:\/\/www.youtube.com\/embed\/wtDejVMLj60?feature=oembed\" frameborder=\"0\" allow=\"accelerometer; autoplay; clipboard-write; encrypted-media; gyroscope; picture-in-picture; web-share\" referrerpolicy=\"strict-origin-when-cross-origin\" allowfullscreen><\/iframe>\n<\/div><\/figure>\n\n\n\n<p><a href=\"https:\/\/www.fas-northafrica.com\/index.php\/contact\/\">Request for quota<strong>tion<\/strong><\/a><\/p>\n\n\n\n<p><\/p>\n","protected":false},"excerpt":{"rendered":"<p>Clapet de fond, Jauge rotative, Soupape de s\u00e9curit\u00e9 GPL, Multiport pour cuves, r\u00e9servoirs cigare et sph\u00e8re GPL Request for quotation<\/p>\n","protected":false},"author":2,"featured_media":0,"parent":0,"menu_order":0,"comment_status":"closed","ping_status":"closed","template":"","meta":[],"_links":{"self":[{"href":"https:\/\/www.fas-northafrica.com\/fr\/wp-json\/wp\/v2\/pages\/1514"}],"collection":[{"href":"https:\/\/www.fas-northafrica.com\/fr\/wp-json\/wp\/v2\/pages"}],"about":[{"href":"https:\/\/www.fas-northafrica.com\/fr\/wp-json\/wp\/v2\/types\/page"}],"author":[{"embeddable":true,"href":"https:\/\/www.fas-northafrica.com\/fr\/wp-json\/wp\/v2\/users\/2"}],"replies":[{"embeddable":true,"href":"https:\/\/www.fas-northafrica.com\/fr\/wp-json\/wp\/v2\/comments?post=1514"}],"version-history":[{"count":12,"href":"https:\/\/www.fas-northafrica.com\/fr\/wp-json\/wp\/v2\/pages\/1514\/revisions"}],"predecessor-version":[{"id":2258,"href":"https:\/\/www.fas-northafrica.com\/fr\/wp-json\/wp\/v2\/pages\/1514\/revisions\/2258"}],"wp:attachment":[{"href":"https:\/\/www.fas-northafrica.com\/fr\/wp-json\/wp\/v2\/media?parent=1514"}],"curies":[{"name":"wp","href":"https:\/\/api.w.org\/{rel}","templated":true}]}}