{"id":1539,"date":"2020-09-07T18:41:27","date_gmt":"2020-09-07T16:41:27","guid":{"rendered":"https:\/\/www.fas-northafrica.com\/?page_id=1539"},"modified":"2025-03-09T06:34:31","modified_gmt":"2025-03-09T05:34:31","slug":"lpg-skid-mounted-lpg-filling-stations","status":"publish","type":"page","link":"https:\/\/www.fas-northafrica.com\/fr\/products\/lpg-cylinder-filling-plant\/lpg-skid-mounted-lpg-filling-stations\/","title":{"rendered":"LPG Skid Mounted-LPG Filling Stations"},"content":{"rendered":"\n<h1><img loading=\"lazy\" width=\"450\" height=\"400\" class=\"wp-image-412\" style=\"width: 650px;\" src=\"https:\/\/www.fas-northafrica.com\/wp-content\/uploads\/2019\/07\/TS_FAS130-LPM101.jpg\" alt=\"\" srcset=\"https:\/\/www.fas-northafrica.com\/wp-content\/uploads\/2019\/07\/TS_FAS130-LPM101.jpg 450w, https:\/\/www.fas-northafrica.com\/wp-content\/uploads\/2019\/07\/TS_FAS130-LPM101-300x267.jpg 300w\" sizes=\"(max-width: 450px) 85vw, 450px\" \/><\/h1>\n\n\n\n<h2>Features<\/h2>\n\n\n\n<ul><li>Applied for 20 and 40 feet containers.<\/li><li>Easy and fast way to fill the cylinders.<\/li><li>Low-cost and full-capacity filling plant.<\/li><\/ul>\n\n\n\n<h3>Capacity : Filling Capacity up to 800 cylinders per hour.<\/h3>\n\n\n\n<h3>Main Equipments<\/h3>\n\n\n\n<ul><li>From 4 and up to 8 cylinder filling machines.<\/li><li>Electronic leak detector.<\/li><li>Shrinking machine.<\/li><li>Default cylinder discharging unit.<\/li><li>Electronic Check Control.<\/li><li>Chain conveyors and roller conveyors.<\/li><li>LPG Pump.<\/li><li>Fire fighting system.<\/li><li>LPG supply hose.<\/li><li>Ex-proof Electrical panel.<\/li><\/ul>\n\n\n\n<p>The LPG skid station put all the Pump system, electrical system, safety system, pipe system, filling scale, and LPG dispenser together if required, and mounted on the skid base.<strong>Standard features:<\/strong><br>1. Minimum Installation Area.<br>2. Can be shipped in 20 and 40feet container.<br>3. Low Investments and low maintenance Cost.<br>4. Transportable, compact system on the Skid.<br>5. Ex-proof electrical execution.<br>6. Safety execution included.<br>7. Possibility to compose the system as complete unit with all required safety fittings.<br>8. Additionally available with Auto gas filling station<\/p>\n\n\n\n<p><strong>Equipments installed on filling skids:<\/strong><br>1. From 4 and up to 8 cylinder filling machines.<br>2. Electronic leak detector.<br>3. Shrinking machine.<br>4. Default cylinder evacuation unit.<br>5. Electronic Check Control.<br>6. Chain conveyors and roller conveyors.<br>7. LPG Pump.<br>8. Firefighting system.<br>9. LPG  hose.<br>10. Ex-proof Electrical panel.<\/p>\n\n\n\n<p><strong>LPG Pump Skids:<\/strong><\/p>\n\n\n\n<p>The LPG Pump Skid is offered to transfer liquid LPG at a required stable flowrate and pressure to any of storage tank, tanker, LPG vaporizers or LPG\/Air blending systems. LPG pumping skid forms the heart of any liquid transfer, vaporization or LPG \/ Air blending process. FAS uses a positive displacement regenerative turbine pump for standard applications.<br>Centrifugal or Vanes are available and provided for special applications.<br> The pump casing includes an integral by-pass relief valve to eliminate the potential for over pressurizing the pump. The pump skid includes a by-pass line, by-pass relief valve, check valves, pressure gauge. Each pump package is supplied with an explosion proof electric motor and Is designed the grade of protection: Ex d IIB T4.<\/p>\n\n\n\n<p><strong>Application of LPG Pump Skids:<\/strong><br>1. Underground &#038; aboveground autogas dispensing unit<br>2. Multiple cylinder filling stations.<br>3. LPG Road tanker &#038; Storage tank Loading \/ Unloading operation. <\/p>\n\n\n\n<p><\/p>\n\n\n\n<h2>LPG Loading-Unloading&nbsp;Skid&nbsp;Applications:<\/h2>\n\n\n\n<ul><li>Loading or Unloading of Tanker Trucks and Railcars;<\/li><li>Pipeline Terminal Truck Loading and Unloading Skids;<\/li><li>Blending and Metering Skid Systems;<\/li><li>Multi-Station Loading and Unloading Systems;<\/li><li>Proving and Calibration of Metering Skid Systems.<\/li><\/ul>\n\n\n\n<h2>LPG- Loading-Unloading Skid&nbsp;Components:&nbsp;<\/h2>\n\n\n\n<ul><li>Static Ground Monitoring;<\/li><li>RTD with Thermo-well;<\/li><li>Basket in-line strainer with pressure differential indication;<\/li><li>Custody Transfer Flow Meter;<\/li><li>Meets all government safety and regulatory standards and certifications;<\/li><li>Flow Control Valve;<\/li><li>Integrated Automation Controls;<\/li><li>Fully Customized HMI (human machine interface) controls;<\/li><li>Pressure Safety Relief Valve;<\/li><li>Pressure indicator;<\/li><li>Drain connections with manual ball valves.<\/li><\/ul>\n\n\n\n<h2>LPG-Loading-Unloading&nbsp;Skid Optional Features:<\/h2>\n\n\n\n<ul><li>Loading Arm with Safety loading Gangway;<\/li><li>Vapor recovery lines;<\/li><li>Overflow monitoring and level switch;<\/li><li>Densitometer;<\/li><li>Non-slip skid frame and plate decking coating;<\/li><li>Prover connections;<\/li><li>Double Block and Bleed (DB&#038;B) valve;<\/li><li>Push button actuated ESD (emergency stop device) valve;<\/li><li>Pressure Transmitter with LCD Display;<\/li><li>Extended Equipment Warranties;<\/li><li>Start-up\/Commissioning;<\/li><li>Temperature Transmitter with LCD Display.<\/li><\/ul>\n\n\n\n<h2><strong>LPG Loading-Unloading&nbsp;Industry Standards:<\/strong><\/h2>\n\n\n\n<ul><li>Pipe fabrication to ASME Section IX standards B31.3, B31.4;<\/li><li>Pipe fabrication to ASME standards;<\/li><li>Structural steel designed to AWS standards;<\/li><li>Pressure vessel ASME standards.<\/li><\/ul>\n\n\n\n<p>Our products are exported to Africa ( Nigeria, Ghana, Zimbabwe , Libya, Soudan, Cote d&rsquo;ivoire, S\u00e9n\u00e9gal, Burkina, Mali, cam\u00e9roun) , and more countries<\/p>\n\n\n\n<p><a href=\"https:\/\/www.fas-northafrica.com\/wp-content\/uploads\/2024\/04\/FAS_Catalogue_E-V7_2024.pdf\">Our Full Catalog <\/a><\/p>\n\n\n\n<p><a href=\"https:\/\/www.fas-northafrica.com\/index.php\/contact\/\">Request for quotation<\/a><\/p>\n\n\n\n<p><\/p>\n","protected":false},"excerpt":{"rendered":"<p>Features Applied for 20 and 40 feet containers. Easy and fast way to fill the cylinders. Low-cost and full-capacity filling plant. Capacity : Filling Capacity up to 800 cylinders per hour. Main Equipments From 4 and up to 8 cylinder filling machines. Electronic leak detector. Shrinking machine. Default cylinder discharging unit. Electronic Check Control. Chain &hellip; <a href=\"https:\/\/www.fas-northafrica.com\/fr\/products\/lpg-cylinder-filling-plant\/lpg-skid-mounted-lpg-filling-stations\/\" class=\"more-link\">Continuer la lecture<span class=\"screen-reader-text\"> de &laquo;&nbsp;LPG Skid Mounted-LPG Filling Stations&nbsp;&raquo;<\/span><\/a><\/p>\n","protected":false},"author":2,"featured_media":0,"parent":405,"menu_order":3,"comment_status":"closed","ping_status":"closed","template":"","meta":[],"_links":{"self":[{"href":"https:\/\/www.fas-northafrica.com\/fr\/wp-json\/wp\/v2\/pages\/1539"}],"collection":[{"href":"https:\/\/www.fas-northafrica.com\/fr\/wp-json\/wp\/v2\/pages"}],"about":[{"href":"https:\/\/www.fas-northafrica.com\/fr\/wp-json\/wp\/v2\/types\/page"}],"author":[{"embeddable":true,"href":"https:\/\/www.fas-northafrica.com\/fr\/wp-json\/wp\/v2\/users\/2"}],"replies":[{"embeddable":true,"href":"https:\/\/www.fas-northafrica.com\/fr\/wp-json\/wp\/v2\/comments?post=1539"}],"version-history":[{"count":10,"href":"https:\/\/www.fas-northafrica.com\/fr\/wp-json\/wp\/v2\/pages\/1539\/revisions"}],"predecessor-version":[{"id":3051,"href":"https:\/\/www.fas-northafrica.com\/fr\/wp-json\/wp\/v2\/pages\/1539\/revisions\/3051"}],"up":[{"embeddable":true,"href":"https:\/\/www.fas-northafrica.com\/fr\/wp-json\/wp\/v2\/pages\/405"}],"wp:attachment":[{"href":"https:\/\/www.fas-northafrica.com\/fr\/wp-json\/wp\/v2\/media?parent=1539"}],"curies":[{"name":"wp","href":"https:\/\/api.w.org\/{rel}","templated":true}]}}