{"id":2578,"date":"2025-03-15T03:41:05","date_gmt":"2025-03-15T02:41:05","guid":{"rendered":"https:\/\/www.fas-northafrica.com\/fr\/?page_id=2578"},"modified":"2025-03-15T03:41:05","modified_gmt":"2025-03-15T02:41:05","slug":"filtration-des-carburants","status":"publish","type":"page","link":"https:\/\/www.fas-northafrica.com\/fr\/products\/lpg-road-tanker-equipment\/filtration-des-carburants\/","title":{"rendered":"FILTRATION\u00a0DES CARBURANTS"},"content":{"rendered":"\n<h1><\/h1>\n\n\n\n<p>Nous commercialisons une gamme \u00e9tendue de produits \u00e0 la pointe de l\u2019innovation pour la filtration des carburants sur l\u2019ensemble de la chaine logistique, de la raffinerie au r\u00e9servoir des a\u00e9ronefs.<\/p>\n\n\n\n<figure class=\"wp-block-image\"><img src=\"https:\/\/www.avifil.fr\/wp-content\/uploads\/2021\/04\/fw6.jpg\" alt=\"fw6\" class=\"wp-image-438\"\/><\/figure>\n\n\n\n<h2>CORPS DE FILTRES<\/h2>\n\n\n\n<p>Stationnaires ou mobiles, ce sont des \u00ab&nbsp;syst\u00e8mes de filtrations&nbsp;\u00bb de haute qualit\u00e9 pour la gestion des contaminants des carbur\u00e9acteurs. Coalesceurs s\u00e9parateurs d\u2019eau pour filtrer les solides et \u00e9liminer l\u2019eau, filtres d\u2019argile pour les tensioactifs, colorants et additifs, filtres \u00e0 panier&nbsp; pour une pr\u00e9filtration grossi\u00e8re, microfiltres et filtres Dirt Defense pour la filtration en continu des solides (particules, s\u00e9diments, poussi\u00e8res\u2026).  Nos produits  sont con\u00e7us selon les normes et r\u00e9glementations en vigueur pour l\u2019aviation civile, militaire et g\u00e9n\u00e9rale.<\/p>\n\n\n\n<figure class=\"wp-block-image is-resized\"><img loading=\"lazy\" src=\"https:\/\/img.aeroexpo.online\/fr\/images_ar\/photo-g\/168870-12731243.jpg\" alt=\"Filtre pour carburant - ACO Series - Parker Aerospace Filtration Division |  Velcon Busi - \u00e0 cartouche \/ pour a\u00e9ronef\" width=\"578\" height=\"578\"\/><figcaption>\u00c9L\u00c9MENTS FILTRANTS POUR JET A1<\/figcaption><\/figure>\n\n\n\n<h2>\u00c9L\u00c9MENTS FILTRANTS<\/h2>\n\n\n\n<p>Les \u00e9l\u00e9ments filtrants r\u00e9pondent aux standards de l\u2019aviation. Coalesceurs et s\u00e9parateurs sont utilis\u00e9s dans les filtres s\u00e9parateur d\u2019eau en premier et deuxi\u00e8me \u00e9tage de l\u2019\u00e9limination de l\u2019eau libre. En amont, les microfiltres prot\u00e8gent la dur\u00e9e de vie des \u00e9l\u00e9ments coalesceurs en \u00e9liminant efficacement les particules solides les plus fines<\/p>\n\n\n\n<figure class=\"wp-block-image\"><img src=\"https:\/\/www.avifil.fr\/wp-content\/uploads\/2021\/04\/Afguard_set_stil_green.jpg\" alt=\"Afguard_set_stil_green\" class=\"wp-image-436\"\/><\/figure>\n\n\n\n<h2>TECHNOLOGIE \u00c9LECTRONIQUE<\/h2>\n\n\n\n<p>Une gamme de syst\u00e8mes \u00e9lectroniques pour le contr\u00f4le permanent de la qualit\u00e9 du carburant et assurer la performance des process de filtration. Les capteurs d\u2019eau \u00e9lectroniques Afguard pour la mesure en ligne des teneurs en eau et Slugguard pour le contr\u00f4le des points bas. Syst\u00e8me Dpguard et contr\u00f4leur \u00e0 \u00e9cran tactile pour la mesure de la pression diff\u00e9rentielle lors du ravitaillement et du niveau de contamination des carburants. Commutateurs DP et Emetteur DP pour g\u00e9rer la pression diff\u00e9rentielle des carburants et les flux lors du ravitaillement.<\/p>\n","protected":false},"excerpt":{"rendered":"<p>Nous commercialisons une gamme \u00e9tendue de produits \u00e0 la pointe de l\u2019innovation pour la filtration des carburants sur l\u2019ensemble de la chaine logistique, de la raffinerie au r\u00e9servoir des a\u00e9ronefs. CORPS DE FILTRES Stationnaires ou mobiles, ce sont des \u00ab&nbsp;syst\u00e8mes de filtrations&nbsp;\u00bb de haute qualit\u00e9 pour la gestion des contaminants des carbur\u00e9acteurs. Coalesceurs s\u00e9parateurs d\u2019eau &hellip; <a href=\"https:\/\/www.fas-northafrica.com\/fr\/products\/lpg-road-tanker-equipment\/filtration-des-carburants\/\" class=\"more-link\">Continuer la lecture<span class=\"screen-reader-text\"> de &laquo;&nbsp;FILTRATION\u00a0DES CARBURANTS&nbsp;&raquo;<\/span><\/a><\/p>\n","protected":false},"author":2,"featured_media":0,"parent":490,"menu_order":1,"comment_status":"closed","ping_status":"closed","template":"","meta":[],"_links":{"self":[{"href":"https:\/\/www.fas-northafrica.com\/fr\/wp-json\/wp\/v2\/pages\/2578"}],"collection":[{"href":"https:\/\/www.fas-northafrica.com\/fr\/wp-json\/wp\/v2\/pages"}],"about":[{"href":"https:\/\/www.fas-northafrica.com\/fr\/wp-json\/wp\/v2\/types\/page"}],"author":[{"embeddable":true,"href":"https:\/\/www.fas-northafrica.com\/fr\/wp-json\/wp\/v2\/users\/2"}],"replies":[{"embeddable":true,"href":"https:\/\/www.fas-northafrica.com\/fr\/wp-json\/wp\/v2\/comments?post=2578"}],"version-history":[{"count":5,"href":"https:\/\/www.fas-northafrica.com\/fr\/wp-json\/wp\/v2\/pages\/2578\/revisions"}],"predecessor-version":[{"id":3028,"href":"https:\/\/www.fas-northafrica.com\/fr\/wp-json\/wp\/v2\/pages\/2578\/revisions\/3028"}],"up":[{"embeddable":true,"href":"https:\/\/www.fas-northafrica.com\/fr\/wp-json\/wp\/v2\/pages\/490"}],"wp:attachment":[{"href":"https:\/\/www.fas-northafrica.com\/fr\/wp-json\/wp\/v2\/media?parent=2578"}],"curies":[{"name":"wp","href":"https:\/\/api.w.org\/{rel}","templated":true}]}}