{"id":312,"date":"2019-07-24T00:11:13","date_gmt":"2019-07-23T22:11:13","guid":{"rendered":"https:\/\/www.fas-northafrica.com\/?page_id=312"},"modified":"2024-05-01T23:25:11","modified_gmt":"2024-05-01T21:25:11","slug":"products","status":"publish","type":"page","link":"https:\/\/www.fas-northafrica.com\/fr\/products\/","title":{"rendered":"Produits"},"content":{"rendered":"[vc_row full_width=\u00a0\u00bbstretch_row_content_no_spaces\u00a0\u00bb][vc_column][rev_slider_vc alias=\u00a0\u00bbslider-home-fr\u00a0\u00bb][\/vc_column][\/vc_row][vc_row full_width=\u00a0\u00bbstretch_row_content\u00a0\u00bb css_animation=\u00a0\u00bbappear\u00a0\u00bb css=\u00a0\u00bb.vc_custom_1563875661609{padding-right: 100px !important;padding-left: 100px !important;}\u00a0\u00bb][vc_column][vc_column_text]\n<h3 class=\"wow pulse\" style=\"box-sizing: border-box; padding-top: 30px; margin-bottom: 0.5rem; font-family: 'Poppins Bold'; font-weight: 500; line-height: 1.2; color: #2e2e2e; font-size: 26.03px; visibility: visible; animation-duration: 2s; text-align: center;\" data-wow-duration=\"2s\"><span style=\"font-size: 18pt; font-family: Poppins; font-weight: bold; font-style: normal; color: #333333;\">NOS PRODUITS<\/span><\/h3>\n<p style=\"text-align: center; box-sizing: border-box; margin-bottom: 1rem; font-family: 'Poppins'; font-size: 12pt;\"><span style=\"box-sizing: border-box; font-size: 12pt;\"><span style=\"box-sizing: border-box; color: #2e2e2e;\">FAS est un fabricant \u00e0 grande \u00e9chelle de produits GPL tels que des unit\u00e9s de pompe et de compresseur, des stations de bras de chargement, des vaporisateurs et des syst\u00e8mes SNG. FAS fabrique \u00e9galement des \u00e9quipements pour camions-citernes, des unit\u00e9s de mesure, des distributeurs de GPL, des stations de remplissage d&rsquo;auto-gaz et de bouteilles, des unit\u00e9s d&rsquo;\u00e9vacuation, des g\u00e9n\u00e9rateurs, des vannes, des r\u00e9gulateurs, des raccords et des \u00e9quipements de r\u00e9servoirs domestiques.<br \/>\nDepuis 50 ans, FAS est un fabricant et fournisseur \u00e9tabli de stations de remplissage compl\u00e8tes pour les gaz liqu\u00e9fi\u00e9s, tels que le propane \/ butane, l&rsquo;ammoniac anhydre, le dioxyde de carbone, le chlore, les agents r\u00e9frig\u00e9rants et autres.<\/span><\/span><\/p>\n[\/vc_column_text][\/vc_column][\/vc_row][vc_row full_width=\u00a0\u00bbstretch_row_content\u00a0\u00bb css_animation=\u00a0\u00bbzoomIn\u00a0\u00bb css=\u00a0\u00bb.vc_custom_1563875425490{padding-right: 100px !important;padding-left: 100px !important;}\u00a0\u00bb][vc_column width=\u00a0\u00bb1\/4&Prime;]<div class=\"ult-content-box-container \" >\t\t<div class=\"ult-content-box\" style=\"-webkit-transition: all 700ms ease;-moz-transition: all 700ms ease;-ms-transition: all 700ms ease;-o-transition: all 700ms ease;transition: all 700ms ease;\"    >[vc_single_image image=\u00a0\u00bb116&Prime; img_size=\u00a0\u00bbmedium\u00a0\u00bb alignment=\u00a0\u00bbcenter\u00a0\u00bb style=\u00a0\u00bbvc_box_border\u00a0\u00bb onclick=\u00a0\u00bbcustom_link\u00a0\u00bb css_animation=\u00a0\u00bbnone\u00a0\u00bb link=\u00a0\u00bb#\u00a0\u00bb][vc_column_text]\n<p id=\"box-text\" class=\"wow tada\" style=\"text-align: center;\" data-wow-duration=\"2s\"><span style=\"font-size: 10pt; color: #333333;\"><strong><span style=\"font-family: Poppins; font-style: normal;\"><a style=\"color: #333333;\" href=\"https:\/\/www.fas-northafrica.com\/fr\/produits\/lpg-cylinder-filling\/\">REMPLISSAGE DU CYLINDRE GPL<br \/>\nSTATIONS &#038; USINE<\/a><\/span><\/strong><\/span><\/p>\n[\/vc_column_text]\t\t<\/div><\/div>[\/vc_column][vc_column width=\u00a0\u00bb1\/4&Prime;][vc_single_image image=\u00a0\u00bb119&Prime; img_size=\u00a0\u00bbmedium\u00a0\u00bb alignment=\u00a0\u00bbcenter\u00a0\u00bb style=\u00a0\u00bbvc_box_border\u00a0\u00bb onclick=\u00a0\u00bbcustom_link\u00a0\u00bb link=\u00a0\u00bb#\u00a0\u00bb][vc_column_text]\n<p id=\"box-text\" class=\"wow tada\" style=\"text-align: center;\" data-wow-duration=\"2s\"><span style=\"font-size: 10pt; color: #333333;\"><strong><span style=\"font-family: Poppins; font-style: normal;\"><a style=\"color: #333333;\" href=\"https:\/\/www.fas-northafrica.com\/fr\/products\/sng-mixing-systems\/\">SYST\u00c8MES DE M\u00c9LANGE SNG<\/a><\/span><\/strong><\/span><\/p>\n[\/vc_column_text][\/vc_column][vc_column width=\u00a0\u00bb1\/4&Prime;][vc_single_image image=\u00a0\u00bb117&Prime; img_size=\u00a0\u00bbmedium\u00a0\u00bb alignment=\u00a0\u00bbcenter\u00a0\u00bb style=\u00a0\u00bbvc_box_border\u00a0\u00bb onclick=\u00a0\u00bbcustom_link\u00a0\u00bb link=\u00a0\u00bb#\u00a0\u00bb][vc_column_text]\n<p id=\"box-text\" class=\"wow tada\" style=\"text-align: center;\" data-wow-duration=\"2s\"><span style=\"font-size: 10pt; color: #333333;\"><strong><span style=\"font-family: Poppins; font-style: normal;\"><a style=\"color: #333333;\" href=\"https:\/\/www.fas-northafrica.com\/fr\/Unloading-and-Offloading-Equipment\/\">\u00c9QUIPEMENT DE D\u00c9CHARGEMENT<\/a><\/span><\/strong><\/span><\/p>\n[\/vc_column_text][\/vc_column][vc_column width=\u00a0\u00bb1\/4&Prime;][vc_single_image image=\u00a0\u00bb110&Prime; img_size=\u00a0\u00bbmedium\u00a0\u00bb alignment=\u00a0\u00bbcenter\u00a0\u00bb style=\u00a0\u00bbvc_box_border\u00a0\u00bb onclick=\u00a0\u00bbcustom_link\u00a0\u00bb link=\u00a0\u00bb#\u00a0\u00bb][vc_column_text]\n<p id=\"box-text\" class=\"wow tada\" style=\"text-align: center;\" data-wow-duration=\"2s\"><span style=\"font-size: 10pt; color: #333333;\"><strong><span style=\"font-family: Poppins; font-style: normal;\"><a style=\"color: #333333;\" href=\"https:\/\/www.fas-northafrica.com\/fr\/produits\/metering-units\/\">UNIT\u00c9S DE MESURE<\/a><\/span><\/strong><\/span><\/p>\n[\/vc_column_text][\/vc_column][\/vc_row][vc_row full_width=\u00a0\u00bbstretch_row_content\u00a0\u00bb css_animation=\u00a0\u00bbzoomIn\u00a0\u00bb css=\u00a0\u00bb.vc_custom_1563875441122{padding-right: 100px !important;padding-left: 100px !important;}\u00a0\u00bb][vc_column width=\u00a0\u00bb1\/4&Prime;]<div class=\"ult-content-box-container \" >\t\t<div class=\"ult-content-box\" style=\"-webkit-transition: all 700ms ease;-moz-transition: all 700ms ease;-ms-transition: all 700ms ease;-o-transition: all 700ms ease;transition: all 700ms ease;\"    >[vc_single_image image=\u00a0\u00bb112&Prime; img_size=\u00a0\u00bbmedium\u00a0\u00bb alignment=\u00a0\u00bbcenter\u00a0\u00bb style=\u00a0\u00bbvc_box_border\u00a0\u00bb onclick=\u00a0\u00bbcustom_link\u00a0\u00bb link=\u00a0\u00bb#\u00a0\u00bb][vc_column_text]\n<p id=\"box-text\" class=\"wow tada\" style=\"text-align: center;\" data-wow-duration=\"2s\"><span style=\"font-size: 10pt; color: #333333;\"><strong><span style=\"font-family: Poppins; font-style: normal;\"><a style=\"color: #333333;\" href=\"https:\/\/www.fas-northafrica.com\/fr\/products\/lpg-pumps\">POMPES GPL<\/a><\/span><\/strong><\/span><\/p>\n[\/vc_column_text]\t\t<\/div><\/div>[\/vc_column][vc_column width=\u00a0\u00bb1\/4&Prime;][vc_single_image image=\u00a0\u00bb113&Prime; img_size=\u00a0\u00bbmedium\u00a0\u00bb alignment=\u00a0\u00bbcenter\u00a0\u00bb style=\u00a0\u00bbvc_box_border\u00a0\u00bb onclick=\u00a0\u00bbcustom_link\u00a0\u00bb link=\u00a0\u00bb#\u00a0\u00bb][vc_column_text]\n<p id=\"box-text\" class=\"wow tada\" style=\"text-align: center;\" data-wow-duration=\"2s\"><span style=\"font-size: 10pt; color: #333333;\"><strong><span style=\"font-family: Poppins; font-style: normal;\"><a style=\"color: #333333;\" href=\"https:\/\/www.fas-northafrica.com\/fr\/produits\/compresseur-lpg\/\">COMPRESSEURS GPL<\/a><\/span><\/strong><\/span><\/p>\n[\/vc_column_text][\/vc_column][vc_column width=\u00a0\u00bb1\/4&Prime;][vc_single_image image=\u00a0\u00bb114&Prime; img_size=\u00a0\u00bbmedium\u00a0\u00bb alignment=\u00a0\u00bbcenter\u00a0\u00bb style=\u00a0\u00bbvc_box_border\u00a0\u00bb onclick=\u00a0\u00bbcustom_link\u00a0\u00bb link=\u00a0\u00bb#\u00a0\u00bb][vc_column_text]\n<p id=\"box-text\" class=\"wow tada\" style=\"text-align: center;\" data-wow-duration=\"2s\"><a href=\"https:\/\/www.fas-northafrica.com\/products\/aircraft-and-aviation-fuel-equipment\/\"><span style=\"font-size: 10pt; color: #333333;\"><strong><span style=\"font-family: Poppins; font-style: normal;\">\u00a0<a style=\"color: #333333;\" href=\"https:\/\/www.fas-northafrica.com\/products\/aircraft-and-aviation-fuel-equipment\/\">AIRCRAFT AND AVIATION FUEL EQUIPMENT<\/a>\u00a0<\/span><\/strong><\/span><\/a><\/p>\n[\/vc_column_text][\/vc_column][vc_column width=\u00a0\u00bb1\/4&Prime;][vc_single_image image=\u00a0\u00bb115&Prime; img_size=\u00a0\u00bbmedium\u00a0\u00bb alignment=\u00a0\u00bbcenter\u00a0\u00bb style=\u00a0\u00bbvc_box_border\u00a0\u00bb onclick=\u00a0\u00bbcustom_link\u00a0\u00bb link=\u00a0\u00bb#\u00a0\u00bb][vc_column_text]\n<p id=\"box-text\" class=\"wow tada\" style=\"text-align: center;\" data-wow-duration=\"2s\"><span style=\"font-size: 10pt; color: #333333;\"><strong><span style=\"font-family: Poppins; font-style: normal;\"><a style=\"color: #333333;\" href=\"https:\/\/www.fas-northafrica.com\/fr\/produits\/lpg-road-tanker-equipment\/\">\u00c9QUIPEMENT DE CITERNE ROUTI\u00c8RE GPL<\/a><\/span><\/strong><\/span><\/p>\n[\/vc_column_text][\/vc_column][\/vc_row][vc_row full_width=\u00a0\u00bbstretch_row_content\u00a0\u00bb css_animation=\u00a0\u00bbzoomIn\u00a0\u00bb css=\u00a0\u00bb.vc_custom_1563875458542{padding-right: 100px !important;padding-left: 100px !important;}\u00a0\u00bb][vc_column width=\u00a0\u00bb1\/4&Prime;]<div class=\"ult-content-box-container \" >\t\t<div class=\"ult-content-box\" style=\"-webkit-transition: all 700ms ease;-moz-transition: all 700ms ease;-ms-transition: all 700ms ease;-o-transition: all 700ms ease;transition: all 700ms ease;\"    >[vc_single_image image=\u00a0\u00bb109&Prime; img_size=\u00a0\u00bbmedium\u00a0\u00bb alignment=\u00a0\u00bbcenter\u00a0\u00bb style=\u00a0\u00bbvc_box_border\u00a0\u00bb onclick=\u00a0\u00bbcustom_link\u00a0\u00bb link=\u00a0\u00bb#\u00a0\u00bb][vc_column_text]\n<p id=\"box-text\" class=\"wow tada\" style=\"text-align: center;\" data-wow-duration=\"2s\"><span style=\"font-size: 10pt; color: #333333;\"><strong><span style=\"font-family: Poppins; font-style: normal;\"><a style=\"color: #333333;\" href=\"https:\/\/www.fas-northafrica.com\/fr\/products\/lpg-dispenser\/\">DISTRIBUTEUR DE GPL<\/a><\/span><\/strong><\/span><\/p>\n[\/vc_column_text]\t\t<\/div><\/div>[\/vc_column][vc_column width=\u00a0\u00bb1\/4&Prime;][vc_single_image image=\u00a0\u00bb118&Prime; img_size=\u00a0\u00bbmedium\u00a0\u00bb alignment=\u00a0\u00bbcenter\u00a0\u00bb style=\u00a0\u00bbvc_box_border\u00a0\u00bb onclick=\u00a0\u00bbcustom_link\u00a0\u00bb link=\u00a0\u00bb#\u00a0\u00bb][vc_column_text]\n<p id=\"box-text\" class=\"wow tada\" style=\"text-align: center;\" data-wow-duration=\"2s\"><span style=\"font-size: 10pt; color: #333333;\"><strong><span style=\"font-family: Poppins; font-style: normal;\"><a style=\"color: #333333;\" href=\"https:\/\/www.fas-northafrica.com\/fr\/products\/tank-accessories\">ACCESSOIRES DE R\u00c9SERVOIR<\/a><\/span><\/strong><\/span><\/p>\n[\/vc_column_text][\/vc_column][vc_column width=\u00a0\u00bb1\/4&Prime;][vc_single_image image=\u00a0\u00bb883&Prime; img_size=\u00a0\u00bbmedium\u00a0\u00bb alignment=\u00a0\u00bbcenter\u00a0\u00bb style=\u00a0\u00bbvc_box_border\u00a0\u00bb onclick=\u00a0\u00bbcustom_link\u00a0\u00bb link=\u00a0\u00bb#\u00a0\u00bb][vc_column_text]\n<p id=\"box-text\" class=\"wow tada\" style=\"text-align: center;\" data-wow-duration=\"2s\"><span style=\"font-size: 10pt; color: #333333;\"><strong><span style=\"font-family: Poppins; font-style: normal;\"><a style=\"color: #333333;\" href=\"https:\/\/www.fas-northafrica.com\/fr\/products\/container-filling-plans\/\">USINE DE REMPLISSAGE DE CONTENEURS<\/a><\/span><\/strong><\/span><\/p>\n[\/vc_column_text][\/vc_column][vc_column width=\u00a0\u00bb1\/4&Prime;][vc_single_image image=\u00a0\u00bb896&Prime; img_size=\u00a0\u00bbmedium\u00a0\u00bb alignment=\u00a0\u00bbcenter\u00a0\u00bb style=\u00a0\u00bbvc_box_border\u00a0\u00bb onclick=\u00a0\u00bbcustom_link\u00a0\u00bb link=\u00a0\u00bb#\u00a0\u00bb][vc_column_text]\n<p id=\"box-text\" class=\"wow tada\" style=\"text-align: center;\" data-wow-duration=\"2s\"><span style=\"font-size: 10pt; color: #333333;\"><strong><span style=\"font-family: Poppins; font-style: normal;\"><a style=\"color: #333333;\" href=\"https:\/\/www.fas-northafrica.com\/fr\/products\/cylinder-filling-plant\/\">USINE DE REMPLISSAGE DE CYLINDRES<\/a><\/span><\/strong><\/span><\/p>\n[\/vc_column_text][\/vc_column][\/vc_row]\n","protected":false},"excerpt":{"rendered":"<p>[vc_row full_width=\u00a0\u00bbstretch_row_content_no_spaces\u00a0\u00bb][vc_column][rev_slider_vc alias=\u00a0\u00bbslider-home-fr\u00a0\u00bb][\/vc_column][\/vc_row][vc_row full_width=\u00a0\u00bbstretch_row_content\u00a0\u00bb css_animation=\u00a0\u00bbappear\u00a0\u00bb css=\u00a0\u00bb.vc_custom_1563875661609{padding-right: 100px !important;padding-left: 100px !important;}\u00a0\u00bb][vc_column][vc_column_text] NOS PRODUITS FAS est un fabricant \u00e0 grande \u00e9chelle de produits GPL tels que des unit\u00e9s de pompe et de compresseur, des stations de bras de chargement, des vaporisateurs et des syst\u00e8mes SNG. FAS fabrique \u00e9galement des \u00e9quipements pour camions-citernes, des unit\u00e9s de mesure, des &hellip; <a href=\"https:\/\/www.fas-northafrica.com\/fr\/products\/\" class=\"more-link\">Continuer la lecture<span class=\"screen-reader-text\"> de &laquo;&nbsp;Produits&nbsp;&raquo;<\/span><\/a><\/p>\n","protected":false},"author":1,"featured_media":0,"parent":0,"menu_order":0,"comment_status":"closed","ping_status":"closed","template":"","meta":[],"_links":{"self":[{"href":"https:\/\/www.fas-northafrica.com\/fr\/wp-json\/wp\/v2\/pages\/312"}],"collection":[{"href":"https:\/\/www.fas-northafrica.com\/fr\/wp-json\/wp\/v2\/pages"}],"about":[{"href":"https:\/\/www.fas-northafrica.com\/fr\/wp-json\/wp\/v2\/types\/page"}],"author":[{"embeddable":true,"href":"https:\/\/www.fas-northafrica.com\/fr\/wp-json\/wp\/v2\/users\/1"}],"replies":[{"embeddable":true,"href":"https:\/\/www.fas-northafrica.com\/fr\/wp-json\/wp\/v2\/comments?post=312"}],"version-history":[{"count":70,"href":"https:\/\/www.fas-northafrica.com\/fr\/wp-json\/wp\/v2\/pages\/312\/revisions"}],"predecessor-version":[{"id":2539,"href":"https:\/\/www.fas-northafrica.com\/fr\/wp-json\/wp\/v2\/pages\/312\/revisions\/2539"}],"wp:attachment":[{"href":"https:\/\/www.fas-northafrica.com\/fr\/wp-json\/wp\/v2\/media?parent=312"}],"curies":[{"name":"wp","href":"https:\/\/api.w.org\/{rel}","templated":true}]}}