{"id":3127,"date":"2025-10-11T20:34:03","date_gmt":"2025-10-11T18:34:03","guid":{"rendered":"https:\/\/www.fas-northafrica.com\/fr\/?page_id=3127"},"modified":"2025-10-15T22:05:41","modified_gmt":"2025-10-15T20:05:41","slug":"auto-draft-2","status":"publish","type":"page","link":"https:\/\/www.fas-northafrica.com\/fr\/auto-draft-2\/","title":{"rendered":"Auto Draft"},"content":{"rendered":"[vc_row][vc_column][vc_column_text]\n<figure id=\"block-378c9b44-b874-4cdc-ae49-e33863ba730d\" class=\"block-editor-block-list__block wp-block wp-block-image\" tabindex=\"0\" role=\"document\" aria-label=\"Block: Image\" data-block=\"378c9b44-b874-4cdc-ae49-e33863ba730d\" data-type=\"core\/image\" data-title=\"Image\">\n<div class=\"components-resizable-box__container\">\n<p><img src=\"https:\/\/www.fas-northafrica.com\/wp-content\/uploads\/2025\/10\/image.png\" alt=\"P\u00e2tes d\u00e9tectrices d\u2018eau et indicatrices d\u2019hydrocarbures\" \/><\/p>\n<div><\/div>\n<\/div>\n<div class=\"components-drop-zone\" data-is-drop-zone=\"true\"><\/div>\n<\/figure>\n<p id=\"block-e534638c-5904-4424-ab19-daba9abae74b\" class=\"block-editor-rich-text__editable block-editor-block-list__block wp-block wp-block-paragraph rich-text\" tabindex=\"0\" role=\"document\" contenteditable=\"true\" aria-multiline=\"true\" aria-label=\"Paragraph block\" data-block=\"e534638c-5904-4424-ab19-daba9abae74b\" data-type=\"core\/paragraph\" data-title=\"Paragraph\" data-empty=\"false\">\n<p id=\"block-8e04fbb8-9f48-4d05-8d35-cd701f03ee6e\" class=\"block-editor-rich-text__editable block-editor-block-list__block wp-block wp-block-paragraph rich-text\" tabindex=\"0\" role=\"document\" contenteditable=\"true\" aria-multiline=\"true\" aria-label=\"Paragraph block\" data-block=\"8e04fbb8-9f48-4d05-8d35-cd701f03ee6e\" data-type=\"core\/paragraph\" data-title=\"Paragraph\" data-empty=\"false\">\n<p id=\"block-fb9bb0fa-a4b2-497d-ab9f-18f75c74a192\" class=\"block-editor-rich-text__editable block-editor-block-list__block wp-block wp-block-paragraph rich-text\" tabindex=\"0\" role=\"document\" contenteditable=\"true\" aria-multiline=\"true\" aria-label=\"Paragraph block\" data-block=\"fb9bb0fa-a4b2-497d-ab9f-18f75c74a192\" data-type=\"core\/paragraph\" data-title=\"Paragraph\" data-empty=\"false\"><strong><u>P\u00e2tes d\u00e9tectrices d\u2019eau :<\/u><\/strong><\/p>\n<p id=\"block-ca2f06d8-04c2-4e1a-8910-0db4d7f34087\" class=\"block-editor-rich-text__editable block-editor-block-list__block wp-block wp-block-paragraph rich-text\" tabindex=\"0\" role=\"document\" contenteditable=\"true\" aria-multiline=\"true\" aria-label=\"Paragraph block\" data-block=\"ca2f06d8-04c2-4e1a-8910-0db4d7f34087\" data-type=\"core\/paragraph\" data-title=\"Paragraph\" data-empty=\"false\">Ces diff\u00e9rentes p\u00e2tes s\u2019appliquent sur le\u00a0ruban\u00a0ou\u00a0sabre de jaugeage, elles changent de couleur au contact de l\u2019eau, permettant de localiser efficacement la limite produit \/ eau et la phase eau + ethanol pour la p\u00e2te sp\u00e9cifique aux carburants \u00e0 base d\u2019ethanol.<\/p>\n<p id=\"block-122627f5-4ae2-4724-bf85-3c53ceec05a3\" class=\"block-editor-rich-text__editable block-editor-block-list__block wp-block wp-block-paragraph rich-text\" tabindex=\"0\" role=\"document\" contenteditable=\"true\" aria-multiline=\"true\" aria-label=\"Paragraph block\" data-block=\"122627f5-4ae2-4724-bf85-3c53ceec05a3\" data-type=\"core\/paragraph\" data-title=\"Paragraph\" data-empty=\"false\">facile \u00e0 utiliser il suffit de faire un cordon de p\u00e2te WATER FINDER 45 ml ou KOLOR KUT \u00a0sur un b\u00e2ton , introduire le b\u00e2ton \u00a0jusqu&rsquo;au fond \u00a0de la citerne, la p\u00e2te VECOM change de couleur en pr\u00e9sence d&rsquo;eau et vous indique la hauteur d&rsquo;eau pr\u00e9sente dans votre cuve \u00e0 mazout<\/p>\n<p id=\"block-d1c2eb84-7c1a-4cda-92b7-cba848b05ea0\" class=\"block-editor-rich-text__editable block-editor-block-list__block wp-block wp-block-paragraph rich-text\" tabindex=\"0\" role=\"document\" contenteditable=\"true\" aria-multiline=\"true\" aria-label=\"Paragraph block\" data-block=\"d1c2eb84-7c1a-4cda-92b7-cba848b05ea0\" data-type=\"core\/paragraph\" data-title=\"Paragraph\" data-empty=\"false\">\u00a0d\u00e9tecte imm\u00e9diatement la pr\u00e9sence d&rsquo;eau dans une citerne fiou<\/p>\n<figure id=\"block-4ffe0e00-c968-4ab1-9c70-11ee51ac6406\" class=\"block-editor-block-list__block wp-block wp-block-image is-style-default\" tabindex=\"0\" role=\"document\" aria-label=\"Block: Image\" data-block=\"4ffe0e00-c968-4ab1-9c70-11ee51ac6406\" data-type=\"core\/image\" data-title=\"Image\">\n<div class=\"components-resizable-box__container\">\n<p><img src=\"https:\/\/www.kolorkut.com\/assets\/kolor_kut_set.jpg\" alt=\"P\u00e2tes d\u00e9tectrices d\u2018eau et indicatrices d\u2019hydrocarbures\" \/><\/p>\n<div><\/div>\n<\/div>\n<div class=\"components-drop-zone\" data-is-drop-zone=\"true\"><\/div>\n<\/figure>\n<p id=\"block-4eaf046d-57c6-4bcb-972c-0828afa02e33\" class=\"block-editor-rich-text__editable block-editor-block-list__block wp-block wp-block-paragraph rich-text\" tabindex=\"0\" role=\"document\" contenteditable=\"true\" aria-multiline=\"true\" aria-label=\"Paragraph block\" data-block=\"4eaf046d-57c6-4bcb-972c-0828afa02e33\" data-type=\"core\/paragraph\" data-title=\"Paragraph\" data-empty=\"false\"><strong><u>P\u00e2tes indicatrices d\u2019hydrocarbures :<\/u><\/strong><\/p>\n<p id=\"block-beaa0f80-4046-4ec0-bf8c-76d9a0efcc89\" class=\"block-editor-rich-text__editable block-editor-block-list__block wp-block wp-block-paragraph rich-text\" tabindex=\"0\" role=\"document\" contenteditable=\"true\" aria-multiline=\"true\" aria-label=\"Paragraph block\" data-block=\"beaa0f80-4046-4ec0-bf8c-76d9a0efcc89\" data-type=\"core\/paragraph\" data-title=\"Paragraph\" data-empty=\"false\">PATE indicatrice d&rsquo;hydrocarbure qui permet de jauger le NIVEAU CARBURANT<\/p>\n<p id=\"block-5f2abbfc-e962-40d4-99df-47f29a0ca32e\" class=\"block-editor-rich-text__editable block-editor-block-list__block wp-block wp-block-paragraph rich-text\" tabindex=\"0\" role=\"document\" contenteditable=\"true\" aria-multiline=\"true\" aria-label=\"Paragraph block\" data-block=\"5f2abbfc-e962-40d4-99df-47f29a0ca32e\" data-type=\"core\/paragraph\" data-title=\"Paragraph\" data-empty=\"false\">Ces diff\u00e9rentes p\u00e2tes s&rsquo;appliquent sur le ruban, sabre ou r\u00e9glette de jaugeage.<\/p>\n<p id=\"block-ba3d3a1e-0b32-4880-aff5-756ba93a94f7\" class=\"block-editor-rich-text__editable block-editor-block-list__block wp-block wp-block-paragraph rich-text\" tabindex=\"0\" role=\"document\" contenteditable=\"true\" aria-multiline=\"true\" aria-label=\"Paragraph block\" data-block=\"ba3d3a1e-0b32-4880-aff5-756ba93a94f7\" data-type=\"core\/paragraph\" data-title=\"Paragraph\" data-empty=\"false\">Elles changent de couleur au contact du carburant, permettant de localiser efficacement la surface du produit \u00e0 jauger.<\/p>\n<p id=\"block-7fd73f6f-3523-42ba-9cbf-cd5796f04719\" class=\"block-editor-rich-text__editable block-editor-block-list__block wp-block wp-block-paragraph rich-text\" tabindex=\"0\" role=\"document\" contenteditable=\"true\" aria-multiline=\"true\" aria-label=\"Paragraph block\" data-block=\"7fd73f6f-3523-42ba-9cbf-cd5796f04719\" data-type=\"core\/paragraph\" data-title=\"Paragraph\" data-empty=\"false\">Compatibles avec les diff\u00e9rents additifs modernes<\/p>\n<p id=\"block-41ad4f62-552b-43ac-8c68-20978f034dbb\" class=\"block-editor-rich-text__editable block-editor-block-list__block wp-block wp-block-paragraph rich-text\" tabindex=\"0\" role=\"document\" contenteditable=\"true\" aria-multiline=\"true\" aria-label=\"Paragraph block\" data-block=\"41ad4f62-552b-43ac-8c68-20978f034dbb\" data-type=\"core\/paragraph\" data-title=\"Paragraph\" data-empty=\"false\">Couleur du r\u00e9actif : rouge en pr\u00e9sence des essences et huiles<\/p>\n<h3 id=\"block-84aace7c-4354-498c-900e-565e30f98b85\" class=\"block-editor-rich-text__editable block-editor-block-list__block wp-block wp-block-heading rich-text\" tabindex=\"0\" role=\"document\" contenteditable=\"true\" aria-multiline=\"true\" aria-label=\"Block: Heading\" data-block=\"84aace7c-4354-498c-900e-565e30f98b85\" data-type=\"core\/heading\" data-title=\"Heading\">En savoir plus<\/h3>\n<p id=\"block-b856cb1f-9235-455c-9d14-5753fc7cf876\" class=\"block-editor-rich-text__editable block-editor-block-list__block wp-block wp-block-paragraph rich-text\" tabindex=\"0\" role=\"document\" contenteditable=\"true\" aria-multiline=\"true\" aria-label=\"Paragraph block\" data-block=\"b856cb1f-9235-455c-9d14-5753fc7cf876\" data-type=\"core\/paragraph\" data-title=\"Paragraph\" data-empty=\"false\"><strong>Mode d&#8217;emploi : tirez un cordon de p\u00e2te de la section d&rsquo;une\u00a0alumette\u00a0sur un\u00a0m\u00e8tre pliant \u00a0et laissez-le descendre au fond du r\u00e9servoir.<\/strong><\/p>\n<p id=\"block-9dabc028-9dc7-45c1-91e9-629cf3c2f73b\" class=\"block-editor-rich-text__editable block-editor-block-list__block wp-block wp-block-paragraph rich-text\" tabindex=\"0\" role=\"document\" contenteditable=\"true\" aria-multiline=\"true\" aria-label=\"Paragraph block\" data-block=\"9dabc028-9dc7-45c1-91e9-629cf3c2f73b\" data-type=\"core\/paragraph\" data-title=\"Paragraph\" data-empty=\"false\"><strong>Directement apr\u00e8s avoir remont\u00e9 le\u00a0m\u00e8tre \u00a0le niveau peut \u00eatre d\u00e9termin\u00e9 par le changement de couleur .<\/strong><\/p>\n<p id=\"block-88644ffd-7ef4-4725-8cdd-8fb1382ac799\" class=\"block-editor-rich-text__editable block-editor-block-list__block wp-block wp-block-paragraph rich-text\" tabindex=\"0\" role=\"document\" contenteditable=\"true\" aria-multiline=\"true\" aria-label=\"Paragraph block\" data-block=\"88644ffd-7ef4-4725-8cdd-8fb1382ac799\" data-type=\"core\/paragraph\" data-title=\"Paragraph\" data-empty=\"false\"><strong>Propri\u00e9t\u00e9s: \u00a0Water Finder est une p\u00e2te de couleur rose clair, sp\u00e9cialement d\u00e9velopp\u00e9e pour mesurer pr\u00e9sence d&rsquo;eau dans le fond de la cuve .<\/strong><\/p>\n<p id=\"block-02b40042-5201-4b00-ab18-b2dc39920fc9\" class=\"block-editor-rich-text__editable block-editor-block-list__block wp-block wp-block-paragraph rich-text\" tabindex=\"0\" role=\"document\" contenteditable=\"true\" aria-multiline=\"true\" aria-label=\"Paragraph block\" data-block=\"02b40042-5201-4b00-ab18-b2dc39920fc9\" data-type=\"core\/paragraph\" data-title=\"Paragraph\" data-empty=\"false\"><strong>Les dommages caus\u00e9s par la corrosion dans les r\u00e9servoirs de stockage de fioul sont g\u00e9n\u00e9ralement caus\u00e9s par l&rsquo;eau qui se \u00a0d\u00e9pose par diff\u00e9rence d densit\u00e9 sous le mazout de chauffage.<\/strong><\/p>\n<p id=\"block-7fe45d76-a659-492a-9ab2-79ab74c889b0\" class=\"block-editor-rich-text__editable block-editor-block-list__block wp-block wp-block-paragraph rich-text\" tabindex=\"0\" role=\"document\" contenteditable=\"true\" aria-multiline=\"true\" aria-label=\"Paragraph block\" data-block=\"7fe45d76-a659-492a-9ab2-79ab74c889b0\" data-type=\"core\/paragraph\" data-title=\"Paragraph\" data-empty=\"false\"><strong>Cette eau est souvent de l&rsquo;eau de condensation, mais elle peut \u00e9galement arriver dans les r\u00e9servoirs par des couvercles de trous d&rsquo;homme mal ferm\u00e9s ou des tuyaux de ventilation mal install\u00e9s.<\/strong><\/p>\n<p id=\"block-838904e7-4806-4b01-92dd-df76cddecbc6\" class=\"block-editor-rich-text__editable block-editor-block-list__block wp-block wp-block-paragraph rich-text\" tabindex=\"0\" role=\"document\" contenteditable=\"true\" aria-multiline=\"true\" aria-label=\"Paragraph block\" data-block=\"838904e7-4806-4b01-92dd-df76cddecbc6\" data-type=\"core\/paragraph\" data-title=\"Paragraph\" data-empty=\"false\"><strong>En raison de sa densit\u00e9 plus \u00e9lev\u00e9e, l&rsquo;eau se d\u00e9pose toujours au fond du r\u00e9servoir.<\/strong><\/p>\n<p id=\"block-00414f43-3fcf-4b42-9a22-7bd5ef9d0c6f\" class=\"block-editor-rich-text__editable block-editor-block-list__block wp-block has-small-font-size wp-block-paragraph rich-text\" tabindex=\"0\" role=\"document\" contenteditable=\"true\" aria-multiline=\"true\" aria-label=\"Paragraph block\" data-block=\"00414f43-3fcf-4b42-9a22-7bd5ef9d0c6f\" data-type=\"core\/paragraph\" data-title=\"Paragraph\" data-empty=\"false\">fiche technique<object data=\"https:\/\/www.fas-northafrica.com\/wp-content\/uploads\/2025\/10\/SDS_KOLOR_KUT_Gasoilfindingpaste-1.pdf\" type=\"application\/pdf\" width=\"300\" height=\"150\" data-mce-fragment=\"1\"><\/object><a href=\"https:\/\/www.fas-northafrica.com\/wp-content\/uploads\/2025\/10\/SDS_KOLOR_KUT_Gasoilfindingpaste-1.pdf\">SDS_KOLOR_KUT_Gasoilfindingpaste-1<\/a>Download<object data=\"https:\/\/www.fas-northafrica.com\/wp-content\/uploads\/2025\/10\/SDS_KOLOR_KUT_Gasoilfindingpaste.pdf\" type=\"application\/pdf\" width=\"300\" height=\"150\" data-mce-fragment=\"1\"><\/object><a href=\"https:\/\/www.fas-northafrica.com\/wp-content\/uploads\/2025\/10\/SDS_KOLOR_KUT_Gasoilfindingpaste.pdf\">SDS_KOLOR_KUT_Gasoilfindingpaste<\/a>Download<\/p>\n<p id=\"block-0730486c-f322-4ffa-be7d-d8e7b9688efd\" class=\"block-editor-rich-text__editable block-editor-block-list__block wp-block wp-block-paragraph rich-text\" tabindex=\"0\" role=\"document\" contenteditable=\"true\" aria-multiline=\"true\" aria-label=\"Paragraph block\" data-block=\"0730486c-f322-4ffa-be7d-d8e7b9688efd\" data-type=\"core\/paragraph\" data-title=\"Paragraph\" data-empty=\"false\"><a href=\"https:\/\/www.fas-northafrica.com\/contact\/\"><em><strong data-rich-text-format-boundary=\"true\">Pour plus de renseignements, au Cameroun, cote d\u2019ivoire, Tunisie, Alg\u00e9rie, Maroc, Burkina, mali, Niger, Senegal, Congo, Guin\u00e9e, concernant nos Piges de Jaugeage<\/strong><\/em>, Sabres de Jaugeage, P\u00e2tes d\u00e9tectrices d\u2018eau et indicatrices d\u2019hydrocarbures pour l&rsquo;aviation <em><strong>n\u2019h\u00e9sitez pas \u00e0 nous contacter<\/strong><\/em><\/a><\/p>\n<p>.[\/vc_column_text][\/vc_column][\/vc_row]\n","protected":false},"excerpt":{"rendered":"<p>[vc_row][vc_column][vc_column_text] P\u00e2tes d\u00e9tectrices d\u2019eau : Ces diff\u00e9rentes p\u00e2tes s\u2019appliquent sur le\u00a0ruban\u00a0ou\u00a0sabre de jaugeage, elles changent de couleur au contact de l\u2019eau, permettant de localiser efficacement la limite produit \/ eau et la phase eau + ethanol pour la p\u00e2te sp\u00e9cifique aux carburants \u00e0 base d\u2019ethanol. facile \u00e0 utiliser il suffit de faire un cordon de &hellip; <a href=\"https:\/\/www.fas-northafrica.com\/fr\/auto-draft-2\/\" class=\"more-link\">Continuer la lecture<span class=\"screen-reader-text\"> de &laquo;&nbsp;Auto Draft&nbsp;&raquo;<\/span><\/a><\/p>\n","protected":false},"author":2,"featured_media":0,"parent":0,"menu_order":0,"comment_status":"closed","ping_status":"closed","template":"","meta":[],"_links":{"self":[{"href":"https:\/\/www.fas-northafrica.com\/fr\/wp-json\/wp\/v2\/pages\/3127"}],"collection":[{"href":"https:\/\/www.fas-northafrica.com\/fr\/wp-json\/wp\/v2\/pages"}],"about":[{"href":"https:\/\/www.fas-northafrica.com\/fr\/wp-json\/wp\/v2\/types\/page"}],"author":[{"embeddable":true,"href":"https:\/\/www.fas-northafrica.com\/fr\/wp-json\/wp\/v2\/users\/2"}],"replies":[{"embeddable":true,"href":"https:\/\/www.fas-northafrica.com\/fr\/wp-json\/wp\/v2\/comments?post=3127"}],"version-history":[{"count":3,"href":"https:\/\/www.fas-northafrica.com\/fr\/wp-json\/wp\/v2\/pages\/3127\/revisions"}],"predecessor-version":[{"id":3358,"href":"https:\/\/www.fas-northafrica.com\/fr\/wp-json\/wp\/v2\/pages\/3127\/revisions\/3358"}],"wp:attachment":[{"href":"https:\/\/www.fas-northafrica.com\/fr\/wp-json\/wp\/v2\/media?parent=3127"}],"curies":[{"name":"wp","href":"https:\/\/api.w.org\/{rel}","templated":true}]}}