{"id":347,"date":"2019-07-24T02:41:04","date_gmt":"2019-07-24T00:41:04","guid":{"rendered":"https:\/\/www.fas-northafrica.com\/?page_id=347"},"modified":"2020-05-17T13:31:29","modified_gmt":"2020-05-17T11:31:29","slug":"mission","status":"publish","type":"page","link":"https:\/\/www.fas-northafrica.com\/fr\/mission\/","title":{"rendered":"Mission"},"content":{"rendered":"[vc_row full_width=\u00a0\u00bbstretch_row_content_no_spaces\u00a0\u00bb][vc_column][rev_slider_vc alias=\u00a0\u00bbslider-home-fr\u00a0\u00bb][\/vc_column][\/vc_row][vc_row full_width=\u00a0\u00bbstretch_row_content\u00a0\u00bb css=\u00a0\u00bb.vc_custom_1563927682529{padding-right: 100px !important;padding-left: 100px !important;}\u00a0\u00bb][vc_column][vc_column_text]\n<h3 class=\"wow pulse\" style=\"box-sizing: border-box; padding-top: 30px; margin-bottom: 0.5rem; font-family: 'Poppins Bold'; font-weight: 500; line-height: 1.2; color: #2e2e2e; font-size: 26.03px; visibility: visible; animation-duration: 2s; text-align: center;\" data-wow-duration=\"2s\"><span style=\"font-size: 18pt; font-family: Poppins; font-weight: bold; font-style: normal;\">Mission &#038; vision<\/span><\/h3>\n<p style=\"text-align: center; box-sizing: border-box; margin-bottom: 1rem; font-family: 'Poppins'; font-size: 16.03px;\"><span style=\"box-sizing: border-box; font-size: 12pt;\"><span style=\"box-sizing: border-box; color: #2e2e2e;\">FAS est un fabricant \u00e0 grande \u00e9chelle de produits GPL tels que des unit\u00e9s de pompe et de compresseur, des stations de bras de chargement, des vaporisateurs et des syst\u00e8mes SNG. FAS fabrique \u00e9galement des \u00e9quipements de camions-citernes, des unit\u00e9s de mesure, des distributeurs de GPL, des stations de remplissage de gaz et d&rsquo;automobiles, des unit\u00e9s d&rsquo;\u00e9vacuation, des g\u00e9n\u00e9rateurs, des vannes, des r\u00e9gulateurs, des raccords et des \u00e9quipements de r\u00e9servoirs domestiques.<\/span><\/span><\/p>\n[\/vc_column_text][\/vc_column][\/vc_row]\n","protected":false},"excerpt":{"rendered":"<p>[vc_row full_width=\u00a0\u00bbstretch_row_content_no_spaces\u00a0\u00bb][vc_column][rev_slider_vc alias=\u00a0\u00bbslider-home-fr\u00a0\u00bb][\/vc_column][\/vc_row][vc_row full_width=\u00a0\u00bbstretch_row_content\u00a0\u00bb css=\u00a0\u00bb.vc_custom_1563927682529{padding-right: 100px !important;padding-left: 100px !important;}\u00a0\u00bb][vc_column][vc_column_text] Mission &#038; vision FAS est un fabricant \u00e0 grande \u00e9chelle de produits GPL tels que des unit\u00e9s de pompe et de compresseur, des stations de bras de chargement, des vaporisateurs et des syst\u00e8mes SNG. FAS fabrique \u00e9galement des \u00e9quipements de camions-citernes, des unit\u00e9s de mesure, des &hellip; <a href=\"https:\/\/www.fas-northafrica.com\/fr\/mission\/\" class=\"more-link\">Continuer la lecture<span class=\"screen-reader-text\"> de &laquo;&nbsp;Mission&nbsp;&raquo;<\/span><\/a><\/p>\n","protected":false},"author":1,"featured_media":0,"parent":0,"menu_order":0,"comment_status":"closed","ping_status":"open","template":"","meta":[],"_links":{"self":[{"href":"https:\/\/www.fas-northafrica.com\/fr\/wp-json\/wp\/v2\/pages\/347"}],"collection":[{"href":"https:\/\/www.fas-northafrica.com\/fr\/wp-json\/wp\/v2\/pages"}],"about":[{"href":"https:\/\/www.fas-northafrica.com\/fr\/wp-json\/wp\/v2\/types\/page"}],"author":[{"embeddable":true,"href":"https:\/\/www.fas-northafrica.com\/fr\/wp-json\/wp\/v2\/users\/1"}],"replies":[{"embeddable":true,"href":"https:\/\/www.fas-northafrica.com\/fr\/wp-json\/wp\/v2\/comments?post=347"}],"version-history":[{"count":7,"href":"https:\/\/www.fas-northafrica.com\/fr\/wp-json\/wp\/v2\/pages\/347\/revisions"}],"predecessor-version":[{"id":1244,"href":"https:\/\/www.fas-northafrica.com\/fr\/wp-json\/wp\/v2\/pages\/347\/revisions\/1244"}],"wp:attachment":[{"href":"https:\/\/www.fas-northafrica.com\/fr\/wp-json\/wp\/v2\/media?parent=347"}],"curies":[{"name":"wp","href":"https:\/\/api.w.org\/{rel}","templated":true}]}}