{"id":44,"date":"2019-07-22T22:40:33","date_gmt":"2019-07-22T20:40:33","guid":{"rendered":"https:\/\/www.fas-northafrica.com\/?page_id=44"},"modified":"2024-04-18T12:39:34","modified_gmt":"2024-04-18T10:39:34","slug":"compagnie","status":"publish","type":"page","link":"https:\/\/www.fas-northafrica.com\/fr\/compagnie\/","title":{"rendered":"Soci\u00e9t\u00e9"},"content":{"rendered":"[vc_row full_width=\u00a0\u00bbstretch_row_content_no_spaces\u00a0\u00bb][vc_column][rev_slider_vc alias=\u00a0\u00bbslider-home-fr\u00a0\u00bb][\/vc_column][\/vc_row][vc_row full_width=\u00a0\u00bbstretch_row_content\u00a0\u00bb][vc_column][vc_column_text]\n<h3 style=\"text-align: center;\"><span style=\"font-family: Poppins; font-size: 18pt; font-weight: bold; font-style: normal; color: #333333;\">Soci\u00e9t\u00e9<\/span><\/h3>\n[\/vc_column_text][\/vc_column][\/vc_row][vc_row full_width=\u00a0\u00bbstretch_row_content\u00a0\u00bb css=\u00a0\u00bb.vc_custom_1563915907186{padding-right: 100px !important;padding-left: 100px !important;}\u00a0\u00bb][vc_column][vc_column_text]\n<p style=\"margin-bottom: 0px; text-align: center;\"><span style=\"font-family: Poppins;\">Depuis 1975, la soci\u00e9t\u00e9 FAS Fl\u00fcssiggas-Anlagen GmbH, Salzgitter, est l&rsquo;un des principaux fabricants et fournisseurs de raccords et composants GPL pour stations compl\u00e8tes de stockage, de remplissage et de transport de propane \/ butane en Europe. <\/span><\/p>\n[\/vc_column_text][\/vc_column][\/vc_row][vc_row full_width=\u00a0\u00bbstretch_row_content\u00a0\u00bb css=\u00a0\u00bb.vc_custom_1563916046323{padding-right: 100px !important;padding-left: 100px !important;background-color: #ededed !important;}\u00a0\u00bb][vc_column][vc_column_text]\n<p style=\"margin-bottom: 0px; text-align: center;\"><span style=\"font-family: Poppins;\">En tant que partenaire efficace \u00e0 un niveau \u00e9lev\u00e9, nous fournissons tous les composants essentiels pour les camions-citernes et les installations fixes, par ex. raccords pour canalisations, vannes pour r\u00e9servoirs, pompes et groupes compresseurs, compteurs et syst\u00e8mes de dosage, stations de bras de chargement et usines de remplissage de bouteilles, vaporisateurs, \u00e9quipements de s\u00e9curit\u00e9, ing\u00e9nierie, ainsi que distributeurs et stations de remplissage AUTOGAS compl\u00e8tes<\/span><\/p>\n[\/vc_column_text][\/vc_column][\/vc_row]\n","protected":false},"excerpt":{"rendered":"<p>[vc_row full_width=\u00a0\u00bbstretch_row_content_no_spaces\u00a0\u00bb][vc_column][rev_slider_vc alias=\u00a0\u00bbslider-home-fr\u00a0\u00bb][\/vc_column][\/vc_row][vc_row full_width=\u00a0\u00bbstretch_row_content\u00a0\u00bb][vc_column][vc_column_text] Soci\u00e9t\u00e9 [\/vc_column_text][\/vc_column][\/vc_row][vc_row full_width=\u00a0\u00bbstretch_row_content\u00a0\u00bb css=\u00a0\u00bb.vc_custom_1563915907186{padding-right: 100px !important;padding-left: 100px !important;}\u00a0\u00bb][vc_column][vc_column_text] Depuis 1975, la soci\u00e9t\u00e9 FAS Fl\u00fcssiggas-Anlagen GmbH, Salzgitter, est l&rsquo;un des principaux fabricants et fournisseurs de raccords et composants GPL pour stations compl\u00e8tes de stockage, de remplissage et de transport de propane \/ butane en Europe. [\/vc_column_text][\/vc_column][\/vc_row][vc_row full_width=\u00a0\u00bbstretch_row_content\u00a0\u00bb css=\u00a0\u00bb.vc_custom_1563916046323{padding-right: 100px !important;padding-left: 100px !important;background-color: &hellip; <a href=\"https:\/\/www.fas-northafrica.com\/fr\/compagnie\/\" class=\"more-link\">Continuer la lecture<span class=\"screen-reader-text\"> de &laquo;&nbsp;Soci\u00e9t\u00e9&nbsp;&raquo;<\/span><\/a><\/p>\n","protected":false},"author":1,"featured_media":0,"parent":0,"menu_order":0,"comment_status":"closed","ping_status":"closed","template":"","meta":[],"_links":{"self":[{"href":"https:\/\/www.fas-northafrica.com\/fr\/wp-json\/wp\/v2\/pages\/44"}],"collection":[{"href":"https:\/\/www.fas-northafrica.com\/fr\/wp-json\/wp\/v2\/pages"}],"about":[{"href":"https:\/\/www.fas-northafrica.com\/fr\/wp-json\/wp\/v2\/types\/page"}],"author":[{"embeddable":true,"href":"https:\/\/www.fas-northafrica.com\/fr\/wp-json\/wp\/v2\/users\/1"}],"replies":[{"embeddable":true,"href":"https:\/\/www.fas-northafrica.com\/fr\/wp-json\/wp\/v2\/comments?post=44"}],"version-history":[{"count":11,"href":"https:\/\/www.fas-northafrica.com\/fr\/wp-json\/wp\/v2\/pages\/44\/revisions"}],"predecessor-version":[{"id":1601,"href":"https:\/\/www.fas-northafrica.com\/fr\/wp-json\/wp\/v2\/pages\/44\/revisions\/1601"}],"wp:attachment":[{"href":"https:\/\/www.fas-northafrica.com\/fr\/wp-json\/wp\/v2\/media?parent=44"}],"curies":[{"name":"wp","href":"https:\/\/api.w.org\/{rel}","templated":true}]}}