{"id":459,"date":"2019-07-26T13:24:21","date_gmt":"2019-07-26T11:24:21","guid":{"rendered":"https:\/\/www.fas-northafrica.com\/?page_id=459"},"modified":"2025-10-15T22:34:15","modified_gmt":"2025-10-15T20:34:15","slug":"sng-mixing-systems","status":"publish","type":"page","link":"https:\/\/www.fas-northafrica.com\/fr\/products\/sng-mixing-systems\/","title":{"rendered":"Syst\u00e8mes de Vaporiseur GPL \/ M\u00e9lange sng"},"content":{"rendered":"[vc_row][vc_column][vc_column_text]\n\n\n[\/vc_column_text][\/vc_column][\/vc_row][vc_row full_width=\u00a0\u00bbstretch_row_content_no_spaces\u00a0\u00bb][vc_column][rev_slider_vc alias=\u00a0\u00bbslider-home-fr\u00a0\u00bb][vc_column_text css=\u00a0\u00bb.vc_custom_1564137027336{background-color: #f5f5f5 !important;}\u00a0\u00bb]<p><\/p>\n<p style=\"text-align: center; margin-top: -35px;\"><span style=\"font-size: 12pt; color: #808080;\"><span class=\"ourproducts\" style=\"font-family: Poppins;\"><a class=\"black\" href=\"https:\/\/www.fas-northafrica.com\/index.php\/products\/\"><span class=\"lien\" style=\"color: #333333;\">NOS PRODUITS<\/span><\/a>&nbsp;<\/span> <img class=\"file\" src=\"https:\/\/www.fas-northafrica.com\/wp-content\/uploads\/2019\/07\/1.png\"><span style=\"font-family: Poppins; color: #e64320;\"> SYST\u00c8MES DE M\u00c9LANGE SNG<\/span><\/span><\/p>\n[\/vc_column_text][vc_row_inner][vc_column_inner width=\u00a0\u00bb1\/2&Prime;][vc_single_image image=\u00a0\u00bb416&Prime; img_size=\u00a0\u00bbfull\u00a0\u00bb][\/vc_column_inner][vc_column_inner width=\u00a0\u00bb1\/2&Prime;][vc_column_text css=\u00a0\u00bb.vc_custom_1741503484536{margin-right: 50px !important;margin-left: 50px !important;}\u00a0\u00bb]<h3 style=\"text-align: center;\" data-wow-duration=\"2s\"><span style=\"font-family: Poppins; font-weight: bold; font-style: normal;\">SYST\u00c8MES DE VAPORISURS&nbsp; M\u00c9LANGE SNG<\/span><\/h3>\n<p style=\"text-align: justify;\"><span style=\"font-family: Poppins; font-size: 12pt; text-align: justify;\">Les unit\u00e9s de m\u00e9lange FAS-Propane-Air FAS-4000 sont tr\u00e8s souvent \u00e9galement d\u00e9sign\u00e9es comme \u00abCNG-LPG-Mixer\u00bb et servent \u00e0 la production de SNG (gaz naturel synth\u00e9tique ou gaz naturel de remplacement). Les principales applications de ces unit\u00e9s de m\u00e9lange GPL-air sont la fourniture de secours dans le r\u00e9seau de gaz naturel (GNC), la compensation et la gestion des charges de pointe et des p\u00e9riodes de pointe, la fourniture temporaire de SNG en cas de travaux de r\u00e9paration plus importants requis dans le r\u00e9seau de gaz naturel ou pendant l&rsquo;installation jusqu&rsquo;\u00e0 l&rsquo;ach\u00e8vement de nouvelles lignes d&rsquo;alimentation en gaz naturel.<\/span><\/p>\n<figure id=\"attachment_2888\" style=\"width: 1033px\"  class=\"wp-caption alignnone\"><a href=\"https:\/\/www.fas-northafrica.com\/wp-content\/uploads\/2020\/07\/FAS-LPG-VaporizerTechnology_291390_Rev.01.pdf\" rel=\"attachment wp-att-2888\"><img loading=\"lazy\" class=\"size-full wp-image-2888\" src=\"https:\/\/www.fas-northafrica.com\/wp-content\/uploads\/2025\/03\/vaporizer-1.jpg\" alt=\"\" width=\"1033\" height=\"1475\" srcset=\"https:\/\/www.fas-northafrica.com\/wp-content\/uploads\/2025\/03\/vaporizer-1.jpg 1033w, https:\/\/www.fas-northafrica.com\/wp-content\/uploads\/2025\/03\/vaporizer-1-210x300.jpg 210w, https:\/\/www.fas-northafrica.com\/wp-content\/uploads\/2025\/03\/vaporizer-1-717x1024.jpg 717w, https:\/\/www.fas-northafrica.com\/wp-content\/uploads\/2025\/03\/vaporizer-1-768x1097.jpg 768w\" sizes=\"(max-width: 709px) 85vw, (max-width: 909px) 67vw, (max-width: 1362px) 62vw, 840px\" \/><\/a><figcaption class=\"wp-caption-text\">Vaporiseur GPL<\/figcaption><\/figure>\n<p style=\"text-align: justify;\"><br><span style=\"font-family: Poppins; font-size: 12pt; text-align: justify; color: #e64320;\"><strong>Les unit\u00e9s de m\u00e9lange d&rsquo;air FAS-LPG sont disponibles pour les ex\u00e9cutions suivantes:<\/strong><\/span><\/p>\n<ul style=\"margin-top: -25px;\">\n<li><span style=\"font-family: Poppins; font-size: 12pt;\">Unit\u00e9 de m\u00e9lange d&rsquo;air propane FAS-4000LP (ex\u00e9cution \u00e0 basse pression) dans la construction d&rsquo;armoires<\/span><\/li>\n<li><span style=\"font-family: Poppins; font-size: 12pt;\">Unit\u00e9 de m\u00e9lange d&rsquo;air propane FAS-4000HP (ex\u00e9cution \u00e0 haute pression) dans la construction d&rsquo;armoires<\/span><\/li>\n<li><span style=\"font-family: Poppins; font-size: 12pt;\">Unit\u00e9 de m\u00e9lange d&rsquo;air propane FAS-4000 comme \u00abex\u00e9cution en cascade\u00bb dans la construction d&rsquo;armoires<\/span><\/li>\n<li><span style=\"font-family: Poppins; font-size: 12pt;\">Unit\u00e9 de m\u00e9lange d&rsquo;air propane FAS-4000 en combinaison avec un vaporisateur de type sec FAS-2000, compl\u00e8tement mont\u00e9 dans un r\u00e9cipient<\/span><\/li>\n<li><span style=\"font-family: Poppins; font-size: 12pt;\">Unit\u00e9 de m\u00e9lange d&rsquo;air propane FAS-4000 en combinaison avec un vaporisateur d&rsquo;eau chaude FAS-3000, compl\u00e8tement mont\u00e9 dans un r\u00e9cipient<\/span><\/li>\n<li><span style=\"font-family: Poppins; font-size: 12pt;\">Ex\u00e9cutions sp\u00e9ciales selon les sp\u00e9cifications du client sur demande<\/span><\/li>\n<\/ul>\n<p class=\"bt-product\" style=\"background-color: #e64320; height: 35px; width: 200px; text-align: center; margin-top: 50px;\"><a href=\"https:\/\/www.fas-northafrica.com\/fr\/contact\/\"><span style=\"color: #ffffff; font-family: Poppins; font-size: 12pt;\">Demande de devis<\/span><\/a><\/p>[\/vc_column_text][vc_column_text css_animation=\u00a0\u00bbbounceIn\u00a0\u00bb el_id=\u00a0\u00bbvaporiseur GPL\u00a0\u00bb]<p><\/p>\n<p><\/p>\n<p><\/p>\n<p><\/p>\n<p><\/p>\n<p><\/p>\n<p><\/p>\n<p><\/p>\n<p><\/p>\n<p><\/p>\n<p><\/p>\n<p><\/p>\n<p><\/p>\n<p><\/p>\n<p><\/p>\n<p><\/p>\n<p><\/p>\n<p><\/p>\n<p><\/p>\n<p><\/p>\n<p><\/p>\n<p><\/p>\n<p><\/p>\n<p><\/p>\n<p><\/p>\n<p><\/p>\n<p><\/p>\n<p><\/p>\n<p><\/p>\n<p><\/p>\n<p><\/p>\n<p><\/p>\n<p><\/p>\n<p><\/p>\n<p><\/p>\n<p><\/p>[\/vc_column_text][\/vc_column_inner][\/vc_row_inner][\/vc_column][\/vc_row][vc_row][vc_column][vc_column_text]\n\n\n[\/vc_column_text][\/vc_column][\/vc_row]","protected":false},"excerpt":{"rendered":"<p>[vc_row][vc_column][vc_column_text] [\/vc_column_text][\/vc_column][\/vc_row][vc_row full_width=\u00a0\u00bbstretch_row_content_no_spaces\u00a0\u00bb][vc_column][rev_slider_vc alias=\u00a0\u00bbslider-home-fr\u00a0\u00bb][vc_column_text css=\u00a0\u00bb.vc_custom_1564137027336{background-color: #f5f5f5 !important;}\u00a0\u00bb] NOS PRODUITS&nbsp; SYST\u00c8MES DE M\u00c9LANGE SNG [\/vc_column_text][vc_row_inner][vc_column_inner width=\u00a0\u00bb1\/2&Prime;][vc_single_image image=\u00a0\u00bb416&Prime; img_size=\u00a0\u00bbfull\u00a0\u00bb][\/vc_column_inner][vc_column_inner width=\u00a0\u00bb1\/2&Prime;][vc_column_text css=\u00a0\u00bb.vc_custom_1741503484536{margin-right: 50px !important;margin-left: 50px !important;}\u00a0\u00bb] SYST\u00c8MES DE VAPORISURS&nbsp; M\u00c9LANGE SNG Les unit\u00e9s de m\u00e9lange FAS-Propane-Air FAS-4000 sont tr\u00e8s souvent \u00e9galement d\u00e9sign\u00e9es comme \u00abCNG-LPG-Mixer\u00bb et servent \u00e0 la production de SNG (gaz naturel synth\u00e9tique ou gaz naturel de &hellip; <a href=\"https:\/\/www.fas-northafrica.com\/fr\/products\/sng-mixing-systems\/\" class=\"more-link\">Continuer la lecture<span class=\"screen-reader-text\"> de &laquo;&nbsp;Syst\u00e8mes de Vaporiseur GPL \/ M\u00e9lange sng&nbsp;&raquo;<\/span><\/a><\/p>\n","protected":false},"author":1,"featured_media":0,"parent":312,"menu_order":0,"comment_status":"closed","ping_status":"closed","template":"","meta":[],"_links":{"self":[{"href":"https:\/\/www.fas-northafrica.com\/fr\/wp-json\/wp\/v2\/pages\/459"}],"collection":[{"href":"https:\/\/www.fas-northafrica.com\/fr\/wp-json\/wp\/v2\/pages"}],"about":[{"href":"https:\/\/www.fas-northafrica.com\/fr\/wp-json\/wp\/v2\/types\/page"}],"author":[{"embeddable":true,"href":"https:\/\/www.fas-northafrica.com\/fr\/wp-json\/wp\/v2\/users\/1"}],"replies":[{"embeddable":true,"href":"https:\/\/www.fas-northafrica.com\/fr\/wp-json\/wp\/v2\/comments?post=459"}],"version-history":[{"count":20,"href":"https:\/\/www.fas-northafrica.com\/fr\/wp-json\/wp\/v2\/pages\/459\/revisions"}],"predecessor-version":[{"id":2894,"href":"https:\/\/www.fas-northafrica.com\/fr\/wp-json\/wp\/v2\/pages\/459\/revisions\/2894"}],"up":[{"embeddable":true,"href":"https:\/\/www.fas-northafrica.com\/fr\/wp-json\/wp\/v2\/pages\/312"}],"wp:attachment":[{"href":"https:\/\/www.fas-northafrica.com\/fr\/wp-json\/wp\/v2\/media?parent=459"}],"curies":[{"name":"wp","href":"https:\/\/api.w.org\/{rel}","templated":true}]}}