{"id":480,"date":"2019-07-26T14:26:43","date_gmt":"2019-07-26T12:26:43","guid":{"rendered":"https:\/\/www.fas-northafrica.com\/?page_id=480"},"modified":"2025-03-10T00:43:56","modified_gmt":"2025-03-09T23:43:56","slug":"compresseur-lpg","status":"publish","type":"page","link":"https:\/\/www.fas-northafrica.com\/fr\/products\/compresseur-lpg\/","title":{"rendered":"Compresseur GPL"},"content":{"rendered":"[vc_row full_width=\u00a0\u00bbstretch_row_content_no_spaces\u00a0\u00bb][vc_column][rev_slider_vc alias=\u00a0\u00bbslider-home-fr\u00a0\u00bb][vc_column_text css=\u00a0\u00bb.vc_custom_1564140538620{background-color: #f5f5f5 !important;}\u00a0\u00bb]\n<p style=\"text-align: center; margin-top: -35px;\"><span style=\"font-size: 12pt; color: #808080;\"><span class=\"ourproducts\" style=\"font-family: Poppins;\"><a class=\"black\" href=\"https:\/\/www.fas-northafrica.com\/fr\/products\/\"><span class=\"lien\" style=\"color: #333333;\">NOS PRODUITS<\/span><\/a>\u00a0<\/span> <img class=\"file\" src=\"https:\/\/www.fas-northafrica.com\/wp-content\/uploads\/2019\/07\/1.png\" \/><span style=\"font-family: Poppins; color: #e64320;\">\u00a0 Unit\u00e9s de Compresseur<\/span><\/span><\/p>\n[\/vc_column_text][vc_row_inner][vc_column_inner width=\u00a0\u00bb1\/2&Prime;][vc_single_image image=\u00a0\u00bb482&Prime; img_size=\u00a0\u00bbfull\u00a0\u00bb][\/vc_column_inner][vc_column_inner width=\u00a0\u00bb1\/2&Prime;][vc_column_text css=\u00a0\u00bb.vc_custom_1564144196067{margin-right: 50px !important;margin-left: 50px !important;}\u00a0\u00bb]\n<h3 style=\"text-align: center;\" data-wow-duration=\"2s\"><span style=\"font-family: Poppins; font-weight: bold; font-style: normal;\">Moto-Compresseur de Transfer de GPL<\/span><\/h3>\n<p style=\"text-align: justify;\"><span style=\"font-family: Poppins; font-size: 12pt; text-align: justify;\">Les compresseurs FAS pour gaz de p\u00e9trole liqu\u00e9fi\u00e9 (GPL) sont utilis\u00e9s pour le transbordement des livraisons de produits, par ex. dans les parcs de stockage ainsi que sur les camions-citernes et pour l&rsquo;extraction des r\u00e9servoirs de stockage sur le site afin que les r\u00e9servoirs puissent ensuite \u00eatre ouverts ou transport\u00e9s. Selon le mod\u00e8le de compresseur, le d\u00e9bit\u00a0 varie entre 3,4 et 704 m3 par heure. La plage de travail est max. 31 bar.\u00a0<\/span><\/p>\n<p style=\"text-align: justify;\"><img src=\"https:\/\/static.wixstatic.com\/media\/2e8b3a_41dcc765354f44bd92687432016e671c~mv2.png\/v1\/crop\/x_20,y_20,w_1041,h_1041\/fill\/w_478,h_478,al_c,q_85,usm_0.66_1.00_0.01,enc_auto\/compresseur-gpl-corken-D691-1080x1080.png\" alt=\"compresseur-gpl-corken-D691-1080x1080.png\" \/><br \/>\n<span style=\"font-family: Poppins; font-size: 12pt; text-align: justify; color: #e64320;\"><strong>Les <a href=\"https:\/\/www.fas-northafrica.com\/wp-content\/uploads\/2020\/09\/TechnologiePompesCompresseursGPL299802_Rev00kl.pdf\"><span style=\"color: #800000;\">compresseurs FAS<\/span><\/a> sont disponibles pour les ex\u00e9cutions suivantes:<br \/>\n<\/strong><\/span><span style=\"font-family: Poppins; font-size: 12pt;\">\u2022 Compresseur Mobile pour installation sur un camion-citerne<br \/>\n\u2022 Groupe compresseur stationnaire avec moteur \u00e9lectrique ou moteur diesel<br \/>\n\u2022 Groupe compresseur mobile avec moteur \u00e9lectrique ou moteur diesel mont\u00e9 sur remorque<br \/>\n\u2022 Stations de compression compl\u00e8tes avec tuyauterie, unit\u00e9 de contr\u00f4le et de surveillance<br \/>\n\u2022 En option, chaque mod\u00e8le est disponible avec des joints de tige de piston double<br \/>\n\u2022 \u00ab Certificat de vibration\u00bb pour les ex\u00e9cutions \u00e0 partir de 100 m\u00b3 \/ h.<\/span><\/p>\n<p>Les mod\u00e8les suivants sont disponible chez FAS:<\/p>\n<p><a href=\"https:\/\/www.fas-northafrica.com\/wp-content\/uploads\/2020\/09\/FAS-COMPRESSORS.pdf\"><strong><span style=\"color: #993300;\">Compresseur avec Garniture Simple<\/span><\/strong>\u00a0<\/a> : D91 D291 D491 D491-3 D691 D691-4 D891a FD151 D191 FD351 D391 WFD551 D590 FD591 D791<\/p>\n<p><strong><span style=\"color: #993300;\"><a href=\"https:\/\/www.fas-northafrica.com\/fr\/products\/lpg-cylinder-filling-plant\/compressor\/\" rel=\"attachment wp-att-1645\"><img loading=\"lazy\" class=\"alignnone wp-image-1645 size-medium\" title=\"compresseur GPL corken \" src=\"https:\/\/www.fas-northafrica.com\/wp-content\/uploads\/2020\/09\/COMPRESSOR-300x208.jpg\" alt=\"compresseur GPL corken \" width=\"300\" height=\"208\" srcset=\"https:\/\/www.fas-northafrica.com\/wp-content\/uploads\/2020\/09\/COMPRESSOR-300x208.jpg 300w, https:\/\/www.fas-northafrica.com\/wp-content\/uploads\/2020\/09\/COMPRESSOR-768x533.jpg 768w, https:\/\/www.fas-northafrica.com\/wp-content\/uploads\/2020\/09\/COMPRESSOR-1024x710.jpg 1024w, https:\/\/www.fas-northafrica.com\/wp-content\/uploads\/2020\/09\/COMPRESSOR.jpg 1182w\" sizes=\"(max-width: 300px) 85vw, 300px\" \/><\/a><a style=\"color: #993300;\" href=\"https:\/\/www.fas-northafrica.com\/wp-content\/uploads\/2020\/09\/FAS-COMPRESSORS.pdf\">Compresseur avec double garniture<\/a><\/span><\/strong>: T91 T291 T491 T491-3 T691 T691-4 T891a FT151 T191 FT351 T391 WFT551 T590 FT591 T791.<\/p>\n<p><a href=\"https:\/\/www.fas-northafrica.com\/fr\/products\/lpg-cylinder-filling-plant\/comprs\/\" rel=\"attachment wp-att-1646\"><img loading=\"lazy\" class=\"alignnone wp-image-1646 size-medium\" title=\"compresseur GPL corken FAS \" src=\"https:\/\/www.fas-northafrica.com\/wp-content\/uploads\/2020\/09\/COMPRS-300x210.jpg\" alt=\"compresseur GPL corken FAS \" width=\"300\" height=\"210\" srcset=\"https:\/\/www.fas-northafrica.com\/wp-content\/uploads\/2020\/09\/COMPRS-300x210.jpg 300w, https:\/\/www.fas-northafrica.com\/wp-content\/uploads\/2020\/09\/COMPRS-768x537.jpg 768w, https:\/\/www.fas-northafrica.com\/wp-content\/uploads\/2020\/09\/COMPRS.jpg 949w\" sizes=\"(max-width: 300px) 85vw, 300px\" \/><\/a><\/p>\n<h6>Documentation compresseur COrken<\/h6>\n<ul>\n<li><a href=\"https:\/\/www.corken.com\/CMS_Files\/Technical_Literature\/Sales_Brochures\/lpg100.pdf\" target=\"_blank\" rel=\"noreferrer noopener\">Sales Brochure<br \/>\n<\/a><\/li>\n<li><a href=\"https:\/\/www.corken.com\/CMS_Files\/Technical_Literature\/Service_Manuals\/ie101.pdf\" target=\"_blank\" rel=\"noreferrer noopener\">Installation, Operation &#038; Maintenance Manual (IOM)<br \/>\n<\/a><\/li>\n<li><a href=\"https:\/\/www.corken.com\/CMS_Files\/Technical_Literature\/Specifications\/Reciprocating_Compressors\/specifications_operating_material_lpg_compressors.pdf\" target=\"_blank\" rel=\"noreferrer noopener\">Specifications (operating &#038; materials)<br \/>\n<\/a><\/li>\n<li><a href=\"https:\/\/www.corken.com\/CMS_Files\/Technical_Literature\/Outline_Dimensions\/Reciprocating_Compressors\/outline_lpg_compressors.pdf\" target=\"_blank\" rel=\"noreferrer noopener\">Outline Dimensions<br \/>\n<\/a><\/li>\n<li><a href=\"https:\/\/www.corken.com\/CMS_Files\/Technical_Literature\/Parts_Details\/Reciprocating_Compressors\/parts_details_lpg_compressors.pdf\" target=\"_blank\" rel=\"noreferrer noopener\">Parts Details<\/a><\/li>\n<\/ul>\n<h6>Application Sales Brochures<\/h6>\n<ul>\n<li><a href=\"https:\/\/www.corken.com\/CMS_Files\/Technical_Literature\/Sales_Brochures\/vru100.pdf\" target=\"_blank\" rel=\"noreferrer noopener\">Vapor Recovery Compressor (VRU)<br \/>\n<\/a><\/li>\n<li><a href=\"https:\/\/www.corken.com\/CMS_Files\/Technical_Literature\/Sales_Brochures\/ccs100.pdf\" target=\"_blank\" rel=\"noreferrer noopener\">Custom Engineered Compressor Packages<br \/>\n<\/a><\/li>\n<li><a href=\"https:\/\/www.corken.com\/CMS_Files\/Technical_Literature\/Sales_Brochures\/cp545.pdf\" target=\"_blank\" rel=\"noreferrer noopener\">Casing Gas, Gas Gathering, and Gas Boosting<\/a><\/li>\n<\/ul>\n<h6>D- and T-Style Models (Industrial)<\/h6>\n<ul>\n<li>Sales Brochure\n<ul>\n<li><a href=\"https:\/\/www.corken.com\/CMS_Files\/Technical_Literature\/Sales_Brochures\/I100.pdf\" target=\"_blank\" rel=\"noreferrer noopener\">All D- and T-Style models<br \/>\n<\/a><\/li>\n<li><a href=\"https:\/\/www.corken.com\/CMS_Files\/Technical_Literature\/Sales_Brochures\/vc100.pdf\" target=\"_blank\" rel=\"noreferrer noopener\">T791 and T891 double-acting compressors<br \/>\n<\/a><\/li>\n<li><a href=\"https:\/\/www.corken.com\/CMS_Files\/Technical_Literature\/Sales_Brochures\/vc101.pdf\" target=\"_blank\" rel=\"noreferrer noopener\">WFD551 high pressure compressor<br \/>\n<\/a><\/li>\n<\/ul>\n<\/li>\n<li>Important Instructions\n<ul>\n<li><a href=\"https:\/\/www.corken.com\/CMS_Files\/Technical_Literature\/Service_Manuals\/ie100.pdf\" target=\"_blank\" rel=\"noreferrer noopener\">Gas Compressors<br \/>\n<\/a><\/li>\n<li><a href=\"https:\/\/www.corken.com\/CMS_Files\/Technical_Literature\/Service_Manuals\/ie103.pdf\" target=\"_blank\" rel=\"noreferrer noopener\">Model FD151 gas compressor<br \/>\n<\/a><\/li>\n<\/ul>\n<\/li>\n<li>Installation, Operation &#038; Maintenance Manual (IOM)\n<ul>\n<li><a href=\"https:\/\/www.corken.com\/CMS_Files\/Technical_Literature\/Service_Manuals\/ie105.pdf\" target=\"_blank\" rel=\"noreferrer noopener\">Models FD351, WFD351, D391, WD391, FD391 &#038; WFD391<br \/>\n<\/a><\/li>\n<li><a href=\"https:\/\/www.corken.com\/CMS_Files\/Technical_Literature\/Service_Manuals\/ie106.pdf\" target=\"_blank\" rel=\"noreferrer noopener\">Model WFD551<br \/>\n<\/a><\/li>\n<li><a href=\"https:\/\/www.corken.com\/CMS_Files\/Technical_Literature\/Service_Manuals\/ij110.pdf\" target=\"_blank\" rel=\"noreferrer noopener\">D791, D891, T791 and T891<br \/>\n<\/a><\/li>\n<\/ul>\n<\/li>\n<li>Specifications (operating &#038; materials)\n<ul>\n<li><a href=\"https:\/\/www.corken.com\/CMS_Files\/Technical_Literature\/Specifications\/Reciprocating_Compressors\/specifications_d_t_models.pdf\" target=\"_blank\" rel=\"noreferrer noopener\">D- and T-Style (All Models)<\/a><\/li>\n<\/ul>\n<\/li>\n<li>Outline Dimensions<\/li>\n<li><a href=\"https:\/\/www.corken.com\/CMS_Files\/Technical_Literature\/Outline_Dimensions\/Reciprocating_Compressors\/outline_91_291_491_d_t_models.pdf\" target=\"_blank\" rel=\"noreferrer noopener\">Models 91, 291, 491 (D- and T-Style)<\/a><\/li>\n<li><a href=\"https:\/\/www.corken.com\/CMS_Files\/Technical_Literature\/Outline_Dimensions\/Reciprocating_Compressors\/outline_151_d_model.pdf\" target=\"_blank\" rel=\"noreferrer noopener\">Model FD151<br \/>\n<\/a><a href=\"https:\/\/www.corken.com\/CMS_Files\/Technical_Literature\/Outline_Dimensions\/Reciprocating_Compressors\/outline_191_d_model.pdf\" target=\"_blank\" rel=\"noreferrer noopener\">Models F191 &#038; FD191<\/a><br \/>\n<a href=\"https:\/\/www.corken.com\/CMS_Files\/Technical_Literature\/Outline_Dimensions\/Reciprocating_Compressors\/outline_351_391_d_models.pdf\" target=\"_blank\" rel=\"noreferrer noopener\">Models FD351, WFD351, D391, WD391, FD391, WFD391, T391 &#038; FT391<br \/>\n<\/a><a href=\"https:\/\/www.corken.com\/CMS_Files\/Technical_Literature\/Outline_Dimensions\/Reciprocating_Compressors\/outline_551_d_model.pdf\" target=\"_blank\" rel=\"noreferrer noopener\">Model WFD551<br \/>\n<\/a><a href=\"https:\/\/www.corken.com\/CMS_Files\/Technical_Literature\/Outline_Dimensions\/Reciprocating_Compressors\/outline_591_d_t_models.pdf\" target=\"_blank\" rel=\"noreferrer noopener\">Models FD591, WFD591, FT591 &#038; WFT591<br \/>\n<\/a><a href=\"https:\/\/www.corken.com\/CMS_Files\/Technical_Literature\/Outline_Dimensions\/Reciprocating_Compressors\/outline_691_d_t_models.pdf\" target=\"_blank\" rel=\"noreferrer noopener\">Models D691, FD691, T691 &#038; FT691<br \/>\n<\/a><a href=\"https:\/\/www.corken.com\/CMS_Files\/Technical_Literature\/Outline_Dimensions\/Reciprocating_Compressors\/outline_791_891_d_models.pdf\" target=\"_blank\" rel=\"noreferrer noopener\">Models D791, D891, T791 &#038; T891<br \/>\n<\/a><br \/>\n<strong>Parts Details<\/strong><\/li>\n<li>\u00a0<a href=\"https:\/\/www.corken.com\/CMS_Files\/Technical_Literature\/Parts_Details\/Reciprocating_Compressors\/parts_91_d_t_models.pdf\" target=\"_blank\" rel=\"noreferrer noopener\">Model 91 (D- and T-Style)<br \/>\n<\/a><br \/>\n<a href=\"https:\/\/www.corken.com\/CMS_Files\/Technical_Literature\/Parts_Details\/Reciprocating_Compressors\/parts_151_d_model.pdf\" target=\"_blank\" rel=\"noreferrer noopener\">Model FD151<br \/>\n<\/a><br \/>\n<a href=\"https:\/\/www.corken.com\/CMS_Files\/Technical_Literature\/Parts_Details\/Reciprocating_Compressors\/parts_191_291_d_t_models.pdf\" target=\"_blank\" rel=\"noreferrer noopener\">Models 191 &#038; 291 (D- and T-Style)<br \/>\n<\/a><br \/>\n<a href=\"https:\/\/www.corken.com\/CMS_Files\/Technical_Literature\/Parts_Details\/Reciprocating_Compressors\/parts_351_d_model.pdf\" target=\"_blank\" rel=\"noreferrer noopener\">Models FD351 and WFD351<br \/>\n<\/a><br \/>\n<a href=\"https:\/\/www.corken.com\/CMS_Files\/Technical_Literature\/Parts_Details\/Reciprocating_Compressors\/parts_391_d_t_models.pdf\" target=\"_blank\" rel=\"noreferrer noopener\">Models FD391, WFD391, and WT391<br \/>\n<\/a><br \/>\n<a href=\"https:\/\/www.corken.com\/CMS_Files\/Technical_Literature\/Parts_Details\/Reciprocating_Compressors\/parts_491_491-3_d_t_models.pdf\" target=\"_blank\" rel=\"noreferrer noopener\">Models 491 and 491-3 (D- and T-Style)<br \/>\n<\/a><br \/>\n<a href=\"https:\/\/www.corken.com\/CMS_Files\/Technical_Literature\/Parts_Details\/Reciprocating_Compressors\/parts_551_d_model.pdf\" target=\"_blank\" rel=\"noreferrer noopener\">Model WFD551<br \/>\n<\/a><br \/>\n<a href=\"https:\/\/www.corken.com\/CMS_Files\/Technical_Literature\/Parts_Details\/Reciprocating_Compressors\/parts_590_d_t_model.pdf\" target=\"_blank\" rel=\"noreferrer noopener\">Model 590 (D- and T-Style)<br \/>\n<\/a><br \/>\n<a href=\"https:\/\/www.corken.com\/CMS_Files\/Technical_Literature\/Parts_Details\/Reciprocating_Compressors\/parts_591_d_t_models.pdf\" target=\"_blank\" rel=\"noreferrer noopener\">Model 591 (D- and T-Style)<br \/>\n<\/a><br \/>\n<a href=\"https:\/\/www.corken.com\/CMS_Files\/Technical_Literature\/Parts_Details\/Reciprocating_Compressors\/parts_691_691-4_d_model_watercooled.pdf\" target=\"_blank\" rel=\"noreferrer noopener\">Models WFD691 and WFD691-4<br \/>\n<\/a><br \/>\n<a href=\"https:\/\/www.corken.com\/CMS_Files\/Technical_Literature\/Parts_Details\/Reciprocating_Compressors\/parts_691_691-4_d_t_models.pdf\" target=\"_blank\" rel=\"noreferrer noopener\">Models D691, D691-4, T691, and T691-4<br \/>\n<\/a><br \/>\n<a href=\"https:\/\/www.corken.com\/CMS_Files\/Technical_Literature\/Parts_Details\/Reciprocating_Compressors\/parts_791_891_d_t_models.pdf\" target=\"_blank\" rel=\"noreferrer noopener\">Models D791, D891, T791 and T891<\/a><\/li>\n<\/ul>\n<p class=\"bt-product\" style=\"background-color: #e64320; height: 35px; width: 200px; text-align: center; margin-top: 50px;\"><span style=\"color: #ffffff;\"><a style=\"color: #ffffff;\" href=\"https:\/\/www.fas-northafrica.com\/wp-content\/uploads\/2020\/09\/salesbrochurelpgseriesfrench1-181120162342.pdf\">Catalogue Corken<\/a><\/span><\/p>\n<p><a href=\"https:\/\/www.fas-northafrica.com\/fr\/products\/tank-accessories\/fas-eng-catalogue_2020-lite-full-2\/\" rel=\"attachment wp-att-1659\">CATALOGUE GPL COMPLET<\/a><\/p>\n<p class=\"bt-product\" style=\"background-color: #e64320; height: 35px; width: 200px; text-align: center; margin-top: 50px;\"><a href=\"https:\/\/www.fas-northafrica.com\/fr\/contact\/\"><span style=\"color: #ffffff; font-family: Poppins; font-size: 12pt;\">Demande de devis<\/span><\/a><\/p>\n[\/vc_column_text][\/vc_column_inner][\/vc_row_inner][\/vc_column][\/vc_row]\n","protected":false},"excerpt":{"rendered":"<p>[vc_row full_width=\u00a0\u00bbstretch_row_content_no_spaces\u00a0\u00bb][vc_column][rev_slider_vc alias=\u00a0\u00bbslider-home-fr\u00a0\u00bb][vc_column_text css=\u00a0\u00bb.vc_custom_1564140538620{background-color: #f5f5f5 !important;}\u00a0\u00bb] NOS PRODUITS\u00a0 \u00a0 Unit\u00e9s de Compresseur [\/vc_column_text][vc_row_inner][vc_column_inner width=\u00a0\u00bb1\/2&Prime;][vc_single_image image=\u00a0\u00bb482&Prime; img_size=\u00a0\u00bbfull\u00a0\u00bb][\/vc_column_inner][vc_column_inner width=\u00a0\u00bb1\/2&Prime;][vc_column_text css=\u00a0\u00bb.vc_custom_1564144196067{margin-right: 50px !important;margin-left: 50px !important;}\u00a0\u00bb] Moto-Compresseur de Transfer de GPL Les compresseurs FAS pour gaz de p\u00e9trole liqu\u00e9fi\u00e9 (GPL) sont utilis\u00e9s pour le transbordement des livraisons de produits, par ex. dans les parcs de stockage ainsi que sur &hellip; <a href=\"https:\/\/www.fas-northafrica.com\/fr\/products\/compresseur-lpg\/\" class=\"more-link\">Continuer la lecture<span class=\"screen-reader-text\"> de &laquo;&nbsp;Compresseur GPL&nbsp;&raquo;<\/span><\/a><\/p>\n","protected":false},"author":1,"featured_media":0,"parent":312,"menu_order":0,"comment_status":"closed","ping_status":"closed","template":"","meta":[],"_links":{"self":[{"href":"https:\/\/www.fas-northafrica.com\/fr\/wp-json\/wp\/v2\/pages\/480"}],"collection":[{"href":"https:\/\/www.fas-northafrica.com\/fr\/wp-json\/wp\/v2\/pages"}],"about":[{"href":"https:\/\/www.fas-northafrica.com\/fr\/wp-json\/wp\/v2\/types\/page"}],"author":[{"embeddable":true,"href":"https:\/\/www.fas-northafrica.com\/fr\/wp-json\/wp\/v2\/users\/1"}],"replies":[{"embeddable":true,"href":"https:\/\/www.fas-northafrica.com\/fr\/wp-json\/wp\/v2\/comments?post=480"}],"version-history":[{"count":51,"href":"https:\/\/www.fas-northafrica.com\/fr\/wp-json\/wp\/v2\/pages\/480\/revisions"}],"predecessor-version":[{"id":2978,"href":"https:\/\/www.fas-northafrica.com\/fr\/wp-json\/wp\/v2\/pages\/480\/revisions\/2978"}],"up":[{"embeddable":true,"href":"https:\/\/www.fas-northafrica.com\/fr\/wp-json\/wp\/v2\/pages\/312"}],"wp:attachment":[{"href":"https:\/\/www.fas-northafrica.com\/fr\/wp-json\/wp\/v2\/media?parent=480"}],"curies":[{"name":"wp","href":"https:\/\/api.w.org\/{rel}","templated":true}]}}