{"id":49,"date":"2019-07-22T22:44:07","date_gmt":"2019-07-22T20:44:07","guid":{"rendered":"https:\/\/www.fas-northafrica.com\/?page_id=49"},"modified":"2024-04-29T14:05:37","modified_gmt":"2024-04-29T12:05:37","slug":"service","status":"publish","type":"page","link":"https:\/\/www.fas-northafrica.com\/fr\/service\/","title":{"rendered":"Service"},"content":{"rendered":"[vc_row full_width=\u00a0\u00bbstretch_row_content_no_spaces\u00a0\u00bb][vc_column][rev_slider_vc alias=\u00a0\u00bbslider-home-fr\u00a0\u00bb][\/vc_column][\/vc_row][vc_row full_width=\u00a0\u00bbstretch_row_content\u00a0\u00bb css=\u00a0\u00bb.vc_custom_1564056250260{padding-right: 100px !important;padding-left: 100px !important;}\u00a0\u00bb][vc_column][vc_column_text]\n<div class=\"container\">\n<h3 class=\"title mx-auto py-3\" style=\"text-align: center;\"><span style=\"font-family: Poppins; font-weight: bold; font-style: normal; font-size: 18pt; color: #333333;\">Services<\/span><\/h3>\n<\/div>\n[\/vc_column_text][\/vc_column][\/vc_row][vc_row full_width=\u00a0\u00bbstretch_row_content\u00a0\u00bb css=\u00a0\u00bb.vc_custom_1564063621886{padding-right: 100px !important;padding-left: 100px !important;}\u00a0\u00bb][vc_column][vc_tta_accordion][vc_tta_section title=\u00a0\u00bb\u00c9talonnages\u00a0\u00bb tab_id=\u00a0\u00bb1564063489717-b3a96809-c59a\u00a0\u00bb][vc_row_inner][vc_column_inner width=\u00a0\u00bb2\/4&Prime;][vc_single_image image=\u00a0\u00bb361&Prime; img_size=\u00a0\u00bblarge\u00a0\u00bb alignment=\u00a0\u00bbcenter\u00a0\u00bb][\/vc_column_inner][vc_column_inner width=\u00a0\u00bb2\/4&Prime;][vc_column_text css=\u00a0\u00bb.vc_custom_1564061030352{margin-left: -50px !important;}\u00a0\u00bb]\n<p><span style=\"font-size: 12pt; font-family: Poppins;\">\u00c9talonnages sur site :<\/span><\/p>\n<ul style=\"margin-left: 60px; margin-bottom: 0px; margin-top: 0px; font-family: Poppins;\">\n<li><span style=\"font-size: 12pt;\">Premier \u00e9talonnage \/ recalibrage des distributeurs de GPL pour les voitures <\/span><\/li>\n<li><span style=\"font-size: 12pt;\">V\u00e9rification des distributeurs de GPL pour chariot \u00e9l\u00e9vateur<\/span><\/li>\n<\/ul>\n<p><span style=\"font-size: 12pt; font-family: Poppins;\">\u00c9talonnages en usine \u00e0 Salzgitter:<\/span><\/p>\n<ul style=\"margin-left: 60px; margin-top: 0px; font-family: Poppins;\">\n<li><span style=\"font-size: 12pt;\">Premier \u00e9talonnage \/ recalibrage des camions-citernes GPL <\/span><\/li>\n<li><span style=\"font-size: 12pt;\">Premier \u00e9talonnage \/ recalibrage des syst\u00e8mes de mesure de GPL <\/span><\/li>\n<li><span style=\"font-size: 12pt;\">Premier \u00e9talonnage \/ recalibrage des distributeurs de GPL pour les voiture<\/span><\/li>\n<li><span style=\"font-size: 12pt;\">Premier \u00e9talonnage \/ recalibrage des distributeurs de GPL pour camions\u00a0<\/span><\/li>\n<li><span style=\"font-size: 12pt;\"> Inspection des distributeurs de GPL pour chariots \u00e9l\u00e9vateurs <\/span><\/li>\n<li><span style=\"font-size: 12pt;\">Test pr\u00e9liminaire des compteurs \u00e0 piston<\/span><\/li>\n<\/ul>\n<p style=\"float: right;\"><span style=\"font-size: 12pt;\"><a style=\"color: #e64320;\" href=\"https:\/\/www.fas.de\/index.php\/en\/mservicedeutschland\/mserviceeichungen\" target=\"_blank\" rel=\"noopener noreferrer\">Lire plus&#8230;<\/a><\/span><\/p>\n[\/vc_column_text][\/vc_column_inner][\/vc_row_inner][\/vc_tta_section][vc_tta_section title=\u00a0\u00bbInstallation et mise en service \u00a0\u00bb tab_id=\u00a0\u00bb1564063489717-949491d0-8671&Prime;][vc_row_inner][vc_column_inner width=\u00a0\u00bb2\/4&Prime;][vc_single_image image=\u00a0\u00bb365&Prime; alignment=\u00a0\u00bbcenter\u00a0\u00bb][\/vc_column_inner][vc_column_inner width=\u00a0\u00bb2\/4&Prime;][vc_column_text css=\u00a0\u00bb.vc_custom_1564061266243{margin-left: -50px !important;}\u00a0\u00bb]<span style=\"font-size: 12pt; font-family: Poppins;\">Installation et mise en service : <\/span><\/p>\n<ul>\n<li>Stations-service AUTOGAS<\/li>\n<li>Stations-service de gaz combustible<\/li>\n<li>Distributeurs de GPL<\/li>\n<li>Buses de remplissage GPL<\/li>\n<li>Compteurs \u00e0 piston GPL<\/li>\n<li>Pompes et groupes de pompage GPL<\/li>\n<li>Compresseurs et groupes compresseurs GPL<\/li>\n<li>Compresseurs et groupes compresseurs d&rsquo;ammoniac<\/li>\n<li>Syst\u00e8mes de mesure de GPL<\/li>\n<li>Camions-citernes GPL<\/li>\n<li>Vaporisateurs GPL et syst\u00e8mes de vaporisation<\/li>\n<li>Stations de chargement de GPL<\/li>\n<li>Stations de chargement d&rsquo;ammoniac<\/li>\n<li>Mesure du transfert de garde avec des d\u00e9bitm\u00e8tres Coriolis<\/li>\n<li>Syst\u00e8mes d&rsquo;injection d&rsquo;additifs<\/li>\n<li>Ensemble complet de m\u00e9lange de GPL<\/li>\n<li>Unit\u00e9 de sodage de Mercaptan (syst\u00e8me d&rsquo;injection de Mercaptan)<\/li>\n<li>Pompage de gaz conditionn\u00e9<\/li>\n<li>Syst\u00e8me de skid de pompe emball\u00e9e<\/li>\n<li>Skid de transfert de chaleur<\/li>\n<li>Skid d&rsquo;eau d&rsquo;alimentation de chaudi\u00e8re<\/li>\n<li>Unit\u00e9 de patinage de l&rsquo;eau de refroidissement des proc\u00e9d\u00e9s<\/li>\n<li>Plates-formes de chargement \u00e0 acc\u00e8s s\u00e9curis\u00e9<\/li>\n<\/ul>\n<p style=\"float: right;\"><span style=\"font-size: 12pt; font-family: Poppins;\"><a style=\"color: #e64320;\" href=\"https:\/\/www.fas.de\/index.php\/en\/mservicedeutschland\/mservicemontageibn\" target=\"_blank\" rel=\"noopener noreferrer\">Lire plus&#8230;<\/a><\/span><\/p>\n[\/vc_column_text][\/vc_column_inner][\/vc_row_inner][\/vc_tta_section][vc_tta_section title=\u00a0\u00bbInstallation et mise en service\u00a0\u00bb tab_id=\u00a0\u00bb1564063700788-9a866ca9-455b\u00a0\u00bb][vc_row_inner][vc_column_inner width=\u00a0\u00bb2\/4&Prime;][vc_single_image image=\u00a0\u00bb367&Prime; alignment=\u00a0\u00bbcenter\u00a0\u00bb][\/vc_column_inner][vc_column_inner width=\u00a0\u00bb2\/4&Prime;][vc_column_text css=\u00a0\u00bb.vc_custom_1564062010561{margin-left: -50px !important;}\u00a0\u00bb] <span style=\"font-size: 12pt; font-family: Poppins;\">V\u00e9rification, r\u00e9parations et r\u00e9visions :<\/span><\/p>\n<ul style=\"margin-left: 60px; margin-top: 0px;\">\n<li><span style=\"font-size: 12pt; font-family: Poppins;\">AUTOGAS-filling stations<\/span><\/li>\n<li><span style=\"font-size: 12pt; font-family: Poppins;\">Stations de remplissage AUTOGAS\u00a0<\/span><\/li>\n<li><span style=\"font-size: 12pt; font-family: Poppins;\"> Stations de remplissage de gaz combustible<\/span><\/li>\n<li><span style=\"font-size: 12pt; font-family: Poppins;\">Distributeurs de GPL<\/span><\/li>\n<li><span style=\"font-size: 12pt; font-family: Poppins;\">Buses de remplissage GPL <\/span><\/li>\n<li><span style=\"font-size: 12pt; font-family: Poppins;\">Compteurs \u00e0 piston GPL <\/span><\/li>\n<li><span style=\"font-size: 12pt; font-family: Poppins;\">Pompes et groupes motopompes GPL <\/span><\/li>\n<li><span style=\"font-size: 12pt; font-family: Poppins;\">Compresseurs GPL et groupes compresseurs<\/span><\/li>\n<li><span style=\"font-size: 12pt; font-family: Poppins;\">Compresseurs et unit\u00e9s de compression d&rsquo;ammoniac <\/span><\/li>\n<li><span style=\"font-size: 12pt; font-family: Poppins;\">Syst\u00e8mes de mesure GPL<\/span><\/li>\n<li><span style=\"font-size: 12pt; font-family: Poppins;\">Camions-citernes GPL <\/span><\/li>\n<li><span style=\"font-size: 12pt; font-family: Poppins;\">Vaporisateurs GPL et syst\u00e8mes de vaporisateurs\u00a0<\/span><\/li>\n<li><span style=\"font-size: 12pt; font-family: Poppins;\"> Stations de chargement de GPL<\/span><\/li>\n<li><span style=\"font-size: 12pt; font-family: Poppins;\">Stations d&rsquo;armes de chargement d&rsquo;ammoniac<\/span><\/li>\n<\/ul>\n<p style=\"float: right;\"><span style=\"font-size: 12pt; font-family: Poppins;\"><a style=\"color: #e64320;\" href=\"https:\/\/www.fas.de\/index.php\/en\/mservicedeutschland\/mservicereparaturen\" target=\"_blank\" rel=\"noopener noreferrer\">\u00a0<\/a><a style=\"color: #e64320;\" href=\"https:\/\/www.fas.de\/index.php\/en\/mservicedeutschland\/mservicemontageibn\" target=\"_blank\" rel=\"noopener noreferrer\">Lire plus<\/a><a style=\"color: #e64320;\" href=\"https:\/\/www.fas.de\/index.php\/en\/mservicedeutschland\/mservicereparaturen\" target=\"_blank\" rel=\"noopener noreferrer\">&#8230;<\/a><\/span><\/p>\n[\/vc_column_text][\/vc_column_inner][\/vc_row_inner][\/vc_tta_section][vc_tta_section title=\u00a0\u00bbPannes, maintenance et service d&rsquo;urgence 24h \/ 24&Prime; tab_id=\u00a0\u00bb1564064157721-d8314c21-30aa\u00a0\u00bb][vc_row_inner][vc_column_inner width=\u00a0\u00bb2\/4&Prime;][vc_single_image image=\u00a0\u00bb364&Prime; alignment=\u00a0\u00bbcenter\u00a0\u00bb][\/vc_column_inner][vc_column_inner width=\u00a0\u00bb2\/4&Prime;][vc_column_text css=\u00a0\u00bb.vc_custom_1564062294508{margin-left: -50px !important;}\u00a0\u00bb]\n<ul style=\"margin-top: 0px; margin-left: 60px;\">\n<li><span style=\"font-size: 12pt; font-family: Poppins;\">D\u00e9pannage <\/span><\/li>\n<li><span style=\"font-size: 12pt; font-family: Poppins;\">Entretien <\/span><\/li>\n<li><span style=\"font-size: 12pt; font-family: Poppins;\">Grand stock de services s\u00e9par\u00e9 <\/span><\/li>\n<li><span style=\"font-size: 12pt; font-family: Poppins;\">Gestion des d\u00e9lais d&rsquo;inspection <\/span><\/li>\n<li><span style=\"font-size: 12pt; font-family: Poppins;\">Acc\u00e8s \u00e0 distance sur les documents de test<\/span><\/li>\n<li><span style=\"font-size: 12pt; font-family: Poppins;\">Si\u00e8ge social \/ Bureau de r\u00e9ception des d\u00e9fauts<\/span><\/li>\n<li><span style=\"font-size: 12pt; font-family: Poppins;\">Service d&rsquo;urgence 24 heures<\/span><\/li>\n<\/ul>\n<p style=\"float: right;\"><span style=\"font-size: 12pt; font-family: Poppins;\"><a style=\"color: #e64320;\" href=\"https:\/\/www.fas.de\/index.php\/en\/mservicedeutschland\/mservicemontageibn\" target=\"_blank\" rel=\"noopener noreferrer\">Lire plus<\/a><a style=\"color: #e64320;\" href=\"https:\/\/www.fas.de\/index.php\/en\/mservicedeutschland\/mservicewartungen\" target=\"_blank\" rel=\"noopener noreferrer\">&#8230;<\/a><\/span><\/p>\n[\/vc_column_text][\/vc_column_inner][\/vc_row_inner][\/vc_tta_section][vc_tta_section title=\u00a0\u00bb Location de syst\u00e8mes de vaporisateur de type sec au GPL\u00a0\u00bb tab_id=\u00a0\u00bb1564064247579-b9cb08e4-c4b2&Prime;][vc_row_inner][vc_column_inner width=\u00a0\u00bb2\/4&Prime;][vc_single_image image=\u00a0\u00bb366&Prime; alignment=\u00a0\u00bbcenter\u00a0\u00bb][\/vc_column_inner][vc_column_inner width=\u00a0\u00bb2\/4&Prime;][vc_column_text css=\u00a0\u00bb.vc_custom_1564062735344{margin-left: -50px !important;}\u00a0\u00bb]\n<ul style=\"margin-top: 0px; margin-left: 60px;\">\n<li><span style=\"font-size: 12pt; font-family: Poppins;\">Vaporisateur LPG \u00e0 sec FAS-2000 avec 32 kg \/ h<\/span><\/li>\n<li><span style=\"font-size: 12pt; font-family: Poppins;\">Vaporisateur LPG \u00e0 sec FAS-2000 avec 60 kg \/ h <\/span><\/li>\n<li><span style=\"font-size: 12pt; font-family: Poppins;\">Vaporisateur LPG \u00e0 sec FAS-2000 avec 100 kg \/ h<\/span><\/li>\n<li><span style=\"font-size: 12pt; font-family: Poppins;\">Vaporisateur LPG \u00e0 sec FAS-2000 avec 170 kg \/ h<\/span><\/li>\n<li><span style=\"font-size: 12pt; font-family: Poppins;\">Vaporisateur LPG \u00e0 sec FAS-2000 avec 330 kg \/ h <\/span><\/li>\n<li><span style=\"font-size: 12pt; font-family: Poppins;\">Autres services sur demande<\/span><\/li>\n<\/ul>\n<p style=\"float: right;\"><span style=\"font-size: 12pt; font-family: Poppins;\"><a style=\"color: #e64320;\" href=\"https:\/\/www.fas.de\/index.php\/en\/mservicedeutschland\/mservicemieten\" target=\"_blank\" rel=\"noopener noreferrer\">Lire plus&#8230;<\/a><\/span><\/p>\n[\/vc_column_text][\/vc_column_inner][\/vc_row_inner][\/vc_tta_section][vc_tta_section title=\u00a0\u00bbCertificats et approbations\u00a0\u00bb tab_id=\u00a0\u00bb1564064312702-e4435d61-6598&Prime;][vc_row_inner][vc_column_inner width=\u00a0\u00bb2\/4&Prime;][vc_single_image image=\u00a0\u00bb362&Prime; alignment=\u00a0\u00bbcenter\u00a0\u00bb][\/vc_column_inner][vc_column_inner width=\u00a0\u00bb2\/4&Prime;][vc_column_text css=\u00a0\u00bb.vc_custom_1564062735344{margin-left: -50px !important;}\u00a0\u00bb]\n<ul style=\"margin-top: 0px; margin-left: 60px;\">\n<li><span style=\"font-size: 12pt; font-family: Poppins;\">Vaporisateur LPG \u00e0 sec FAS-2000 avec 32 kg \/ h<\/span><\/li>\n<li><span style=\"font-size: 12pt; font-family: Poppins;\">Vaporisateur LPG \u00e0 sec FAS-2000 avec 60 kg \/ h <\/span><\/li>\n<li><span style=\"font-size: 12pt; font-family: Poppins;\">Vaporisateur LPG \u00e0 sec FAS-2000 avec 100 kg \/ h<\/span><\/li>\n<li><span style=\"font-size: 12pt; font-family: Poppins;\">Vaporisateur LPG \u00e0 sec FAS-2000 avec 170 kg \/ h<\/span><\/li>\n<li><span style=\"font-size: 12pt; font-family: Poppins;\">Vaporisateur LPG \u00e0 sec FAS-2000 avec 330 kg \/ h <\/span><\/li>\n<li><span style=\"font-size: 12pt; font-family: Poppins;\">Autres services sur demande<\/span><\/li>\n<\/ul>\n<p style=\"float: right;\"><span style=\"font-size: 12pt; font-family: Poppins;\"><a style=\"color: #e64320;\" href=\"https:\/\/www.fas.de\/index.php\/en\/mservicedeutschland\/mservicemieten\" target=\"_blank\" rel=\"noopener noreferrer\">Lire plus&#8230;<\/a><\/span><\/p>\n[\/vc_column_text][\/vc_column_inner][\/vc_row_inner][\/vc_tta_section][\/vc_tta_accordion][\/vc_column][\/vc_row]\n","protected":false},"excerpt":{"rendered":"<p>[vc_row full_width=\u00a0\u00bbstretch_row_content_no_spaces\u00a0\u00bb][vc_column][rev_slider_vc alias=\u00a0\u00bbslider-home-fr\u00a0\u00bb][\/vc_column][\/vc_row][vc_row full_width=\u00a0\u00bbstretch_row_content\u00a0\u00bb css=\u00a0\u00bb.vc_custom_1564056250260{padding-right: 100px !important;padding-left: 100px !important;}\u00a0\u00bb][vc_column][vc_column_text] Services [\/vc_column_text][\/vc_column][\/vc_row][vc_row full_width=\u00a0\u00bbstretch_row_content\u00a0\u00bb css=\u00a0\u00bb.vc_custom_1564063621886{padding-right: 100px !important;padding-left: 100px !important;}\u00a0\u00bb][vc_column][vc_tta_accordion][vc_tta_section title=\u00a0\u00bb\u00c9talonnages\u00a0\u00bb tab_id=\u00a0\u00bb1564063489717-b3a96809-c59a\u00a0\u00bb][vc_row_inner][vc_column_inner width=\u00a0\u00bb2\/4&Prime;][vc_single_image image=\u00a0\u00bb361&Prime; img_size=\u00a0\u00bblarge\u00a0\u00bb alignment=\u00a0\u00bbcenter\u00a0\u00bb][\/vc_column_inner][vc_column_inner width=\u00a0\u00bb2\/4&Prime;][vc_column_text css=\u00a0\u00bb.vc_custom_1564061030352{margin-left: -50px !important;}\u00a0\u00bb] \u00c9talonnages sur site : Premier \u00e9talonnage \/ recalibrage des distributeurs de GPL pour les voitures V\u00e9rification des distributeurs de GPL pour chariot \u00e9l\u00e9vateur \u00c9talonnages en usine \u00e0 Salzgitter: &hellip; <a href=\"https:\/\/www.fas-northafrica.com\/fr\/service\/\" class=\"more-link\">Continuer la lecture<span class=\"screen-reader-text\"> de &laquo;&nbsp;Service&nbsp;&raquo;<\/span><\/a><\/p>\n","protected":false},"author":1,"featured_media":0,"parent":0,"menu_order":0,"comment_status":"closed","ping_status":"open","template":"","meta":[],"_links":{"self":[{"href":"https:\/\/www.fas-northafrica.com\/fr\/wp-json\/wp\/v2\/pages\/49"}],"collection":[{"href":"https:\/\/www.fas-northafrica.com\/fr\/wp-json\/wp\/v2\/pages"}],"about":[{"href":"https:\/\/www.fas-northafrica.com\/fr\/wp-json\/wp\/v2\/types\/page"}],"author":[{"embeddable":true,"href":"https:\/\/www.fas-northafrica.com\/fr\/wp-json\/wp\/v2\/users\/1"}],"replies":[{"embeddable":true,"href":"https:\/\/www.fas-northafrica.com\/fr\/wp-json\/wp\/v2\/comments?post=49"}],"version-history":[{"count":25,"href":"https:\/\/www.fas-northafrica.com\/fr\/wp-json\/wp\/v2\/pages\/49\/revisions"}],"predecessor-version":[{"id":2408,"href":"https:\/\/www.fas-northafrica.com\/fr\/wp-json\/wp\/v2\/pages\/49\/revisions\/2408"}],"wp:attachment":[{"href":"https:\/\/www.fas-northafrica.com\/fr\/wp-json\/wp\/v2\/media?parent=49"}],"curies":[{"name":"wp","href":"https:\/\/api.w.org\/{rel}","templated":true}]}}