{"id":880,"date":"2019-11-19T13:14:48","date_gmt":"2019-11-19T12:14:48","guid":{"rendered":"https:\/\/www.fas-northafrica.com\/?page_id=880"},"modified":"2026-02-21T23:55:46","modified_gmt":"2026-02-21T22:55:46","slug":"container-filling-plans","status":"publish","type":"page","link":"https:\/\/www.fas-northafrica.com\/fr\/products\/container-filling-plans\/","title":{"rendered":"Station de remplissage GPL (Gaz Butane \/ Propane) en conteneurs"},"content":{"rendered":"[vc_row full_width=\u00a0\u00bbstretch_row_content_no_spaces\u00a0\u00bb][vc_column][rev_slider_vc alias=\u00a0\u00bbslider-page\u00a0\u00bb][vc_column_text css=\u00a0\u00bb.vc_custom_1574166712594{background-color: #f5f5f5 !important;}\u00a0\u00bb]\n<p style=\"text-align: center; margin-top: -35px;\"><span style=\"font-size: 12pt; color: #808080;\"><span class=\"ourproducts\" style=\"font-family: Poppins;\"><a class=\"black\" href=\"https:\/\/www.fas-northafrica.com\/fr\/products\/\"><span class=\"lien\" style=\"color: #333333;\">NOS PRODUITS<\/span><\/a>\u00a0<\/span> <img class=\"file\" src=\"https:\/\/www.fas-northafrica.com\/wp-content\/uploads\/2019\/07\/1.png\" \/><span style=\"font-family: Poppins; color: #e64320;\">Usine de remplissage de conteneurs<\/span><\/span><\/p>\n[\/vc_column_text][vc_row_inner][vc_column_inner width=\u00a0\u00bb1\/2&Prime;][vc_single_image image=\u00a0\u00bb888&Prime; img_size=\u00a0\u00bbfull\u00a0\u00bb][\/vc_column_inner][vc_column_inner width=\u00a0\u00bb1\/2&Prime;][vc_column_text css=\u00a0\u00bb.vc_custom_1574167887175{margin-right: 50px !important;margin-left: 50px !important;}\u00a0\u00bb]\n<h3 class=\"LC20lb MBeuO DKV0Md\" style=\"text-align: center;\">UNIT\u00c9S D&rsquo;EMPLISSAGE EN CONTENEUR<\/h3>\n<h3 style=\"text-align: center;\" data-wow-duration=\"2s\"><span style=\"font-family: Poppins; font-weight: bold; font-style: normal;\">\u00a0<\/span><\/h3>\n<table class=\"tabproduct\" style=\"margin-top: 40px;\" border=\"0\">\n<tbody>\n<tr>\n<td>\n<figure style=\"width: 323px\"  class=\"wp-caption alignnone\"><img loading=\"lazy\" class=\"Station avec deux bascules de remplissage WAER100 ex\/e et une unit\u00e9 d'\u00e9vacuation E1Ka\" title=\"Station avec deux bascules de remplissage WAER100 ex\/e et une unit\u00e9 d'\u00e9vacuation E1Ka\" src=\"https:\/\/www.fas-northafrica.com\/wp-content\/uploads\/2019\/07\/containeranlagen1.jpg\" alt=\"Station avec deux bascules de remplissage WAER100 ex\/e et une unit\u00e9 d'\u00e9vacuation E1Ka\" width=\"323\" height=\"139\" \/><figcaption class=\"wp-caption-text\"><span style=\"color: #ffffff;\">Station avec deux bascules de remplissage WAER100 ex\/e et une unit\u00e9 d&rsquo;\u00e9vacuation E1Ka<\/span><\/figcaption><\/figure><\/td>\n<td><center><\/p>\n<figure style=\"width: 238px\"  class=\"wp-caption alignnone\"><img loading=\"lazy\" class=\"Station de remplissage GPL (Gaz Butane \/ Propane) en conteneurs\" title=\"Station de remplissage GPL (Gaz Butane \/ Propane) en conteneurs\" src=\"https:\/\/www.fas-northafrica.com\/wp-content\/uploads\/2019\/07\/containeranlagen2.jpg\" alt=\"Station de remplissage GPL (Gaz Butane \/ Propane) en conteneurs\" width=\"238\" height=\"224\" \/><figcaption class=\"wp-caption-text\">Station de remplissage GPL (Gaz Butane \/ Propane) en conteneurs<\/figcaption><\/figure>\n<p><\/center><\/td>\n<\/tr>\n<tr>\n<th>\n<p style=\"text-align: center;\"><span style=\"font-size: 12pt; font-family: Poppins;\">Station avec deux bascules de remplissage WAER100 ex\/e et une unit\u00e9 d&rsquo;\u00e9vacuation E1Ka<\/span><\/p>\n<\/th>\n<th>\n<p style=\"text-align: center;\"><span style=\"font-size: 12pt; font-family: Poppins;\">Bascules de remplissage\u00a0 WAER100ex\/e Avec unit\u00e9 d&rsquo;\u00e9vacuation E1Ka Avec construction en Cabine.<\/span><\/p>\n<\/th>\n<\/tr>\n<\/tbody>\n<\/table>\n<p style=\"line-height: 2; margin-top: -10px !important; text-align: justify;\"><span style=\"font-family: Poppins; font-size: 12pt; text-align: justify; margin-top: -40px !important;\">Pour les conteneurs ainsi que pour les installations de remplissage compactes, les produits des soci\u00e9t\u00e9s NINNELT et FAS sont combin\u00e9s pour les applications respectives selon les sp\u00e9cifications du client et assembl\u00e9s pr\u00eats \u00e0 \u00eatre raccord\u00e9s dans l&rsquo;usine de Salzgitter. En tenant compte des r\u00e9glementations sp\u00e9cifiques au pays, la combinaison d&rsquo;une installation de remplissage de bouteilles avec une unit\u00e9 d&rsquo;\u00e9vacuation et d&rsquo;un distributeur de GPL correspondants ou avec une installation de remplissage de bouteilles mobile compl\u00e8te correspondante est possible, entre autres.<\/span><\/p>\n<p class=\"bt-product\" style=\"background-color: #e64320; height: 35px; width: 200px; text-align: center; margin-top: -20px !important;\"><a href=\"https:\/\/www.fas-northafrica.com\/index.php\/contact\/\"><span style=\"color: #ffffff; font-family: Poppins; font-size: 12pt;\">Demande de devis<\/span><\/a><\/p>\n[\/vc_column_text][\/vc_column_inner][\/vc_row_inner][\/vc_column][\/vc_row][vc_row full_width=\u00a0\u00bbstretch_row_content_no_spaces\u00a0\u00bb css=\u00a0\u00bb.vc_custom_1564133842973{margin-top: -45px !important;background-color: #2f2f2f !important;}\u00a0\u00bb][vc_column][vc_column_text]\n<p style=\"text-align: center;\"><span style=\"font-family: Poppins; font-size: 14pt; text-align: justify; color: #e64320;\"><strong><span style=\"font-size: 16pt;\">Options et configurations possibles:<\/span><br \/>\n<\/strong><\/span><\/p>\n[\/vc_column_text][vc_row_inner css=\u00a0\u00bb.vc_custom_1564133768675{margin-top: -20px !important;}\u00a0\u00bb][vc_column_inner width=\u00a0\u00bb1\/2&Prime;][vc_column_text css=\u00a0\u00bb.vc_custom_1564133591037{margin-left: 40px !important;}\u00a0\u00bb]\n<ul style=\"color: #dedede;\">\n<li style=\"margin-left: 30px;\"><span style=\"color: #ffffff; font-size: 12pt; font-family: Poppins;\">\u00a0Les \u00e9chelles de remplissage de GPL suivantes sont disponibles:<\/span>\n<ul>\n<li style=\"margin-left: 30px;\"><span style=\"color: #ffffff; font-size: 12pt; font-family: Poppins;\">Balances de remplissage GPL non adapt\u00e9es \u00e0 l&rsquo;\u00e9talonnage: WAB 90 p<\/span><\/li>\n<li style=\"margin-left: 30px;\"><span style=\"color: #ffffff; font-size: 12pt; font-family: Poppins;\">Balances de remplissage GPL adapt\u00e9es \u00e0 l&rsquo;\u00e9talonnage: WAER, WAER 50ex \/ e-i, WAER 100 ex \/ e<\/span><\/li>\n<\/ul>\n<\/li>\n<li style=\"margin-left: 30px;\"><span style=\"color: #ffffff; font-size: 12pt; font-family: Poppins;\">V\u00e9rifier l&rsquo;\u00e9chelle WER 100 ex<\/span><\/li>\n<li style=\"margin-left: 30px;\"><span style=\"color: #ffffff; font-size: 12pt; font-family: Poppins;\">\u00a0Unit\u00e9s d&rsquo;essai d&rsquo;\u00e9tanch\u00e9it\u00e9 MED, AED et AED2<\/span><\/li>\n<li style=\"margin-left: 30px;\"><span style=\"color: #ffffff; font-size: 12pt; font-family: Poppins;\">\u00a0Machines \u00e0 r\u00e9tr\u00e9cir MS et AS<\/span><\/li>\n<li style=\"margin-left: 30px;\"><span style=\"color: #ffffff; font-size: 12pt; font-family: Poppins;\">\u00a0Unit\u00e9s d&rsquo;\u00e9vacuation E1Ka, E2Ka, E3Ka, E4Ka, E5Ka<\/span><\/li>\n<li style=\"margin-left: 30px;\"><span style=\"color: #ffffff; font-size: 12pt; font-family: Poppins;\">\u00a0\u00a0Syst\u00e8me de lavage de cylindres WS<\/span><\/li>\n<li style=\"margin-left: 30px;\"><span style=\"color: #ffffff; font-size: 12pt; font-family: Poppins;\">\u00a0Transfert de donn\u00e9es sans fil de l&rsquo;\u00e9chelle de remplissage au PC pour une manipulation et une \u00e9valuation plus approfondies avec en option<\/span><\/li>\n<li style=\"margin-left: 30px;\"><span style=\"color: #ffffff; font-size: 12pt; font-family: Poppins;\">\u00a0\u00a0logiciel disponible NLT<\/span><\/li>\n<li style=\"margin-left: 30px;\"><span style=\"color: #ffffff; font-size: 12pt; font-family: Poppins;\">\u00a0\u00a0Syst\u00e8me de stockage hors sol ou souterrain avec pompe correspondante<\/span><\/li>\n<li style=\"margin-left: 30px;\"><span style=\"color: #ffffff; font-size: 12pt; font-family: Poppins;\">\u00a0\u00a0Les distributeurs FAS suivants sont disponibles:\u00a0<\/span>\n<ul>\n<li style=\"margin-left: 30px;\"><span style=\"font-size: 12pt; font-family: Poppins; color: #ffffff;\"><a style=\"color: #ffffff;\" title=\"Read more...\" href=\"https:\/\/www.fas.de\/index.php\/en\/zapfsaeulen\/oeffentlichbuslkw\">Distributeurs FAS pour bus et camions:<\/a><\/span><\/li>\n<li style=\"margin-left: 30px;\"><span style=\"color: #ffffff; font-size: 12pt; font-family: Poppins;\">Distributeurs de GPL adapt\u00e9s au type d&rsquo;\u00e9talonnage FAS-120, FAS-140, FAS-220, FAS-240<\/span><\/li>\n<li style=\"margin-left: 30px;\"><span style=\"font-size: 12pt; font-family: Poppins; color: #ffffff;\"><a style=\"color: #ffffff;\" title=\"mehr Informationen...\" href=\"https:\/\/www.fas.de\/index.php\/en\/zapfsaeulen\/oeffentlichpkw\/oeffentlichpkw\">Distributeurs FAS pour bateaux et voitures:<\/a><\/span><\/li>\n<li style=\"margin-left: 30px;\"><span style=\"color: #ffffff; font-size: 12pt; font-family: Poppins;\">Distributeurs de GPL adapt\u00e9s au type d&rsquo;\u00e9talonnage FAS-120, FAS-140, FAS-220, FAS-240\u00a0<\/span><\/li>\n<li style=\"margin-left: 30px;\"><span style=\"font-size: 12pt; font-family: Poppins; color: #ffffff;\"><a style=\"color: #ffffff;\" title=\"mehr Informationen...\" href=\"https:\/\/www.fas.de\/index.php\/en\/zapfsaeulen\/oeffentlichpkw\/oeffentlichpkwmitta\">Distributeurs FAS avec syst\u00e8me de cartes pour bateaux et voitures:<\/a><\/span><\/li>\n<\/ul>\n<\/li>\n<\/ul>\n[\/vc_column_text][\/vc_column_inner][vc_column_inner width=\u00a0\u00bb1\/2&Prime;][vc_column_text css=\u00a0\u00bb.vc_custom_1564133756618{margin-left: 40px !important;}\u00a0\u00bb]\n<ul style=\"color: #dedede;\">\n<li style=\"margin-left: 30px;\"><span style=\"color: #ffffff; font-size: 12pt; font-family: Poppins;\">Les pompes d&rsquo;alimentation suivantes sont disponibles:<\/span>\n<ul>\n<li style=\"margin-left: 30px;\"><span style=\"color: #ffffff; font-size: 12pt; font-family: Poppins;\">Ebsray RC25<\/span><\/li>\n<li style=\"margin-left: 30px;\"><span style=\"color: #ffffff; font-size: 12pt; font-family: Poppins;\">Corken FD150<\/span><\/li>\n<li style=\"margin-left: 30px;\"><span style=\"color: #ffffff; font-size: 12pt; font-family: Poppins;\">FAS-NZ<\/span><\/li>\n<li style=\"margin-left: 30px;\"><span style=\"color: #ffffff; font-size: 12pt; font-family: Poppins;\">SIHI SC2003, SIHI SC2004<\/span><\/li>\n<li style=\"margin-left: 30px;\"><span style=\"color: #ffffff; font-size: 12pt; font-family: Poppins;\">Blackmer LGB1<\/span><\/li>\n<li style=\"margin-left: 30px;\"><span style=\"color: #ffffff; font-size: 12pt; font-family: Poppins;\">Viking HJ-4195 G<\/span><\/li>\n<li style=\"margin-left: 30px;\"><span style=\"color: #ffffff; font-size: 12pt; font-family: Poppins;\">Autres mod\u00e8les et fabricants sur demande.<\/span><\/li>\n<\/ul>\n<\/li>\n<li style=\"margin-left: 30px;\"><span style=\"color: #ffffff; font-size: 12pt; font-family: Poppins;\">Les motopompes submersibles suivantes sont disponibles:<\/span>\n<ul>\n<li style=\"margin-left: 30px;\"><span style=\"color: #ffffff; font-size: 12pt; font-family: Poppins;\">Ebsray RX33, Ebsray RX10<\/span><\/li>\n<li style=\"margin-left: 30px;\"><span style=\"color: #ffffff; font-size: 12pt; font-family: Poppins;\">Gilbarco Veeder Root Premier, MidFlow, High Flow<\/span><\/li>\n<li style=\"margin-left: 30px;\"><span style=\"color: #ffffff; font-size: 12pt; font-family: Poppins;\">FAS-NZ<\/span><\/li>\n<li style=\"margin-left: 30px;\"><span style=\"color: #ffffff; font-size: 12pt; font-family: Poppins;\">SIHI CEBA 2003<\/span><\/li>\n<li style=\"margin-left: 30px;\"><span style=\"color: #ffffff; font-size: 12pt; font-family: Poppins;\">Autres mod\u00e8les et fabricants sur demande.<\/span><\/li>\n<\/ul>\n<\/li>\n<li style=\"margin-left: 30px;\"><span style=\"font-size: 12pt; font-family: Poppins; color: #ffffff;\">De plus, nous proposons ce qui suit:<\/span>\n<ul>\n<li style=\"margin-left: 30px;\"><span style=\"font-size: 12pt; font-family: Poppins; color: #ffffff;\">Planification et gestion de projet cl\u00e9 en main<\/span><\/li>\n<li style=\"margin-left: 30px;\"><span style=\"font-size: 12pt; font-family: Poppins; color: #ffffff;\">Fourniture d&rsquo;une version plug-in<\/span><\/li>\n<li style=\"margin-left: 30px;\"><span style=\"font-size: 12pt; font-family: Poppins; color: #ffffff;\">Contr\u00f4le de syst\u00e8me li\u00e9 au projet<\/span><\/li>\n<li style=\"margin-left: 30px;\"><span style=\"font-size: 12pt; font-family: Poppins; color: #ffffff;\">Installation et mise en service compl\u00e8tes<\/span><\/li>\n<li style=\"margin-left: 30px;\"><span style=\"font-size: 12pt; font-family: Poppins; color: #ffffff;\">Service et maintenance<\/span><\/li>\n<\/ul>\n<\/li>\n<\/ul>\n[\/vc_column_text][\/vc_column_inner][\/vc_row_inner][\/vc_column][\/vc_row][vc_row full_width=\u00a0\u00bbstretch_row_content\u00a0\u00bb][vc_column][vc_column_text css=\u00a0\u00bb.vc_custom_1574167776289{margin-bottom: -10px !important;}\u00a0\u00bb]\n<p style=\"text-align: center;\"><span style=\"font-family: Poppins; font-size: 14pt; text-align: justify; color: #e64320;\"><strong><span style=\"font-size: 16pt;\">Les syst\u00e8mes de remplissage de conteneurs GPL sont disponibles dans les ex\u00e9cutions suivantes:<br \/>\n<\/span><br \/>\n<\/strong><\/span><\/p>\n[\/vc_column_text][\/vc_column][\/vc_row][vc_row full_width=\u00a0\u00bbstretch_row_content_no_spaces\u00a0\u00bb css=\u00a0\u00bb.vc_custom_1564134605776{background-color: #f5f5f5 !important;}\u00a0\u00bb][vc_column][vc_column_text css=\u00a0\u00bb.vc_custom_1574167132922{margin-right: 40px !important;margin-left: 80px !important;}\u00a0\u00bb]\n<p><span style=\"font-family: Poppins; font-size: 12pt; text-align: justify;\">&#8211; Mini Centre emplisseur de bouteilles gaz\/GPL en conteneur avec Bascules de remplissage et \u00e9quipement suppl\u00e9mentaire correspondant.<br \/>\n&#8211; Mini Centre emplisseur de bouteilles gaz\/GPL dans un conteneur avec des \u00e9chelles de remplissage, \u00e9quipement suppl\u00e9mentaire correspondant et distributeur de GPL.<br \/>\n&#8211; Micro centre \/ station de remplissage\u00a0 avec\u00a0 construction en Cabinet s avec \u00e9quipement suppl\u00e9mentaire correspondant.<\/span><\/p>\n<ul>\n<li>Station de remplissage d&rsquo;a\u00e9rosol.<\/li>\n<\/ul>\n<p>Nos produits ont export\u00e9s vers les pays suivants : Alg\u00e9rie, B\u00e9nin, Burkina Faso, Burundi, Cameroun, Cap-Vert, Centrafrique, Comores, Congo-Brazzaville, Congo-Kinshasa, Gabon, Guin\u00e9e, Guin\u00e9e-Bissau, Guin\u00e9e \u00e9quatoriale, Madagascar, Mali, Maroc, Mauritanie, Mozambique, Niger, Rwanda, S\u00e9n\u00e9gal, Tchad, Togo, Tunisie,\u00a0 Libye, Angola, Ghana, , Egypte, Ethiopie, , Mozambique,\u00a0 Nigeria, Kenya, Tanzanie et plus.<\/p>\n<p style=\"text-align: justify;\"><span style=\"font-family: Poppins; font-size: 12pt; text-align: justify;\"><span style=\"color: #ff6600;\"><a style=\"color: #ff6600;\" href=\"https:\/\/www.fas-northafrica.com\/index.php\/contact\/\"><span style=\"font-family: Poppins; font-size: 12pt;\">Contacter Nous<\/span><\/a><\/span><br \/>\n[\/vc_column_text][\/vc_column][\/vc_row]<\/span><\/p>\n","protected":false},"excerpt":{"rendered":"<p>[vc_row full_width=\u00a0\u00bbstretch_row_content_no_spaces\u00a0\u00bb][vc_column][rev_slider_vc alias=\u00a0\u00bbslider-page\u00a0\u00bb][vc_column_text css=\u00a0\u00bb.vc_custom_1574166712594{background-color: #f5f5f5 !important;}\u00a0\u00bb] NOS PRODUITS\u00a0 Usine de remplissage de conteneurs [\/vc_column_text][vc_row_inner][vc_column_inner width=\u00a0\u00bb1\/2&Prime;][vc_single_image image=\u00a0\u00bb888&Prime; img_size=\u00a0\u00bbfull\u00a0\u00bb][\/vc_column_inner][vc_column_inner width=\u00a0\u00bb1\/2&Prime;][vc_column_text css=\u00a0\u00bb.vc_custom_1574167887175{margin-right: 50px !important;margin-left: 50px !important;}\u00a0\u00bb] UNIT\u00c9S D&rsquo;EMPLISSAGE EN CONTENEUR \u00a0 Station avec deux bascules de remplissage WAER100 ex\/e et une unit\u00e9 d&rsquo;\u00e9vacuation E1Ka Bascules de remplissage\u00a0 WAER100ex\/e Avec unit\u00e9 d&rsquo;\u00e9vacuation E1Ka Avec construction en Cabine. Pour les &hellip; <a href=\"https:\/\/www.fas-northafrica.com\/fr\/products\/container-filling-plans\/\" class=\"more-link\">Continuer la lecture<span class=\"screen-reader-text\"> de &laquo;&nbsp;Station de remplissage GPL (Gaz Butane \/ Propane) en conteneurs&nbsp;&raquo;<\/span><\/a><\/p>\n","protected":false},"author":1,"featured_media":0,"parent":312,"menu_order":0,"comment_status":"closed","ping_status":"closed","template":"","meta":[],"_links":{"self":[{"href":"https:\/\/www.fas-northafrica.com\/fr\/wp-json\/wp\/v2\/pages\/880"}],"collection":[{"href":"https:\/\/www.fas-northafrica.com\/fr\/wp-json\/wp\/v2\/pages"}],"about":[{"href":"https:\/\/www.fas-northafrica.com\/fr\/wp-json\/wp\/v2\/types\/page"}],"author":[{"embeddable":true,"href":"https:\/\/www.fas-northafrica.com\/fr\/wp-json\/wp\/v2\/users\/1"}],"replies":[{"embeddable":true,"href":"https:\/\/www.fas-northafrica.com\/fr\/wp-json\/wp\/v2\/comments?post=880"}],"version-history":[{"count":38,"href":"https:\/\/www.fas-northafrica.com\/fr\/wp-json\/wp\/v2\/pages\/880\/revisions"}],"predecessor-version":[{"id":3388,"href":"https:\/\/www.fas-northafrica.com\/fr\/wp-json\/wp\/v2\/pages\/880\/revisions\/3388"}],"up":[{"embeddable":true,"href":"https:\/\/www.fas-northafrica.com\/fr\/wp-json\/wp\/v2\/pages\/312"}],"wp:attachment":[{"href":"https:\/\/www.fas-northafrica.com\/fr\/wp-json\/wp\/v2\/media?parent=880"}],"curies":[{"name":"wp","href":"https:\/\/api.w.org\/{rel}","templated":true}]}}