{"id":899,"date":"2019-11-19T14:15:39","date_gmt":"2019-11-19T13:15:39","guid":{"rendered":"https:\/\/www.fas-northafrica.com\/?page_id=899"},"modified":"2024-04-21T18:32:51","modified_gmt":"2024-04-21T16:32:51","slug":"cylinder-filling-plant","status":"publish","type":"page","link":"https:\/\/www.fas-northafrica.com\/fr\/products\/cylinder-filling-plant\/","title":{"rendered":"Centre emplisseur  de bouteilles GPL"},"content":{"rendered":"[vc_row full_width=\u00a0\u00bbstretch_row_content_no_spaces\u00a0\u00bb][vc_column][rev_slider_vc alias=\u00a0\u00bbslider-home-fr\u00a0\u00bb][vc_column_text css=\u00a0\u00bb.vc_custom_1574169572203{background-color: #f5f5f5 !important;}\u00a0\u00bb]\n<p style=\"text-align: center; margin-top: -35px;\"><span style=\"font-size: 12pt; color: #808080;\"><span class=\"ourproducts\" style=\"font-family: Poppins;\"><a class=\"black\" href=\"https:\/\/www.fas-northafrica.com\/fr\/products\/\"><span class=\"lien\" style=\"color: #333333;\">NOS PRODUITS<\/span><\/a>\u00a0<\/span> <img class=\"file\" src=\"https:\/\/www.fas-northafrica.com\/wp-content\/uploads\/2019\/07\/1.png\" \/><span style=\"font-family: Poppins; color: #e64320;\">USINE DE REMPLISSAGE DE BOUTEILLES DE GAZ<\/span><\/span><\/p>\n[\/vc_column_text][vc_row_inner][vc_column_inner width=\u00a0\u00bb1\/2&Prime;][vc_single_image image=\u00a0\u00bb901&Prime; img_size=\u00a0\u00bbfull\u00a0\u00bb][\/vc_column_inner][vc_column_inner width=\u00a0\u00bb1\/2&Prime;][vc_column_text css=\u00a0\u00bb.vc_custom_1589795778227{margin-right: 50px !important;margin-left: 50px !important;}\u00a0\u00bb]\n<h3 style=\"text-align: center; margin-top: -10px;\" data-wow-duration=\"2s\"><span style=\"font-family: Poppins; font-weight: bold; font-style: normal;\">Equipements pour centre emplisseur\u00a0 de bouteilles Butane \/ GPL<\/span><\/h3>\n<table class=\"tabproduct\" border=\"0\">\n<tbody>\n<tr>\n<td><img loading=\"lazy\" class=\"Centre emplisseur,  ligne de remplissage, hall d'emplissage, gaz GPL, r\u00e9servoirs GPL, mini centre enfuteur, carrousel,  bascule, NINNELT, FAS, Makeen, SIRAGA, KOSAN,   centre enfuteur alignnone\" title=\"Mini centre emplisseur , centre enfuteur gaz GPL \" src=\"https:\/\/www.fas-northafrica.com\/wp-content\/uploads\/2019\/11\/cylindre2.jpg\" alt=\"Centre emplisseur,  ligne de remplissage, hall d'emplissage, gaz GPL, r\u00e9servoirs GPL, mini centre enfuteur, carrousel,  bascule, NINNELT,  centre enfuteur\" width=\"277\" height=\"188\" \/><\/td>\n<td><img loading=\"lazy\" class=\"Centre emplisseur,  ligne de remplissage, hall d'emplissage, gaz GPL, r\u00e9servoirs GPL, mini centre enfuteur, carrousel,  bascule, NINNELT, FAS, Makeen, SIRAGA, KOSAN,   centre enfuteur alignnone\" title=\"Mini centre emplisseur , centre enfuteur gaz GPL \" src=\"https:\/\/www.fas-northafrica.com\/wp-content\/uploads\/2019\/11\/cylindre1.jpg\" alt=\"Centre emplisseur,  ligne de remplissage, hall d'emplissage, gaz GPL, r\u00e9servoirs GPL, mini centre enfuteur, carrousel,  bascule, NINNELT,  centre enfuteur\" width=\"277\" height=\"188\" \/><\/td>\n<td><img loading=\"lazy\" class=\"Mini centre emplisseur , centre enfuteur gaz GPL  alignnone\" title=\"Mini centre emplisseur , centre enfuteur gaz GPL \" src=\"https:\/\/www.fas-northafrica.com\/wp-content\/uploads\/2019\/11\/cylindre3.jpg\" alt=\"Centre emplisseur,  ligne de remplissage, hall d'emplissage, gaz GPL, r\u00e9servoirs GPL, mini centre enfuteur, carrousel,  bascule, NINNELT,  centre enfuteur\" width=\"277\" height=\"188\" \/><\/td>\n<\/tr>\n<tr>\n<th>\n<p style=\"text-align: center;\"><span style=\"font-size: 12pt; font-family: Poppins;\">Syst\u00e8me d&#8217;emplissage sur\u00a0 \u00a0 carrousel K18E avec Bascule\u00a0 d&#8217;emplissage type EAU<\/span><\/p>\n<\/th>\n<th>\n<p style=\"text-align: center;\"><span style=\"font-size: 12pt; font-family: Poppins;\">Syst\u00e8me d&#8217;emplissage sur\u00a0 carrousel K18E avec Bascule d&#8217;emplissage type WAER100 ex \/ e\u00a0<\/span><\/p>\n<\/th>\n<th>\n<p style=\"text-align: center;\"><span style=\"font-size: 12pt; font-family: Poppins;\">Syst\u00e8me d&#8217;emplissage sur\u00a0 carrousel K18E avec Bascule d&#8217;emplissage type WAES<\/span><\/p>\n<\/th>\n<\/tr>\n<\/tbody>\n<\/table>\n<p style=\"text-align: justify; margin-top: -25px;\"><span style=\"font-family: Poppins; font-size: 12pt; text-align: justify;\">FAS fournit une gamme compl\u00e8te d&rsquo;\u00e9quipements pour centre enfuteur \/ Emplisseur de bouteilles de gaz . Ces installations de remplissage de gaz \u00a0GPL\u00a0 en carrousel sont particuli\u00e8rement utilis\u00e9es pour les syst\u00e8mes de remplissage avec une capacit\u00e9 de remplissage assez \u00e9lev\u00e9e. Le transport de Bouteille \u00e0 l&rsquo;un des max. 24 balances de remplissage sur une plate-forme circulaire ferm\u00e9e ainsi que le transport vers les syst\u00e8mes de test et de contr\u00f4le sont effectu\u00e9s automatiquement au moyen d&rsquo;un convoyeur \u00e0 cha\u00eene avec \u00e9quipement auxiliaire pneumatique. Le r\u00e9glage continu de la vitesse de rotation de la plate-forme permet l&rsquo;adaptation \u00e0 la taille des Bouteilles \u00e0 remplir. Le type de construction permet une capacit\u00e9 de remplissage maximale avec un emploi minimal du personnel. <\/span><\/p>\n<p style=\"text-align: justify; margin-top: -25px;\"><span style=\"font-family: Poppins; font-size: 12pt; text-align: justify;\">Nos \u00e9quipements pour centre emplisseur inclus:<\/span><\/p>\n<ul>\n<li>Bascule d&#8217;emplissage Automatique<\/li>\n<li>Doseur pour le remplissage de bouteilles<\/li>\n<li>Bascule de control de poids<\/li>\n<li>Poste d&rsquo;ajustement de poids<\/li>\n<li>Bancs de vidange de bouteille GPL<\/li>\n<li>Bancs d&rsquo;essaie d&rsquo;\u00e9tanchi\u00e9t\u00e9 des bouteilles<\/li>\n<li>Bancs d&rsquo;\u00e9preuve et r\u00e9epreuve hydraulique des bouteilles de gaz<\/li>\n<li>Machine de detection des fuites<\/li>\n<li>Orienteuse de Robinet<\/li>\n<li>Poste d&rsquo;ouverture\/ fermeture de robinet<\/li>\n<li>Machine de retraction<\/li>\n<li>Tunnel de lavage et peinture des bouteilles de gaz<\/li>\n<\/ul>\n<p>y compris les accessoires suivant:<\/p>\n<ul>\n<li style=\"list-style-type: none;\">\n<ul>\n<li>\u00a0Pince d&#8217;emplissage<\/li>\n<li>\u00a0Pompes GPL<\/li>\n<li>\u00a0Compresseurs GPL<\/li>\n<li>\u00a0Filtres GPL<\/li>\n<li>\u00a0Manom\u00e8tres<\/li>\n<li>\u00a0Vannes de fermeture<\/li>\n<li>\u00a0Soupapes de purge<\/li>\n<li>Clapets hydrauliques<\/li>\n<li>\u00a0Protection contre marche \u00e0 sec pour pompes GPL<\/li>\n<li>\u00a0Filtres en Y<\/li>\n<li>\u00a0Robinets de d\u00e9rivation \/ Bypass<\/li>\n<li>\u00a0Soupapes de retenue<\/li>\n<li>\u00a0Tuyaux flexibles de chargement et de d\u00e9chargement<\/li>\n<li>\u00a0Raccords de tuyaux flexibles<\/li>\n<li>\u00a0D\u00e9bitm\u00e8tres massiques<\/li>\n<li>\u00a0Syst\u00e8me de convoyeurs \u00e0 chaine et \u00e0 rouleaux<\/li>\n<li>Pinces de remplissage automatiques de GPL<\/li>\n<li>Pinces de remplissage manuelles GPL<\/li>\n<li>Pinces de remplissage automatiques de GPL<\/li>\n<li>\n<p class=\"text-align-left\">Pinces pour le remplissage des bouteilles avec une valve \u00e0 volant<\/p>\n<\/li>\n<li>Pinces pour le remplissage des bouteilles avec une valve verticale unidirectionnelle<\/li>\n<li>Pinces presse-scellement en plastique pour les valves avec volant<\/li>\n<li>\n<p class=\"wp-block-heading\">Pistolets de remplissage bouteilles gaz butane GPL<\/p>\n<\/li>\n<li>\n<p class=\"wp-block-heading\">T\u00eates de remplissage bouteilles gaz butane GPL<\/p>\n<\/li>\n<\/ul>\n<\/li>\n<\/ul>\n<p class=\"bt-product\" style=\"background-color: #e64320; height: 35px; width: 200px; text-align: center; margin-top: -10px;\"><a href=\"https:\/\/www.fas-northafrica.com\/index.php\/contact\/\"><span style=\"color: #ffffff; font-family: Poppins; font-size: 12pt;\">Demande de devis<\/span><\/a><\/p>\n<p style=\"text-align: center;\"><span style=\"font-family: Poppins; font-size: 12pt; text-align: justify; color: #e64320;\"><strong>Les installations de carrousel de remplissage de bouteilles sont disponibles dans les ex\u00e9cutions suivantes:<\/strong><\/span><\/p>\n<ul style=\"margin-top: -25px; color: #fff!important;\">\n<li><span style=\"font-family: Poppins; font-size: 12pt; color: #808080;\">&#8211;\u00a0 Carrousel de remplissage \u00e9lectronique K5E avec 5 Bascules de remplissage, capacit\u00e9 max. 250 cylindres par heure avec 11 kg-cylindres respectivement 180 cylindres par heure avec 21 kg-cylindres<\/span><\/li>\n<li><span style=\"font-family: Poppins; font-size: 12pt; color: #808080;\">\u00a0Carrousel de remplissage \u00e9lectronique K7E avec 7 Bascules de remplissage, capacit\u00e9 max. 320 cylindres par heure avec 11 kg-cylindres respectivement 240 cylindres par heure avec 21 kg-cylindres<\/span><\/li>\n<li><span style=\"font-family: Poppins; font-size: 12pt; color: #808080;\">\u00a0Carrousel de remplissage \u00e9lectronique K12E avec 12 Bascules de remplissage, capacit\u00e9 max. 600 cylindres par heure avec 11 kg-cylindres respectivement 410 cylindres par heure avec 21 kg-cylindres<\/span><\/li>\n<li><span style=\"font-family: Poppins; font-size: 12pt; color: #808080;\">\u00a0Carrousel de remplissage \u00e9lectronique K18E avec 18 Bascules de remplissage, capacit\u00e9 max. 900 cylindres par heure avec 11 kg-cylindres respectivement 660 cylindres par heure avec 21 kg-cylindres<\/span><\/li>\n<li><span style=\"font-family: Poppins; font-size: 12pt; color: #808080;\">\u00a0Carrousel de remplissage \u00e9lectronique K24E avec 24 Bascules de remplissage, capacit\u00e9 max. 1200 cylindres par heure avec 11 kg-cylindres respectivement 890 cylindres par heure avec 21 kg-cylindres<\/span><\/li>\n<\/ul>\n<p style=\"text-align: left;\"><span style=\"font-family: Poppins; font-size: 12pt; text-align: justify; color: #e64320;\"><strong>Les bascules\u00a0 de remplissage de GPL suivantes sont disponibles:<\/strong><\/span><\/p>\n<ul style=\"margin-top: -25px; color: #fff !important;\">\n<li><span style=\"font-family: Poppins; font-size: 12pt; color: #808080;\">&#8211; Bascules\u00a0 de remplissage GPL non adapt\u00e9es \u00e0 l&rsquo;\u00e9talonnage: WAB 90 p<br \/>\n&#8211; Bascules de remplissage LPG adapt\u00e9es \u00e0 l&rsquo;\u00e9talonnage: WAER, WAER<\/span><\/li>\n<li><span style=\"font-family: Poppins; font-size: 12pt; color: #808080;\">\u00a0&#8211; Bascule de contr\u00f4le de poids WER 100 ex<\/span><\/li>\n<li><span style=\"font-family: Poppins; font-size: 12pt; color: #808080;\">&#8211; Unit\u00e9s de contr\u00f4le\u00a0 d&rsquo;\u00e9tanch\u00e9it\u00e9 MED, AED et AED2<\/span><\/li>\n<li><span style=\"font-family: Poppins; font-size: 12pt; color: #808080;\">\u00a0&#8211; Machines \u00e0 r\u00e9tr\u00e9cir MS et AS<\/span><\/li>\n<li><span style=\"font-family: Poppins; font-size: 12pt; color: #808080;\">\u00a0&#8211; Unit\u00e9s d&rsquo;\u00e9vacuation E1Ka, E2Ka, E3Ka, E4Ka, E5Ka<\/span><\/li>\n<li><span style=\"font-family: Poppins; font-size: 12pt; color: #808080;\">\u00a0&#8211; Syst\u00e8me de lavage de cylindres WS<\/span><\/li>\n<li><span style=\"font-family: Poppins; font-size: 12pt; color: #808080;\">&#8211; Transfert de donn\u00e9es sans fil de la Bascule de remplissage au PC pour une manipulation et une \u00e9valuation plus approfondies avec le logiciel NLT disponible en option ou souterrain avec pompe correspondante<\/span><\/li>\n<\/ul>\n<p style=\"text-align: center;\"><span style=\"font-family: Poppins; font-size: 12pt; text-align: justify; color: #e64320;\"><strong>Cylinder FAS Cylinder Filling Plant Technology for LPG &#8211; Syst\u00e8mes de remplissage en ligne avec convoyeur \u00e0 rouleaux<\/strong><\/span><\/p>\n<table class=\"tabproduct aligncenter\" style=\"width: 706px; height: 378px;\" border=\"0\">\n<tbody>\n<tr>\n<td>\n<figure style=\"width: 240px\"  class=\"wp-caption aligncenter\"><img loading=\"lazy\" class=\"Centre emplisseur,  ligne de remplissage, hall d'emplissage, gaz GPL, r\u00e9servoirs GPL, mini centre enfuteur, carrousel,  bascule, NINNELT, FAS, Makeen, SIRAGA, KOSAN,   centre enfuteur\" title=\"centre emplisseur gaz GPL\" src=\"https:\/\/www.fas-northafrica.com\/wp-content\/uploads\/2019\/11\/cylindre4-1.jpg\" alt=\"centre emplisseur gaz GPL\" width=\"240\" height=\"152\" \/><figcaption class=\"wp-caption-text\">centre emplisseur gaz GPL<\/figcaption><\/figure><\/td>\n<td>\n<figure style=\"width: 240px\"  class=\"wp-caption aligncenter\"><img loading=\"lazy\" class=\"Centre emplisseur,  ligne de remplissage, hall d'emplissage, gaz GPL, r\u00e9servoirs GPL, mini centre enfuteur, carrousel,  bascule, NINNELT, FAS, Makeen, SIRAGA, KOSAN,   centre enfuteur\" title=\"Centre emplisseur,  ligne de remplissage, hall d'emplissage, gaz GPL, r\u00e9servoirs GPL, mini centre enfuteur, carrousel,  bascule, NINNELT,  centre enfuteur\" src=\"https:\/\/www.fas-northafrica.com\/wp-content\/uploads\/2019\/11\/cylindre5.jpg\" alt=\"Centre emplisseur,  ligne de remplissage, hall d'emplissage, gaz GPL, r\u00e9servoirs GPL, mini centre enfuteur, carrousel,  bascule, NINNELT,  centre enfuteur\" width=\"240\" height=\"152\" \/><figcaption class=\"wp-caption-text\">Centre emplisseur, ligne de remplissage, hall d&#8217;emplissage, gaz GPL, r\u00e9servoirs GPL, mini centre enfuteur, carrousel, bascule, NINNELT, centre enfuteur<\/figcaption><\/figure><\/td>\n<\/tr>\n<tr>\n<th>\n<p style=\"text-align: center;\"><span style=\"font-size: 12pt; font-family: Poppins;\">Syst\u00e8mes de remplissage en ligne avec rouleaux<br \/>\nBalances de remplissage pour convoyeurs et Bouteilles<br \/>\nType WAB 90 p<\/span><\/p>\n<\/th>\n<th>\n<p style=\"text-align: center;\"><span style=\"font-size: 12pt; font-family: Poppins;\">Syst\u00e8mes de remplissage en ligne avec rouleaux<br \/>\nBalances de remplissage pour convoyeurs et Bouteilles<br \/>\nType WAER 100 ex \/ e<\/span><\/p>\n<\/th>\n<\/tr>\n<\/tbody>\n<\/table>\n<p style=\"margin-top: -25px; text-align: left;\"><span style=\"font-family: Poppins; font-size: 12pt; text-align: justify;\">Les syst\u00e8mes de remplissage en ligne avec convoyeur \u00e0 rouleaux motoris\u00e9s peuvent \u00eatre \u00e9quip\u00e9s de max. 6 bascules de remplissage. Les bouteilles s atteignent la station de remplissage \u00e0 intervalles irr\u00e9guliers. Le transport des bouteilles entre les bascules de remplissage, la bascule\u00a0 de contr\u00f4le, l&rsquo;unit\u00e9 de test d&rsquo;\u00e9tanch\u00e9it\u00e9 et la machine de r\u00e9traction est facilit\u00e9 pour l&rsquo;op\u00e9rateur par l&rsquo;utilisation de convoyeurs \u00e0 rouleaux. En raison de la l\u00e9g\u00e8re inclinaison du convoyeur \u00e0 rouleaux, le transport des bouteilles de gaz se fait automatiquement.<br \/>\n<\/span><\/p>\n<p style=\"text-align: left;\"><span style=\"font-family: Poppins; font-size: 12pt; text-align: justify; color: #e64320;\"><strong>Options et configurations possibles:<\/strong><\/span><\/p>\n<ul style=\"margin-top: -25px; color: #000 !important;\">\n<li><span style=\"font-family: Poppins; font-size: 12pt; color: #808080;\">Les Bascules electronique de remplissage de GPL suivantes sont disponibles:<br \/>\n-Bascules de remplissage GPL non adapt\u00e9es \u00e0 l&rsquo;\u00e9talonnage: WAB 90 p<br \/>\n-Bascules de remplissage LPG adapt\u00e9es \u00e0 l&rsquo;\u00e9talonnage: WAER, WAER 50ex \/ e-i, WAER 100 ex \/ e<\/span><\/li>\n<li><span style=\"font-family: Poppins; font-size: 12pt; color: #808080;\">\u00a0Bascule de contr\u00f4le\u00a0 WER 100 ex<\/span><\/li>\n<li><span style=\"font-family: Poppins; font-size: 12pt; color: #808080;\"> Unit\u00e9s d&rsquo;essai d&rsquo;\u00e9tanch\u00e9it\u00e9 MED, AED et AED2<\/span><\/li>\n<li><span style=\"font-family: Poppins; font-size: 12pt; color: #808080;\"> Machines \u00e0 r\u00e9traction type MS et AS<\/span><\/li>\n<li><span style=\"font-family: Poppins; font-size: 12pt; color: #808080;\">Unit\u00e9s d&rsquo;\u00e9vacuation E1Ka, E2Ka, E3Ka, E4Ka, E5Ka\u00a0<\/span><\/li>\n<li><span style=\"font-family: Poppins; font-size: 12pt; color: #808080;\">Syst\u00e8me de lavage de bouteilles WS<\/span><\/li>\n<li><span style=\"font-family: Poppins; font-size: 12pt; color: #808080;\">Transfert de donn\u00e9es sans fil de la Bascule de remplissage au PC pour une manipulation et une \u00e9valuation plus approfondies avec le logiciel NLT \u00a0<\/span><\/li>\n<li><span style=\"font-family: Poppins; font-size: 12pt; color: #808080;\"> Syst\u00e8me de stockage hors sol ou souterrain avec pompe correspondante\u00a0<\/span><\/li>\n<\/ul>\n<p style=\"text-align: left;\"><span style=\"font-family: Poppins; font-size: 12pt; text-align: justify; color: #e64320;\"><strong>Les syst\u00e8mes de remplissage de bouteilles en ligne GPL sont disponibles dans les ex\u00e9cutions suivantes:<\/strong><\/span><\/p>\n<ul style=\"margin-top: -25px; color: #000 !important;\">\n<li><span style=\"font-family: Poppins; font-size: 12pt; color: #808080;\">Installation de remplissage de Bouteilles en ligne manuelle avec convoyeur \u00e0 rouleaux et 1 \u00e0 6 Bascules de remplissage, max. 20-180 Bouteille par heure avec 11 kg<\/span><\/li>\n<\/ul>\n<p style=\"text-align: left;\"><span style=\"font-family: Poppins; font-size: 12pt; text-align: justify; color: #e64320;\"><strong>De plus, nous proposons ce qui suit:<\/strong><\/span><\/p>\n<ul style=\"margin-top: -25px; color: #000 !important;\">\n<li><span style=\"font-family: Poppins; font-size: 12pt; color: #808080;\"> Planification et gestion de projet cl\u00e9 en main<\/span><\/li>\n<li><span style=\"font-family: Poppins; font-size: 12pt; color: #808080;\"> Fourniture d&rsquo;une version plug-in<\/span><\/li>\n<li><span style=\"font-family: Poppins; font-size: 12pt; color: #808080;\">Contr\u00f4le de syst\u00e8me li\u00e9 au projet <\/span><\/li>\n<li><span style=\"font-family: Poppins; font-size: 12pt; color: #808080;\"> Installation et mise en service compl\u00e8tes<\/span><\/li>\n<li><span style=\"font-family: Poppins; font-size: 12pt; color: #808080;\"> Service et maintenance<\/span><\/li>\n<\/ul>\n<p>Telecharger notre<a href=\"https:\/\/www.fas-northafrica.com\/fr\/products\/cylinder-filling-plant\/ninnelt-fasgns_presentation_correct_preview-2\/\" rel=\"attachment wp-att-1789\"> CATALOGUE<\/a><\/p>\n<p class=\"bt-product\" style=\"background-color: #e64320; height: 35px; width: 200px; text-align: center; margin-top: -10px;\"><a href=\"https:\/\/www.fas-northafrica.com\/index.php\/contact\/\"><span style=\"color: #ffffff; font-family: Poppins; font-size: 12pt;\">Demande de devis<\/span><\/a><\/p>\n[\/vc_column_text][\/vc_column][\/vc_row]\n","protected":false},"excerpt":{"rendered":"<p>[vc_row full_width=\u00a0\u00bbstretch_row_content_no_spaces\u00a0\u00bb][vc_column][rev_slider_vc alias=\u00a0\u00bbslider-home-fr\u00a0\u00bb][vc_column_text css=\u00a0\u00bb.vc_custom_1574169572203{background-color: #f5f5f5 !important;}\u00a0\u00bb] NOS PRODUITS\u00a0 USINE DE REMPLISSAGE DE BOUTEILLES DE GAZ [\/vc_column_text][vc_row_inner][vc_column_inner width=\u00a0\u00bb1\/2&Prime;][vc_single_image image=\u00a0\u00bb901&Prime; img_size=\u00a0\u00bbfull\u00a0\u00bb][\/vc_column_inner][vc_column_inner width=\u00a0\u00bb1\/2&Prime;][vc_column_text css=\u00a0\u00bb.vc_custom_1589795778227{margin-right: 50px !important;margin-left: 50px !important;}\u00a0\u00bb] Equipements pour centre emplisseur\u00a0 de bouteilles Butane \/ GPL Syst\u00e8me d&#8217;emplissage sur\u00a0 \u00a0 carrousel K18E avec Bascule\u00a0 d&#8217;emplissage type EAU Syst\u00e8me d&#8217;emplissage sur\u00a0 carrousel K18E avec Bascule d&#8217;emplissage type WAER100 &hellip; <a href=\"https:\/\/www.fas-northafrica.com\/fr\/products\/cylinder-filling-plant\/\" class=\"more-link\">Continuer la lecture<span class=\"screen-reader-text\"> de &laquo;&nbsp;Centre emplisseur  de bouteilles GPL&nbsp;&raquo;<\/span><\/a><\/p>\n","protected":false},"author":1,"featured_media":0,"parent":312,"menu_order":0,"comment_status":"closed","ping_status":"closed","template":"","meta":[],"_links":{"self":[{"href":"https:\/\/www.fas-northafrica.com\/fr\/wp-json\/wp\/v2\/pages\/899"}],"collection":[{"href":"https:\/\/www.fas-northafrica.com\/fr\/wp-json\/wp\/v2\/pages"}],"about":[{"href":"https:\/\/www.fas-northafrica.com\/fr\/wp-json\/wp\/v2\/types\/page"}],"author":[{"embeddable":true,"href":"https:\/\/www.fas-northafrica.com\/fr\/wp-json\/wp\/v2\/users\/1"}],"replies":[{"embeddable":true,"href":"https:\/\/www.fas-northafrica.com\/fr\/wp-json\/wp\/v2\/comments?post=899"}],"version-history":[{"count":52,"href":"https:\/\/www.fas-northafrica.com\/fr\/wp-json\/wp\/v2\/pages\/899\/revisions"}],"predecessor-version":[{"id":2186,"href":"https:\/\/www.fas-northafrica.com\/fr\/wp-json\/wp\/v2\/pages\/899\/revisions\/2186"}],"up":[{"embeddable":true,"href":"https:\/\/www.fas-northafrica.com\/fr\/wp-json\/wp\/v2\/pages\/312"}],"wp:attachment":[{"href":"https:\/\/www.fas-northafrica.com\/fr\/wp-json\/wp\/v2\/media?parent=899"}],"curies":[{"name":"wp","href":"https:\/\/api.w.org\/{rel}","templated":true}]}}