{"id":950,"date":"2020-04-02T11:13:01","date_gmt":"2020-04-02T09:13:01","guid":{"rendered":"https:\/\/www.fas-northafrica.com\/?page_id=950"},"modified":"2026-02-21T21:19:06","modified_gmt":"2026-02-21T20:19:06","slug":"lpg-dispenser","status":"publish","type":"page","link":"https:\/\/www.fas-northafrica.com\/fr\/products\/lpg-dispenser\/","title":{"rendered":"VOLUCOMPTEUR GPL"},"content":{"rendered":"\n[vc_row full_width=\u00a0\u00bbstretch_row_content_no_spaces\u00a0\u00bb][vc_column][rev_slider_vc alias=\u00a0\u00bbslider-home-fr\u00a0\u00bb][vc_column_text css=\u00a0\u00bb.vc_custom_1564140538620{background-color: #f5f5f5 !important;}\u00a0\u00bb]\n<p style=\"text-align: center; margin-top: -35px;\"><span style=\"font-size: 12pt; color: #808080;\"><span class=\"ourproducts\" style=\"font-family: Poppins;\"><a class=\"black\" href=\"https:\/\/www.fas-northafrica.com\/index.php\/products\/\"><span class=\"lien\" style=\"color: #333333;\">NOS PRODUITS<\/span><\/a>&nbsp;<\/span> <img class=\"file\" src=\"https:\/\/www.fas-northafrica.com\/wp-content\/uploads\/2019\/07\/1.png\"><span style=\"font-family: Poppins; color: #e64320;\">&nbsp; DISTRIBUTEUR DE GPL<\/span><\/span><\/p>\n[\/vc_column_text][vc_row_inner][vc_column_inner width=\u00a0\u00bb1\/2&Prime;][vc_single_image image=\u00a0\u00bb984&Prime; img_size=\u00a0\u00bbfull\u00a0\u00bb][vc_single_image image=\u00a0\u00bb1003&Prime; img_size=\u00a0\u00bbfull\u00a0\u00bb][vc_single_image image=\u00a0\u00bb1004&Prime; img_size=\u00a0\u00bblarge\u00a0\u00bb][\/vc_column_inner][vc_column_inner width=\u00a0\u00bb1\/2&Prime;][vc_column_text css=\u00a0\u00bb.vc_custom_1588931098932{margin-right: 50px !important;margin-left: 50px !important;}\u00a0\u00bb]\n<h3 style=\"text-align: center;\" data-wow-duration=\"2s\"><span style=\"font-family: Poppins; font-weight: bold; font-style: normal;\">DISTRIBUTEUR DE GPL<\/span><\/h3>\n<p>Les distributeurs FAS au design moderne compl\u00e8tent l&rsquo;offre des stations-service FAS AUTOGAS. Ils peuvent \u00eatre exploit\u00e9s avec un syst\u00e8me de point de vente existant, avec un syst\u00e8me de carte ind\u00e9pendant, avec indication \u00e0 distance FAS ou autarcique. Les distributeurs FAS sont \u00e9quip\u00e9s d&rsquo;un tuyau standard LPG16 permettant un d\u00e9bit max. d\u00e9bit de 50 \u00e0 100 litres par minute. Pour la connexion de v\u00e9hicules, des buses de remplissage avec connexion ACME, DISH, ba\u00efonnette ou EURO sont disponibles.<\/p>\n<p><span style=\"color: #ff0000;\"><strong>Nos distributeurs FAS sont disponibles en deux ex\u00e9cutions:<\/strong><\/span><\/p>\n<ul>\n<li>Distributeur de GPL FAS-120 avec un tuyau, un compteur et un compteur de prix<\/li>\n<li>Distributeur de GPL FAS-140 avec deux tuyaux, un compteur et un compteur de prix<\/li>\n<li>Distributeur de GPL FAS-220 avec un tuyau, un compteur et un compteur de prix &#8211; Distributeur de GPL<\/li>\n<li>FAS-220 HM (High Mast) avec un tuyau, un compteur et un compteur de prix<\/li>\n<li>Distributeur de GPL FAS-220 WM avec un tuyau, un compteur et un compteur de prix, ainsi qu&rsquo;avec un syst\u00e8me de remplissage de bouteilles de GPL int\u00e9gr\u00e9<\/li>\n<li>Distributeur de GPL FAS-230 avec deux tuyaux, deux m\u00e8tres et compteurs de prix<\/li>\n<li>Distributeur de GPL FAS-230 avec deux tuyaux, deux m\u00e8tres et compteurs de prix<\/li>\n<li>Distributeur de GPL FAS-240 avec deux tuyaux, un m\u00e8tre et un compteur de prix<\/li>\n<li>Distributeur de GPL FAS-240 HM avec deux tuyaux, un m\u00e8tre et un compteur de prix<\/li>\n<\/ul>\n<p><strong>Options et configurations des distributeurs FAS:<\/strong><\/p>\n<ul>\n\n<li>Le distributeur FAS peut \u00eatre fabriqu\u00e9 et fourni selon la couleur et la conception sp\u00e9cifi\u00e9es<\/li>\n<li>Syst\u00e8me de r\u00e9traction du flexible FAS en option, syst\u00e8me de couplage par cisaillement et arr\u00eat d&rsquo;urgence.<\/li> \n<\/ul>\n<p><strong>Syst\u00e8mes de contr\u00f4le possibles :<\/strong><\/p>\n<ul>\n<li>Armoire de commande ou de commutation externe int\u00e9gr\u00e9e : FAS-120, FAS-140<\/li>\n<li>Seule armoire \u00e9lectrique : FAS-220, FAS-230, FAS-240<\/li>\n<\/ul>\n<p><strong>Les compteurs suivants sont disponibles:<\/strong><\/p>\n<ul>\n<li>Compteur \u00e0 piston FAS-MK-III-S avec garniture m\u00e9canique (syst\u00e8me \u00e0 2 pistons)<\/li>\n<li>Compteur \u00e0 piston FAS-MK-III-S-M avec accouplement magn\u00e9tique (syst\u00e8me \u00e0 2 pistons)<\/li>\n<li>Compteur \u00e0 piston FAS-Y-I avec accouplement magn\u00e9tique (syst\u00e8me \u00e0 4 pistons)<\/li>\n<li>D\u00e9bitm\u00e8tre \u00e0 effet Coriolis FAS LPG-Mass 8FE15<\/li>\n<\/ul>\n<p><strong>Pour la connexion \u00e0 une indication \u00e0 distance FAS ind\u00e9pendante d&rsquo;un syst\u00e8me de point de vente, le compteur de prix suivant est disponible :<\/strong><\/p>\n<ul>\n<li>Hectronic ER5 with interface ER3<\/li>\n<\/ul>\n<p>Pour la connexion \u00e0 un syst\u00e8me de point de vente existant, les compteurs de prix suivants sont disponibles :<\/p>\n<ul>\n<li>Hectronic ER5 avec interface ER3 et LON<\/li>\n<li>Gilbarco EC-2000 avec interface ER3, LON, deux fils, EPSI et Novo-Tec<\/li>\n<li>Gilbarco SK-700\/2 dans l&rsquo;interface ER3, LON et deux fils<\/li>\n<li>Scheidt &#038; Bachmann T20 avec interface V11 et LON<\/li>\n<li>Tokheim WWC avec interface ER3, LON, EPS, ZSR et TOK FAS-Q<\/li>\n<\/ul>\n<p class=\"bt-product\" style=\"background-color: #e64320; height: 35px; width: 200px; text-align: center; margin-top: 50px;\"><a href=\"https:\/\/www.fas-northafrica.com\/fr\/contact\/\"><span style=\"color: #ffffff; font-family: Poppins; font-size: 12pt;\">Demande de devis<\/span><\/a><\/p>\n[\/vc_column_text][\/vc_column_inner][\/vc_row_inner][\/vc_column][\/vc_row]\n","protected":false},"excerpt":{"rendered":"<p>[vc_row full_width=\u00a0\u00bbstretch_row_content_no_spaces\u00a0\u00bb][vc_column][rev_slider_vc alias=\u00a0\u00bbslider-home-fr\u00a0\u00bb][vc_column_text css=\u00a0\u00bb.vc_custom_1564140538620{background-color: #f5f5f5 !important;}\u00a0\u00bb] NOS PRODUITS&nbsp; &nbsp; DISTRIBUTEUR DE GPL [\/vc_column_text][vc_row_inner][vc_column_inner width=\u00a0\u00bb1\/2&Prime;][vc_single_image image=\u00a0\u00bb984&Prime; img_size=\u00a0\u00bbfull\u00a0\u00bb][vc_single_image image=\u00a0\u00bb1003&Prime; img_size=\u00a0\u00bbfull\u00a0\u00bb][vc_single_image image=\u00a0\u00bb1004&Prime; img_size=\u00a0\u00bblarge\u00a0\u00bb][\/vc_column_inner][vc_column_inner width=\u00a0\u00bb1\/2&Prime;][vc_column_text css=\u00a0\u00bb.vc_custom_1588931098932{margin-right: 50px !important;margin-left: 50px !important;}\u00a0\u00bb] DISTRIBUTEUR DE GPL Les distributeurs FAS au design moderne compl\u00e8tent l&rsquo;offre des stations-service FAS AUTOGAS. Ils peuvent \u00eatre exploit\u00e9s avec un syst\u00e8me de point de vente existant, avec un &hellip; <a href=\"https:\/\/www.fas-northafrica.com\/fr\/products\/lpg-dispenser\/\" class=\"more-link\">Continuer la lecture<span class=\"screen-reader-text\"> de &laquo;&nbsp;VOLUCOMPTEUR GPL&nbsp;&raquo;<\/span><\/a><\/p>\n","protected":false},"author":1,"featured_media":0,"parent":312,"menu_order":0,"comment_status":"closed","ping_status":"closed","template":"","meta":[],"_links":{"self":[{"href":"https:\/\/www.fas-northafrica.com\/fr\/wp-json\/wp\/v2\/pages\/950"}],"collection":[{"href":"https:\/\/www.fas-northafrica.com\/fr\/wp-json\/wp\/v2\/pages"}],"about":[{"href":"https:\/\/www.fas-northafrica.com\/fr\/wp-json\/wp\/v2\/types\/page"}],"author":[{"embeddable":true,"href":"https:\/\/www.fas-northafrica.com\/fr\/wp-json\/wp\/v2\/users\/1"}],"replies":[{"embeddable":true,"href":"https:\/\/www.fas-northafrica.com\/fr\/wp-json\/wp\/v2\/comments?post=950"}],"version-history":[{"count":30,"href":"https:\/\/www.fas-northafrica.com\/fr\/wp-json\/wp\/v2\/pages\/950\/revisions"}],"predecessor-version":[{"id":2416,"href":"https:\/\/www.fas-northafrica.com\/fr\/wp-json\/wp\/v2\/pages\/950\/revisions\/2416"}],"up":[{"embeddable":true,"href":"https:\/\/www.fas-northafrica.com\/fr\/wp-json\/wp\/v2\/pages\/312"}],"wp:attachment":[{"href":"https:\/\/www.fas-northafrica.com\/fr\/wp-json\/wp\/v2\/media?parent=950"}],"curies":[{"name":"wp","href":"https:\/\/api.w.org\/{rel}","templated":true}]}}