{"id":973,"date":"2020-05-07T13:57:51","date_gmt":"2020-05-07T11:57:51","guid":{"rendered":"https:\/\/www.fas-northafrica.com\/?page_id=973"},"modified":"2024-04-28T02:17:34","modified_gmt":"2024-04-28T00:17:34","slug":"metering-units","status":"publish","type":"page","link":"https:\/\/www.fas-northafrica.com\/fr\/products\/metering-units\/","title":{"rendered":"Groupe de comptage et mesure GpL"},"content":{"rendered":"\n[vc_row full_width=\u00a0\u00bbstretch_row_content_no_spaces\u00a0\u00bb][vc_column][rev_slider_vc alias=\u00a0\u00bbslider-home-fr\u00a0\u00bb][vc_column_text css=\u00a0\u00bb.vc_custom_1564140538620{background-color: #f5f5f5 !important;}\u00a0\u00bb]\n<p style=\"text-align: center; margin-top: -35px;\"><span style=\"font-size: 12pt; color: #808080;\"><span class=\"ourproducts\" style=\"font-family: Poppins;\"><a class=\"black\" href=\"https:\/\/www.fas-northafrica.com\/fr\/products\/\"><span class=\"lien\" style=\"color: #333333;\">NOS PRODUITS<\/span><\/a>&nbsp;<\/span> <img class=\"file\" src=\"https:\/\/www.fas-northafrica.com\/wp-content\/uploads\/2019\/07\/1.png\"><span style=\"font-family: Poppins; color: #e64320;\">&nbsp; Unite de mesure<\/span><\/span><\/p>\n[\/vc_column_text][vc_row_inner][vc_column_inner width=\u00a0\u00bb1\/2&Prime;][vc_single_image image=\u00a0\u00bb482&Prime; img_size=\u00a0\u00bbfull\u00a0\u00bb][\/vc_column_inner][vc_column_inner width=\u00a0\u00bb1\/2&Prime;][vc_column_text css=\u00a0\u00bb.vc_custom_1588858469372{margin-right: 50px !important;margin-left: 50px !important;}\u00a0\u00bb]\n<h3 style=\"text-align: center;\" data-wow-duration=\"2s\"><span style=\"font-family: Poppins; font-weight: bold; font-style: normal;\">Unite de mesure<\/span><\/h3>\n<table class=\"tabproduct\" border=\"0\">\n<tbody>\n<tr>\n<td><img loading=\"lazy\" class=\"size-full wp-image-979\" src=\"https:\/\/www.fas-northafrica.com\/wp-content\/uploads\/2020\/05\/Image1.png\" alt=\"Measuring System LC MA7\" width=\"236\" height=\"237\" srcset=\"https:\/\/www.fas-northafrica.com\/wp-content\/uploads\/2020\/05\/Image1.png 236w, https:\/\/www.fas-northafrica.com\/wp-content\/uploads\/2020\/05\/Image1-150x150.png 150w\" sizes=\"(max-width: 236px) 85vw, 236px\" \/><\/td>\n<td><img loading=\"lazy\" class=\"size-full wp-image-980\" src=\"https:\/\/www.fas-northafrica.com\/wp-content\/uploads\/2020\/05\/Image2.jpg\" alt=\"Measuring System FAS-Cori 400 EU with Operator Keyboard, Printer and Hose Reel\" width=\"277\" height=\"237\"><\/td>\n<td><img loading=\"lazy\" class=\"size-medium wp-image-981\" src=\"https:\/\/www.fas-northafrica.com\/wp-content\/uploads\/2020\/05\/Image3-300x143.jpg\" alt=\"Measuring System FAS-Cori 400 EU with Operator Keyboard, Printer\" width=\"300\" height=\"143\" srcset=\"https:\/\/www.fas-northafrica.com\/wp-content\/uploads\/2020\/05\/Image3-300x143.jpg 300w, https:\/\/www.fas-northafrica.com\/wp-content\/uploads\/2020\/05\/Image3.jpg 388w\" sizes=\"(max-width: 300px) 85vw, 300px\" \/><\/td>\n<\/tr>\n<tr>\n<th>\n<p style=\"text-align: center;\"><span style=\"font-size: 12pt; font-family: Poppins;\">Syst\u00e8me de mesure LC MA7<\/span><\/p>\n<\/th>\n<th>\n<p style=\"text-align: center;\"><span style=\"font-size: 12pt; font-family: Poppins;\">Syst\u00e8me de mesure FAS-Cori 400 EU avec clavier op\u00e9rateur, imprimante et enrouleur de tuyau<\/span><\/p>\n<\/th>\n<th>\n<p style=\"text-align: center;\"><span style=\"font-size: 12pt; font-family: Poppins;\">&nbsp;Syst\u00e8me de mesure FAS-Cori 400 EU avec clavier op\u00e9rateur, imprimante&nbsp;<\/span><\/p>\n<\/th>\n<\/tr>\n<\/tbody>\n<\/table>\n<p style=\"text-align: justify;\">Les installations de mesure FAS sont particuli\u00e8rement adapt\u00e9es au processus de ravitaillement des camions-citernes, des wagons-citernes ainsi que des navires et sont disponibles en tant que kit de conversion d&rsquo;installation, mais \u00e9galement compl\u00e8tement pr\u00e9assembl\u00e9es dans la construction d&rsquo;armoires pour une installation en ext\u00e9rieur. Selon les exigences du client, un \u00e9quipement de syst\u00e8me de mesure avec clavier op\u00e9rateur, imprimante, enrouleur de tuyau, couplage s\u00e9parable, unit\u00e9 de pompe et interface de donn\u00e9es pour la connexion PC est possible.<\/p>\n<p><b>Les syst\u00e8mes de mesure suivants sont disponibles :<\/b><br><strong><span style=\"font-family: Poppins; font-size: 12pt; text-align: justify; color: #e64320;\">Installations de mesure fixes avec d\u00e9bitm\u00e8tre massique CORIOLIS pour terminaux GPL pour le ravitaillement en carburant des camions-citernes, des wagons-citernes et des navires:<\/span><\/strong><\/p>\n<ul>\n<li style=\"font-family: Poppins; font-size: 12pt;\">FAS-LPGmass, capacit\u00e9 jusqu&rsquo;\u00e0 750 l \/ min<\/li>\n<li style=\"font-family: Poppins; font-size: 12pt;\">PROMASS 80E, capacit\u00e9 jusqu&rsquo;\u00e0 5,075 l \/ min<\/li>\n<li style=\"font-family: Poppins; font-size: 12pt;\">PROMASS 83E, capacit\u00e9 jusqu&rsquo;\u00e0 5,075 l \/ min<\/li>\n<li style=\"font-family: Poppins; font-size: 12pt;\">PROMASS 84F, capacit\u00e9 jusqu&rsquo;\u00e0 5,075 l \/ min<\/li>\n<\/ul>\n<p><strong><span style=\"font-family: Poppins; font-size: 12pt; text-align: justify; color: #e64320;\">Installations de mesure fixes avec syst\u00e8me de mesure m\u00e9canique type LC pour terminaux GPL pour le ravitaillement en carburant des camions-citernes, des wagons-citernes et des navires:<\/span><\/strong><\/p>\n<ul>\n<li style=\"font-family: Poppins; font-size: 12pt;\">LC MA-5, capacit\u00e9 45-227 l \/ min<\/li>\n<li style=\"font-family: Poppins; font-size: 12pt;\">LC MA-7, capacit\u00e9 75-380 l \/ min<\/li>\n<li style=\"font-family: Poppins; font-size: 12pt;\">LC MA-15, capacit\u00e9 150-757 l \/ min<\/li>\n<li style=\"font-family: Poppins; font-size: 12pt;\">LC MA-30, capacit\u00e9 265-1.325 l \/ min<\/li>\n<li style=\"font-family: Poppins; font-size: 12pt;\">LC MA-75, capacit\u00e9 530-2.650 l \/ min<\/li>\n<li style=\"font-family: Poppins; font-size: 12pt;\">LC MA-120, capacit\u00e9 760-3,785 l \/ min<\/li>\n<\/ul>\n<p><strong><span style=\"font-family: Poppins; font-size: 12pt; text-align: justify; color: #e64320;\">Installations de mesure mobiles avec d\u00e9bitm\u00e8tre massique CORIOLIS pour camions-citernes:<\/span><\/strong><\/p>\n<ul>\n\n<li style=\"font-family: Poppins; font-size: 12pt;\">FAS-LPGmass, capacit\u00e9 jusqu&rsquo;\u00e0 750 l \/ min<\/li>\n<li style=\"font-family: Poppins; font-size: 12pt;\">PROMASS 80E, capacit\u00e9 jusqu&rsquo;\u00e0 5,075 l \/ min<\/li>\n<li style=\"font-family: Poppins; font-size: 12pt;\">PROMASS 83E, capacit\u00e9 jusqu&rsquo;\u00e0 5,075 l \/ min<\/li>\n<li style=\"font-family: Poppins; font-size: 12pt;\">PROMASS 84F, capacit\u00e9 jusqu&rsquo;\u00e0 5,075 kg \/ min<\/li>\n<\/ul>\n<p><strong><span style=\"font-family: Poppins; font-size: 12pt; text-align: justify; color: #e64320;\">Installations de mesure mobiles avec syst\u00e8me de mesure m\u00e9canique type LC pour camions-citernes:<\/span><\/strong><\/p>\n<ul>\n\n<li style=\"font-family: Poppins; font-size: 12pt;\">LC MA-5, capacit\u00e9 45-227 l \/ min<\/li>\n<li style=\"font-family: Poppins; font-size: 12pt;\">LC MA-7, capacit\u00e9 75-380 l \/ min<\/li>\n<li style=\"font-family: Poppins; font-size: 12pt;\">LC MA-15, capacit\u00e9 150-757 l \/ min.<\/li>\n<\/ul>\n<p class=\"bt-product\" style=\"background-color: #e64320; height: 35px; width: 200px; text-align: center; margin-top: 50px;\"><a href=\"https:\/\/www.fas-northafrica.com\/fr\/contact\/\"><span style=\"color: #ffffff; font-family: Poppins; font-size: 12pt;\">Demande de devis<\/span><\/a><\/p>\n[\/vc_column_text][\/vc_column_inner][\/vc_row_inner][\/vc_column][\/vc_row]\n","protected":false},"excerpt":{"rendered":"<p>[vc_row full_width=\u00a0\u00bbstretch_row_content_no_spaces\u00a0\u00bb][vc_column][rev_slider_vc alias=\u00a0\u00bbslider-home-fr\u00a0\u00bb][vc_column_text css=\u00a0\u00bb.vc_custom_1564140538620{background-color: #f5f5f5 !important;}\u00a0\u00bb] NOS PRODUITS&nbsp; &nbsp; Unite de mesure [\/vc_column_text][vc_row_inner][vc_column_inner width=\u00a0\u00bb1\/2&Prime;][vc_single_image image=\u00a0\u00bb482&Prime; img_size=\u00a0\u00bbfull\u00a0\u00bb][\/vc_column_inner][vc_column_inner width=\u00a0\u00bb1\/2&Prime;][vc_column_text css=\u00a0\u00bb.vc_custom_1588858469372{margin-right: 50px !important;margin-left: 50px !important;}\u00a0\u00bb] Unite de mesure Syst\u00e8me de mesure LC MA7 Syst\u00e8me de mesure FAS-Cori 400 EU avec clavier op\u00e9rateur, imprimante et enrouleur de tuyau &nbsp;Syst\u00e8me de mesure FAS-Cori 400 EU avec clavier op\u00e9rateur, imprimante&nbsp; Les &hellip; <a href=\"https:\/\/www.fas-northafrica.com\/fr\/products\/metering-units\/\" class=\"more-link\">Continuer la lecture<span class=\"screen-reader-text\"> de &laquo;&nbsp;Groupe de comptage et mesure GpL&nbsp;&raquo;<\/span><\/a><\/p>\n","protected":false},"author":1,"featured_media":0,"parent":312,"menu_order":0,"comment_status":"closed","ping_status":"closed","template":"","meta":[],"_links":{"self":[{"href":"https:\/\/www.fas-northafrica.com\/fr\/wp-json\/wp\/v2\/pages\/973"}],"collection":[{"href":"https:\/\/www.fas-northafrica.com\/fr\/wp-json\/wp\/v2\/pages"}],"about":[{"href":"https:\/\/www.fas-northafrica.com\/fr\/wp-json\/wp\/v2\/types\/page"}],"author":[{"embeddable":true,"href":"https:\/\/www.fas-northafrica.com\/fr\/wp-json\/wp\/v2\/users\/1"}],"replies":[{"embeddable":true,"href":"https:\/\/www.fas-northafrica.com\/fr\/wp-json\/wp\/v2\/comments?post=973"}],"version-history":[{"count":24,"href":"https:\/\/www.fas-northafrica.com\/fr\/wp-json\/wp\/v2\/pages\/973\/revisions"}],"predecessor-version":[{"id":2364,"href":"https:\/\/www.fas-northafrica.com\/fr\/wp-json\/wp\/v2\/pages\/973\/revisions\/2364"}],"up":[{"embeddable":true,"href":"https:\/\/www.fas-northafrica.com\/fr\/wp-json\/wp\/v2\/pages\/312"}],"wp:attachment":[{"href":"https:\/\/www.fas-northafrica.com\/fr\/wp-json\/wp\/v2\/media?parent=973"}],"curies":[{"name":"wp","href":"https:\/\/api.w.org\/{rel}","templated":true}]}}